{"id":18867,"date":"2024-11-13T16:28:26","date_gmt":"2024-11-13T08:28:26","guid":{"rendered":"https:\/\/chemneo.com\/product\/18867.html"},"modified":"2024-11-13T16:28:26","modified_gmt":"2024-11-13T08:28:26","slug":"2-ethoxypyrazine-cas-38028-67-0","status":"publish","type":"product","link":"https:\/\/chemneo.com\/pt\/product\/18867.html","title":{"rendered":"2-ethoxypyrazine cas 38028-67-0"},"content":{"rendered":"<p>Descri\u00e7\u00e3o<\/p>\n<p>\t2-Ethoxypyrazine quick Details<br \/>\nChemical Name: 2-EthoxypyrazineCAS No.:38028-67-0Molecular Fomula:C6H8N2O<br \/>\nChemical Structure:<br \/>\nPeso molecular: 124,14<br \/>\nAspeto: L\u00edquido amarelo p\u00e1lido<br \/>\nEnsaio: 98%min<br \/>\n2-Ethoxypyrazinetypical Properties<\/p>\n<p>Ponto de ebuli\u00e7\u00e3o<br \/>\n92 \u00b0C \/ 90mmHg<\/p>\n<p>Densidade<br \/>\n1.07<\/p>\n<p>\u00cdndice de refra\u00e7\u00e3o<br \/>\n1.4997<\/p>\n<p>CAS Database<br \/>\n38028-67-0(CAS DataBase Reference)<\/p>\n<p>NISTChemical Information<br \/>\n2-Ethoxypyrazine(38028-67-0)<\/p>\n<p>2-Ethoxypyrazine Usage<br \/>\nUsed as a daily food flavour<br \/>\n2-Ethoxypyrazine Packaging and Shipping<br \/>\nPacking: iron drums with PVF coated, 50kg net<br \/>\nDelivery: by air ,by sea<br \/>\n2-Ethoxypyrazine Storage<br \/>\nStored in a cool dry place away fromdirect sunlight<\/p>","protected":false},"excerpt":{"rendered":"<p>Chemical Name: 2-EthoxypyrazineCAS No.:38028-67-0Molecular Fomula:C6H8N2O<br \/>\nPeso molecular: 124,14<br \/>\nAspeto: L\u00edquido amarelo p\u00e1lido<br \/>\nEnsaio: 98%min<\/p>","protected":false},"featured_media":18866,"comment_status":"open","ping_status":"closed","template":"","meta":[],"product_brand":[],"product_cat":[17],"product_tag":[],"class_list":{"0":"post-18867","1":"product","2":"type-product","3":"status-publish","4":"has-post-thumbnail","6":"product_cat-uncategorized","8":"first","9":"instock","10":"shipping-taxable","11":"product-type-simple"},"_links":{"self":[{"href":"https:\/\/chemneo.com\/pt\/wp-json\/wp\/v2\/product\/18867","targetHints":{"allow":["GET"]}}],"collection":[{"href":"https:\/\/chemneo.com\/pt\/wp-json\/wp\/v2\/product"}],"about":[{"href":"https:\/\/chemneo.com\/pt\/wp-json\/wp\/v2\/types\/product"}],"replies":[{"embeddable":true,"href":"https:\/\/chemneo.com\/pt\/wp-json\/wp\/v2\/comments?post=18867"}],"wp:featuredmedia":[{"embeddable":true,"href":"https:\/\/chemneo.com\/pt\/wp-json\/wp\/v2\/media\/18866"}],"wp:attachment":[{"href":"https:\/\/chemneo.com\/pt\/wp-json\/wp\/v2\/media?parent=18867"}],"wp:term":[{"taxonomy":"product_brand","embeddable":true,"href":"https:\/\/chemneo.com\/pt\/wp-json\/wp\/v2\/product_brand?post=18867"},{"taxonomy":"product_cat","embeddable":true,"href":"https:\/\/chemneo.com\/pt\/wp-json\/wp\/v2\/product_cat?post=18867"},{"taxonomy":"product_tag","embeddable":true,"href":"https:\/\/chemneo.com\/pt\/wp-json\/wp\/v2\/product_tag?post=18867"}],"curies":[{"name":"wp","href":"https:\/\/api.w.org\/{rel}","templated":true}]}}