{"id":18873,"date":"2024-11-13T16:28:30","date_gmt":"2024-11-13T08:28:30","guid":{"rendered":"https:\/\/chemneo.com\/product\/18873.html"},"modified":"2024-11-13T16:28:30","modified_gmt":"2024-11-13T08:28:30","slug":"r-alpha-lipoic-acid-cas-1200-22-2","status":"publish","type":"product","link":"https:\/\/chemneo.com\/pt\/product\/18873.html","title":{"rendered":"R-(+)-alpha-Lipoic acid CAS 1200-22-2"},"content":{"rendered":"<p>Descri\u00e7\u00e3o<\/p>\n<p>\tR-(+)-alpha-Lipoic acid Details<br \/>\nChemical Name: R-(+)-alpha-Lipoic acid<br \/>\nSynonyms: (R)-(+)-1,2-Dithiolane-3-pentanoic acid<br \/>\nCAS No.: 1200-22-2<br \/>\nMolecular Formula: C8H14O2S2<br \/>\nMolecular Weight: 206.33<br \/>\nMolecular\u00a0Structure:<br \/>\nAspeto: P\u00f3<br \/>\nR-(+)-alpha-Lipoic acid Typical Properties<\/p>\n<p>Ponto de fus\u00e3o<br \/>\n79-81\u00a0\u00b0C5\u00a0mm Hg(lit.)<\/p>\n<p>Ponto de ebuli\u00e7\u00e3o<br \/>\n185-195 \u00b0C(Press: 0.5 Torr)<\/p>\n<p>Densidade<br \/>\n1.218\u00b10.06 g\/cm3(Predicted)<\/p>\n<p>Ponto de inflama\u00e7\u00e3o<br \/>\n>230\u00a0\u00b0F<\/p>\n<p>\u00cdndice de refra\u00e7\u00e3o<br \/>\n114 \u00b0 (C=1, EtOH)<\/p>\n<p>Armazenamento<br \/>\n-20\u00b0C<\/p>\n<p>Apar\u00eancia<br \/>\nP\u00f3<\/p>\n<p>Colour<br \/>\nYellow<\/p>\n<p>R-(+)-alpha-Lipoic acid Usage<br \/>\nIt is an endogenous antioxidant that can remove free radicals from the body. Mainly used as pharmaceutical intermediates.<br \/>\nR-(+)-alpha-Lipoic acid Packaging and Shipping<br \/>\nPacking: 25KG\/Drum<br \/>\nR-(+)-alpha-Lipoic acid Storage<br \/>\nKeep in a well-closed,light-resistant, dry and cool place.<\/p>","protected":false},"excerpt":{"rendered":"<p>Chemical Name: R-(+)-alpha-Lipoic acid<br \/>\nSynonyms: (R)-(+)-1,2-Dithiolane-3-pentanoic acid<br \/>\nCAS No.: 1200-22-2<br \/>\nMolecular Formula: C8H14O2S2<br \/>\nMolecular Weight: 206.33<br \/>\nAspeto: P\u00f3<\/p>","protected":false},"featured_media":18872,"comment_status":"open","ping_status":"closed","template":"","meta":[],"product_brand":[],"product_cat":[17],"product_tag":[],"class_list":{"0":"post-18873","1":"product","2":"type-product","3":"status-publish","4":"has-post-thumbnail","6":"product_cat-uncategorized","8":"first","9":"instock","10":"shipping-taxable","11":"product-type-simple"},"_links":{"self":[{"href":"https:\/\/chemneo.com\/pt\/wp-json\/wp\/v2\/product\/18873","targetHints":{"allow":["GET"]}}],"collection":[{"href":"https:\/\/chemneo.com\/pt\/wp-json\/wp\/v2\/product"}],"about":[{"href":"https:\/\/chemneo.com\/pt\/wp-json\/wp\/v2\/types\/product"}],"replies":[{"embeddable":true,"href":"https:\/\/chemneo.com\/pt\/wp-json\/wp\/v2\/comments?post=18873"}],"wp:featuredmedia":[{"embeddable":true,"href":"https:\/\/chemneo.com\/pt\/wp-json\/wp\/v2\/media\/18872"}],"wp:attachment":[{"href":"https:\/\/chemneo.com\/pt\/wp-json\/wp\/v2\/media?parent=18873"}],"wp:term":[{"taxonomy":"product_brand","embeddable":true,"href":"https:\/\/chemneo.com\/pt\/wp-json\/wp\/v2\/product_brand?post=18873"},{"taxonomy":"product_cat","embeddable":true,"href":"https:\/\/chemneo.com\/pt\/wp-json\/wp\/v2\/product_cat?post=18873"},{"taxonomy":"product_tag","embeddable":true,"href":"https:\/\/chemneo.com\/pt\/wp-json\/wp\/v2\/product_tag?post=18873"}],"curies":[{"name":"wp","href":"https:\/\/api.w.org\/{rel}","templated":true}]}}