{"id":22753,"date":"2024-12-02T15:11:59","date_gmt":"2024-12-02T07:11:59","guid":{"rendered":"https:\/\/chemneo.com\/product\/22753.html"},"modified":"2024-12-02T15:12:00","modified_gmt":"2024-12-02T07:12:00","slug":"4-amino-3-nitropyridine","status":"publish","type":"product","link":"https:\/\/chemneo.com\/pt\/product\/22753.html","title":{"rendered":"4-Amino-3-nitropiridina"},"content":{"rendered":"<p>Propriedades qu\u00edmicas<\/p>\n<p>                        Melting point<br \/>\n                        203-207 \u00b0C (lit.)<\/p>\n<p>                        Ponto de ebuli\u00e7\u00e3o<br \/>\n                        255.04\u00b0C (rough estimate)<\/p>\n<p>                        Densidade\u00a0<br \/>\n                        1.4551 (rough estimate)<\/p>\n<p>                        \u00edndice de refra\u00e7\u00e3o\u00a0<br \/>\n                        1.5900 (estimate)<\/p>\n<p>                        storage temp.\u00a0<br \/>\n                        Keep in dark place,Inert atmosphere,Room temperature<\/p>\n<p>                        forma\u00a0<br \/>\n                        Crystalline Powder<\/p>\n<p>                        pka<br \/>\n                        5.02\u00b10.12(Predicted)<\/p>\n<p>                        color\u00a0<br \/>\n                        Yellow<\/p>\n<p>                        Water Solubility\u00a0<br \/>\n                        Insoluble in water.<\/p>\n<p>                        BRN\u00a0<br \/>\n                        383710<\/p>\n<p>                        InChIKey<br \/>\n                        IUPPEELMBOPLDJ-UHFFFAOYSA-N<\/p>\n<p>                        CAS DataBase Reference<br \/>\n                        1681-37-4(CAS DataBase Reference)<\/p>","protected":false},"excerpt":{"rendered":"<p>Nome do produto: 4-Amino-3-nitropiridina<br \/>CAS\uff1a1681-37-4<br \/>MFC5H5N3O2<br \/>MW\uff1a139.11<br \/>EINECS\uff1a605-505-5<br \/>Ficheiro MOL\uff1a1681-37-4.mol<\/p>","protected":false},"featured_media":22752,"comment_status":"open","ping_status":"closed","template":"","meta":[],"product_brand":[],"product_cat":[17],"product_tag":[],"class_list":{"0":"post-22753","1":"product","2":"type-product","3":"status-publish","4":"has-post-thumbnail","6":"product_cat-uncategorized","8":"first","9":"instock","10":"shipping-taxable","11":"product-type-simple"},"_links":{"self":[{"href":"https:\/\/chemneo.com\/pt\/wp-json\/wp\/v2\/product\/22753","targetHints":{"allow":["GET"]}}],"collection":[{"href":"https:\/\/chemneo.com\/pt\/wp-json\/wp\/v2\/product"}],"about":[{"href":"https:\/\/chemneo.com\/pt\/wp-json\/wp\/v2\/types\/product"}],"replies":[{"embeddable":true,"href":"https:\/\/chemneo.com\/pt\/wp-json\/wp\/v2\/comments?post=22753"}],"wp:featuredmedia":[{"embeddable":true,"href":"https:\/\/chemneo.com\/pt\/wp-json\/wp\/v2\/media\/22752"}],"wp:attachment":[{"href":"https:\/\/chemneo.com\/pt\/wp-json\/wp\/v2\/media?parent=22753"}],"wp:term":[{"taxonomy":"product_brand","embeddable":true,"href":"https:\/\/chemneo.com\/pt\/wp-json\/wp\/v2\/product_brand?post=22753"},{"taxonomy":"product_cat","embeddable":true,"href":"https:\/\/chemneo.com\/pt\/wp-json\/wp\/v2\/product_cat?post=22753"},{"taxonomy":"product_tag","embeddable":true,"href":"https:\/\/chemneo.com\/pt\/wp-json\/wp\/v2\/product_tag?post=22753"}],"curies":[{"name":"wp","href":"https:\/\/api.w.org\/{rel}","templated":true}]}}