{"id":22755,"date":"2024-12-02T15:12:00","date_gmt":"2024-12-02T07:12:00","guid":{"rendered":"https:\/\/chemneo.com\/product\/22755.html"},"modified":"2024-12-02T15:12:02","modified_gmt":"2024-12-02T07:12:02","slug":"6-amino-2-methylquinoline","status":"publish","type":"product","link":"https:\/\/chemneo.com\/pt\/product\/22755.html","title":{"rendered":"6-AMINO-2-METILQUINOLINA"},"content":{"rendered":"<p>Propriedades qu\u00edmicas<\/p>\n<p>                        Melting point<br \/>\n                        186-188 \u00b0C<\/p>\n<p>                        Ponto de ebuli\u00e7\u00e3o<br \/>\n                        273.29\u00b0C (rough estimate)<\/p>\n<p>                        Densidade\u00a0<br \/>\n                        1.1192 (rough estimate)<\/p>\n<p>                        \u00edndice de refra\u00e7\u00e3o\u00a0<br \/>\n                        1.6392 (estimate)<\/p>\n<p>                        storage temp.\u00a0<br \/>\n                        Keep in dark place,Sealed in dry,Room Temperature<\/p>\n<p>                        forma\u00a0<br \/>\n                        powder to crystal<\/p>\n<p>                        pka<br \/>\n                        6.47\u00b10.43(Predicted)<\/p>\n<p>                        color\u00a0<br \/>\n                        Light yellow to Yellow to Green<\/p>\n<p>                        Water Solubility\u00a0<br \/>\n                        Soluble in water.<\/p>\n<p>                        BRN\u00a0<br \/>\n                        114795<\/p>\n<p>                        CAS DataBase Reference<br \/>\n                        65079-19-8(CAS DataBase Reference)<\/p>\n<p>                        Sistema de Registo de Subst\u00e2ncias da EPA<br \/>\n                        6-Quinolinamine, 2-methyl- (65079-19-8)<\/p>","protected":false},"excerpt":{"rendered":"<p>Nome do produto\uff1a6-AMINO-2-METHYLQUINOLINE<br \/>CAS\uff1a65079-19-8<br \/>MFC10H10N2<br \/>MW\uff1a158.2<br \/>EINECS\uff1a672-738-7<br \/>Ficheiro MOL\uff1a65079-19-8.mol<\/p>","protected":false},"featured_media":22754,"comment_status":"open","ping_status":"closed","template":"","meta":[],"product_brand":[],"product_cat":[17],"product_tag":[],"class_list":{"0":"post-22755","1":"product","2":"type-product","3":"status-publish","4":"has-post-thumbnail","6":"product_cat-uncategorized","8":"first","9":"instock","10":"shipping-taxable","11":"product-type-simple"},"_links":{"self":[{"href":"https:\/\/chemneo.com\/pt\/wp-json\/wp\/v2\/product\/22755","targetHints":{"allow":["GET"]}}],"collection":[{"href":"https:\/\/chemneo.com\/pt\/wp-json\/wp\/v2\/product"}],"about":[{"href":"https:\/\/chemneo.com\/pt\/wp-json\/wp\/v2\/types\/product"}],"replies":[{"embeddable":true,"href":"https:\/\/chemneo.com\/pt\/wp-json\/wp\/v2\/comments?post=22755"}],"wp:featuredmedia":[{"embeddable":true,"href":"https:\/\/chemneo.com\/pt\/wp-json\/wp\/v2\/media\/22754"}],"wp:attachment":[{"href":"https:\/\/chemneo.com\/pt\/wp-json\/wp\/v2\/media?parent=22755"}],"wp:term":[{"taxonomy":"product_brand","embeddable":true,"href":"https:\/\/chemneo.com\/pt\/wp-json\/wp\/v2\/product_brand?post=22755"},{"taxonomy":"product_cat","embeddable":true,"href":"https:\/\/chemneo.com\/pt\/wp-json\/wp\/v2\/product_cat?post=22755"},{"taxonomy":"product_tag","embeddable":true,"href":"https:\/\/chemneo.com\/pt\/wp-json\/wp\/v2\/product_tag?post=22755"}],"curies":[{"name":"wp","href":"https:\/\/api.w.org\/{rel}","templated":true}]}}