{"id":22757,"date":"2024-12-02T15:12:02","date_gmt":"2024-12-02T07:12:02","guid":{"rendered":"https:\/\/chemneo.com\/product\/22757.html"},"modified":"2024-12-02T15:12:03","modified_gmt":"2024-12-02T07:12:03","slug":"3-ethylpyridine","status":"publish","type":"product","link":"https:\/\/chemneo.com\/pt\/product\/22757.html","title":{"rendered":"3-Etilpiridina"},"content":{"rendered":"<p>Propriedades qu\u00edmicas<\/p>\n<p>                        Melting point<br \/>\n                        -77 \u00b0C<\/p>\n<p>                        Ponto de ebuli\u00e7\u00e3o<br \/>\n                        163-166 \u00b0C (lit.)<\/p>\n<p>                        Densidade\u00a0<br \/>\n                        0.954 g\/mL at 25 \u00b0C (lit.)<\/p>\n<p>                        \u00edndice de refra\u00e7\u00e3o\u00a0<br \/>\n                        n20\/D 1.502(lit.)<\/p>\n<p>                        FEMA\u00a0<br \/>\n                        3394 | 3-ETHYLPYRIDINE<\/p>\n<p>                        Ponto de inflama\u00e7\u00e3o<br \/>\n                        120\u00a0\u00b0F<\/p>\n<p>                        solubility\u00a0<br \/>\n                        alcohol: freely soluble<\/p>\n<p>                        pka<br \/>\n                        pK1:5.80(+1) (20\u00b0C)<\/p>\n<p>                        forma\u00a0<br \/>\n                        clear liquid<\/p>\n<p>                        color\u00a0<br \/>\n                        Colorless to Almost colorless<\/p>\n<p>                        Gravidade espec\u00edfica<br \/>\n                        0.954<\/p>\n<p>                        Odor<br \/>\n                        at 0.10 % in dipropylene glycol. tobacco oakmoss leather<\/p>\n<p>                        Odor Type<br \/>\n                        tobacco<\/p>\n<p>                        Water Solubility\u00a0<br \/>\n                        270.1g\/L(196 \u00baC)<\/p>\n<p>                        Sensitive\u00a0<br \/>\n                        Hygroscopic<\/p>\n<p>                        JECFA Number<br \/>\n                        1315<\/p>\n<p>                        Merck\u00a0<br \/>\n                        14,3848<\/p>\n<p>                        BRN\u00a0<br \/>\n                        106479<\/p>\n<p>                        Estabilidade<br \/>\n                        Stable. Flammable. Incompatible with strong oxidizing agents, strong acids. May be moisture sensitive.<\/p>\n<p>                        LogP<br \/>\n                        1.66<\/p>\n<p>                        CAS DataBase Reference<br \/>\n                        536-78-7(CAS DataBase Reference)<\/p>\n<p>                        NIST Chemistry Reference<br \/>\n                        3-(C2H5)-pyridine(536-78-7)<\/p>\n<p>                        Sistema de Registo de Subst\u00e2ncias da EPA<br \/>\n                        3-Ethylpyridine (536-78-7)<\/p>\n<p>                show less<br \/>\n                show more<\/p>","protected":false},"excerpt":{"rendered":"<p>Product Name\uff1a3-Ethylpyridine<br \/>CAS\uff1a536-78-7<br \/>MFC7H9N<br \/>MW\uff1a107.15<br \/>EINECS\uff1a208-647-2<br \/>MOL File\uff1a536-78-7.mol<\/p>","protected":false},"featured_media":22756,"comment_status":"open","ping_status":"closed","template":"","meta":[],"product_brand":[],"product_cat":[17],"product_tag":[],"class_list":{"0":"post-22757","1":"product","2":"type-product","3":"status-publish","4":"has-post-thumbnail","6":"product_cat-uncategorized","8":"first","9":"instock","10":"shipping-taxable","11":"product-type-simple"},"_links":{"self":[{"href":"https:\/\/chemneo.com\/pt\/wp-json\/wp\/v2\/product\/22757","targetHints":{"allow":["GET"]}}],"collection":[{"href":"https:\/\/chemneo.com\/pt\/wp-json\/wp\/v2\/product"}],"about":[{"href":"https:\/\/chemneo.com\/pt\/wp-json\/wp\/v2\/types\/product"}],"replies":[{"embeddable":true,"href":"https:\/\/chemneo.com\/pt\/wp-json\/wp\/v2\/comments?post=22757"}],"wp:featuredmedia":[{"embeddable":true,"href":"https:\/\/chemneo.com\/pt\/wp-json\/wp\/v2\/media\/22756"}],"wp:attachment":[{"href":"https:\/\/chemneo.com\/pt\/wp-json\/wp\/v2\/media?parent=22757"}],"wp:term":[{"taxonomy":"product_brand","embeddable":true,"href":"https:\/\/chemneo.com\/pt\/wp-json\/wp\/v2\/product_brand?post=22757"},{"taxonomy":"product_cat","embeddable":true,"href":"https:\/\/chemneo.com\/pt\/wp-json\/wp\/v2\/product_cat?post=22757"},{"taxonomy":"product_tag","embeddable":true,"href":"https:\/\/chemneo.com\/pt\/wp-json\/wp\/v2\/product_tag?post=22757"}],"curies":[{"name":"wp","href":"https:\/\/api.w.org\/{rel}","templated":true}]}}