{"id":22789,"date":"2024-12-02T15:12:24","date_gmt":"2024-12-02T07:12:24","guid":{"rendered":"https:\/\/chemneo.com\/product\/22789.html"},"modified":"2024-12-02T15:12:25","modified_gmt":"2024-12-02T07:12:25","slug":"quinoline-8-sulfonic-acid","status":"publish","type":"product","link":"https:\/\/chemneo.com\/pt\/product\/22789.html","title":{"rendered":"\u00c1CIDO QUINOLINA-8-SULF\u00d3NICO"},"content":{"rendered":"<p>Propriedades qu\u00edmicas<\/p>\n<p>                        Melting point<br \/>\n                        >300\u00b0C<\/p>\n<p>                        Densidade\u00a0<br \/>\n                        1.62 g\/cm3<\/p>\n<p>                        storage temp.\u00a0<br \/>\n                        Sealed in dry,Room Temperature<\/p>\n<p>                        pka<br \/>\n                        -1.83\u00b10.40(Predicted)<\/p>\n<p>                        BRN\u00a0<br \/>\n                        9501<\/p>\n<p>                        InChIKey<br \/>\n                        SXVRECLPTCOMIA-UHFFFAOYSA-N<\/p>\n<p>                        Sistema de Registo de Subst\u00e2ncias da EPA<br \/>\n                        8-Quinolinesulfonic acid (85-48-3)<\/p>","protected":false},"excerpt":{"rendered":"<p>Product Name\uff1aQUINOLINE-8-SULFONIC ACID<br \/>CAS\uff1a85-48-3<br \/>MFC9H7NO3S<br \/>MW\uff1a209.22<br \/>EINECS\uff1a201-611-7<br \/>MOL File\uff1a85-48-3.mol<\/p>","protected":false},"featured_media":22788,"comment_status":"open","ping_status":"closed","template":"","meta":[],"product_brand":[],"product_cat":[17],"product_tag":[],"class_list":{"0":"post-22789","1":"product","2":"type-product","3":"status-publish","4":"has-post-thumbnail","6":"product_cat-uncategorized","8":"first","9":"instock","10":"shipping-taxable","11":"product-type-simple"},"_links":{"self":[{"href":"https:\/\/chemneo.com\/pt\/wp-json\/wp\/v2\/product\/22789","targetHints":{"allow":["GET"]}}],"collection":[{"href":"https:\/\/chemneo.com\/pt\/wp-json\/wp\/v2\/product"}],"about":[{"href":"https:\/\/chemneo.com\/pt\/wp-json\/wp\/v2\/types\/product"}],"replies":[{"embeddable":true,"href":"https:\/\/chemneo.com\/pt\/wp-json\/wp\/v2\/comments?post=22789"}],"wp:featuredmedia":[{"embeddable":true,"href":"https:\/\/chemneo.com\/pt\/wp-json\/wp\/v2\/media\/22788"}],"wp:attachment":[{"href":"https:\/\/chemneo.com\/pt\/wp-json\/wp\/v2\/media?parent=22789"}],"wp:term":[{"taxonomy":"product_brand","embeddable":true,"href":"https:\/\/chemneo.com\/pt\/wp-json\/wp\/v2\/product_brand?post=22789"},{"taxonomy":"product_cat","embeddable":true,"href":"https:\/\/chemneo.com\/pt\/wp-json\/wp\/v2\/product_cat?post=22789"},{"taxonomy":"product_tag","embeddable":true,"href":"https:\/\/chemneo.com\/pt\/wp-json\/wp\/v2\/product_tag?post=22789"}],"curies":[{"name":"wp","href":"https:\/\/api.w.org\/{rel}","templated":true}]}}