{"id":22795,"date":"2024-12-02T15:12:28","date_gmt":"2024-12-02T07:12:28","guid":{"rendered":"https:\/\/chemneo.com\/product\/22795.html"},"modified":"2024-12-02T15:12:29","modified_gmt":"2024-12-02T07:12:29","slug":"246-trichloropyrimidine","status":"publish","type":"product","link":"https:\/\/chemneo.com\/pt\/product\/22795.html","title":{"rendered":"2,4,6-Tricloropirimidina"},"content":{"rendered":"<p>Propriedades qu\u00edmicas<\/p>\n<p>                        Melting point<br \/>\n                        23-25 \u00b0C (lit.)<\/p>\n<p>                        Ponto de ebuli\u00e7\u00e3o<br \/>\n                        210-215 \u00b0C (lit.)<\/p>\n<p>                        Densidade\u00a0<br \/>\n                        1.595 g\/mL at 20 \u00b0C (lit.)<\/p>\n<p>                        \u00edndice de refra\u00e7\u00e3o\u00a0<br \/>\n                        n20\/D 1.57(lit.)<\/p>\n<p>                        Ponto de inflama\u00e7\u00e3o<br \/>\n                        >230\u00a0\u00b0F<\/p>\n<p>                        storage temp.\u00a0<br \/>\n                        Keep in dark place,Sealed in dry,Room Temperature<\/p>\n<p>                        solubility\u00a0<br \/>\n                        Chloroform, Ethyl Acetate<\/p>\n<p>                        forma\u00a0<br \/>\n                        Liquid After Melting<\/p>\n<p>                        pka<br \/>\n                        -7.14\u00b10.30(Predicted)<\/p>\n<p>                        color\u00a0<br \/>\n                        Clear colorless to yellow<\/p>\n<p>                        Water Solubility\u00a0<br \/>\n                        Insoluble in water.<\/p>\n<p>                        FreezingPoint\u00a0<br \/>\n                        21.0 to 23.0 \u2103<\/p>\n<p>                        BRN\u00a0<br \/>\n                        118284<\/p>\n<p>                        InChIKey<br \/>\n                        DPVIABCMTHHTGB-UHFFFAOYSA-N<\/p>\n<p>                        CAS DataBase Reference<br \/>\n                        3764-01-0(CAS DataBase Reference)<\/p>\n<p>                        NIST Chemistry Reference<br \/>\n                        Pyrimidine, 2,4,6-trichloro-(3764-01-0)<\/p>\n<p>                        Sistema de Registo de Subst\u00e2ncias da EPA<br \/>\n                        Pyrimidine, 2,4,6-trichloro- (3764-01-0)<\/p>","protected":false},"excerpt":{"rendered":"<p>Nome do produto\uff1a2<br \/>4<br \/>6-Tricloropirimidina<br \/>CAS\uff1a3764-01-0<br \/>MFC4HCl3N2<br \/>MW\uff1a183.42<br \/>EINECS\uff1a223-183-0<br \/>Ficheiro MOL\uff1a3764-01-0.mol<\/p>","protected":false},"featured_media":22794,"comment_status":"open","ping_status":"closed","template":"","meta":[],"product_brand":[],"product_cat":[17],"product_tag":[],"class_list":{"0":"post-22795","1":"product","2":"type-product","3":"status-publish","4":"has-post-thumbnail","6":"product_cat-uncategorized","8":"first","9":"instock","10":"shipping-taxable","11":"product-type-simple"},"_links":{"self":[{"href":"https:\/\/chemneo.com\/pt\/wp-json\/wp\/v2\/product\/22795","targetHints":{"allow":["GET"]}}],"collection":[{"href":"https:\/\/chemneo.com\/pt\/wp-json\/wp\/v2\/product"}],"about":[{"href":"https:\/\/chemneo.com\/pt\/wp-json\/wp\/v2\/types\/product"}],"replies":[{"embeddable":true,"href":"https:\/\/chemneo.com\/pt\/wp-json\/wp\/v2\/comments?post=22795"}],"wp:featuredmedia":[{"embeddable":true,"href":"https:\/\/chemneo.com\/pt\/wp-json\/wp\/v2\/media\/22794"}],"wp:attachment":[{"href":"https:\/\/chemneo.com\/pt\/wp-json\/wp\/v2\/media?parent=22795"}],"wp:term":[{"taxonomy":"product_brand","embeddable":true,"href":"https:\/\/chemneo.com\/pt\/wp-json\/wp\/v2\/product_brand?post=22795"},{"taxonomy":"product_cat","embeddable":true,"href":"https:\/\/chemneo.com\/pt\/wp-json\/wp\/v2\/product_cat?post=22795"},{"taxonomy":"product_tag","embeddable":true,"href":"https:\/\/chemneo.com\/pt\/wp-json\/wp\/v2\/product_tag?post=22795"}],"curies":[{"name":"wp","href":"https:\/\/api.w.org\/{rel}","templated":true}]}}