{"id":22803,"date":"2024-12-02T15:12:34","date_gmt":"2024-12-02T07:12:34","guid":{"rendered":"https:\/\/chemneo.com\/product\/22803.html"},"modified":"2024-12-02T15:12:35","modified_gmt":"2024-12-02T07:12:35","slug":"5-bromopyrimidine-2-carboxylic-acid","status":"publish","type":"product","link":"https:\/\/chemneo.com\/pt\/product\/22803.html","title":{"rendered":"\u00c1CIDO 5-BROMOPIRIMIDINA-2-CARBOX\u00cdLICO"},"content":{"rendered":"<p>Propriedades qu\u00edmicas<\/p>\n<p>                        Melting point<br \/>\n                        193-198\u2103<\/p>\n<p>                        Ponto de ebuli\u00e7\u00e3o<br \/>\n                        419.7\u00b137.0 \u00b0C(Predicted)<\/p>\n<p>                        Densidade\u00a0<br \/>\n                        1.940\u00b10.06 g\/cm3(Predicted)<\/p>\n<p>                        storage temp.\u00a0<br \/>\n                        Keep in dark place,Sealed in dry,Room Temperature<\/p>\n<p>                        pka<br \/>\n                        2.85\u00b10.10(Predicted)<\/p>\n<p>                        forma\u00a0<br \/>\n                        Solid<\/p>\n<p>                        Water Solubility\u00a0<br \/>\n                        Slightly soluble in water.<\/p>\n<p>                        InChI<br \/>\n                        InChI=1S\/C5H3BrN2O2\/c6-3-1-7-4(5(9)10)8-2-3\/h1-2H,(H,9,10)<\/p>\n<p>                        InChIKey<br \/>\n                        XGPTXUYKEDPXCO-UHFFFAOYSA-N<\/p>\n<p>                        SMILES<br \/>\n                        C1(C(O)=O)=NC=C(Br)C=N1<\/p>","protected":false},"excerpt":{"rendered":"<p>Nome do produto: \u00c1cido 5-BROMOPYRIMIDINE-2-CARBOXYLIC<br \/>CAS\uff1a37131-87-6<br \/>MFC5H3BrN2O2<br \/>MW\uff1a202.99<br \/>EINECS\uff1a<br \/>Ficheiro MOL\uff1a37131-87-6.mol<\/p>","protected":false},"featured_media":22802,"comment_status":"open","ping_status":"closed","template":"","meta":[],"product_brand":[],"product_cat":[17],"product_tag":[],"class_list":{"0":"post-22803","1":"product","2":"type-product","3":"status-publish","4":"has-post-thumbnail","6":"product_cat-uncategorized","8":"first","9":"instock","10":"shipping-taxable","11":"product-type-simple"},"_links":{"self":[{"href":"https:\/\/chemneo.com\/pt\/wp-json\/wp\/v2\/product\/22803","targetHints":{"allow":["GET"]}}],"collection":[{"href":"https:\/\/chemneo.com\/pt\/wp-json\/wp\/v2\/product"}],"about":[{"href":"https:\/\/chemneo.com\/pt\/wp-json\/wp\/v2\/types\/product"}],"replies":[{"embeddable":true,"href":"https:\/\/chemneo.com\/pt\/wp-json\/wp\/v2\/comments?post=22803"}],"wp:featuredmedia":[{"embeddable":true,"href":"https:\/\/chemneo.com\/pt\/wp-json\/wp\/v2\/media\/22802"}],"wp:attachment":[{"href":"https:\/\/chemneo.com\/pt\/wp-json\/wp\/v2\/media?parent=22803"}],"wp:term":[{"taxonomy":"product_brand","embeddable":true,"href":"https:\/\/chemneo.com\/pt\/wp-json\/wp\/v2\/product_brand?post=22803"},{"taxonomy":"product_cat","embeddable":true,"href":"https:\/\/chemneo.com\/pt\/wp-json\/wp\/v2\/product_cat?post=22803"},{"taxonomy":"product_tag","embeddable":true,"href":"https:\/\/chemneo.com\/pt\/wp-json\/wp\/v2\/product_tag?post=22803"}],"curies":[{"name":"wp","href":"https:\/\/api.w.org\/{rel}","templated":true}]}}