{"id":22817,"date":"2024-12-02T15:12:44","date_gmt":"2024-12-02T07:12:44","guid":{"rendered":"https:\/\/chemneo.com\/product\/22817.html"},"modified":"2024-12-02T15:12:46","modified_gmt":"2024-12-02T07:12:46","slug":"46-dihydroxy-5-nitropyrimidine","status":"publish","type":"product","link":"https:\/\/chemneo.com\/pt\/product\/22817.html","title":{"rendered":"4,6-DI-HIDROXI-5-NITROPIRIMIDINA"},"content":{"rendered":"<p>Propriedades qu\u00edmicas<\/p>\n<p>                        Melting point<br \/>\n                        >300\u00a0\u00b0C(lit.)<\/p>\n<p>                        Ponto de ebuli\u00e7\u00e3o<br \/>\n                        281.7\u00b0C (rough estimate)<\/p>\n<p>                        Densidade\u00a0<br \/>\n                        1.8278 (rough estimate)<\/p>\n<p>                        \u00edndice de refra\u00e7\u00e3o\u00a0<br \/>\n                        1.5000 (estimate)<\/p>\n<p>                        storage temp.\u00a0<br \/>\n                        Inert atmosphere,Room Temperature<\/p>\n<p>                        forma\u00a0<br \/>\n                        Crystalline Powder<\/p>\n<p>                        pka<br \/>\n                        0.94\u00b10.10(Predicted)<\/p>\n<p>                        color\u00a0<br \/>\n                        Yellow<\/p>\n<p>                        BRN\u00a0<br \/>\n                        611622<\/p>\n<p>                        InChIKey<br \/>\n                        ABTLZAVJDRUDNG-UHFFFAOYSA-N<\/p>\n<p>                        CAS DataBase Reference<br \/>\n                        2164-83-2(CAS DataBase Reference)<\/p>\n<p>                        Sistema de Registo de Subst\u00e2ncias da EPA<br \/>\n                        6-Hydroxy-5-nitro-4(1H)-pyrimidinone (2164-83-2)<\/p>","protected":false},"excerpt":{"rendered":"<p>Nome do produto\uff1a4<br \/>6-DI-HIDROXI-5-NITROPIRIMIDINA<br \/>CAS\uff1a2164-83-2<br \/>MFC4H3N3O4<br \/>MW\uff1a157.08<br \/>EINECS\uff1a218-504-6<br \/>Ficheiro MOL\uff1a2164-83-2.mol<\/p>","protected":false},"featured_media":22816,"comment_status":"open","ping_status":"closed","template":"","meta":[],"product_brand":[],"product_cat":[17],"product_tag":[],"class_list":{"0":"post-22817","1":"product","2":"type-product","3":"status-publish","4":"has-post-thumbnail","6":"product_cat-uncategorized","8":"first","9":"instock","10":"shipping-taxable","11":"product-type-simple"},"_links":{"self":[{"href":"https:\/\/chemneo.com\/pt\/wp-json\/wp\/v2\/product\/22817","targetHints":{"allow":["GET"]}}],"collection":[{"href":"https:\/\/chemneo.com\/pt\/wp-json\/wp\/v2\/product"}],"about":[{"href":"https:\/\/chemneo.com\/pt\/wp-json\/wp\/v2\/types\/product"}],"replies":[{"embeddable":true,"href":"https:\/\/chemneo.com\/pt\/wp-json\/wp\/v2\/comments?post=22817"}],"wp:featuredmedia":[{"embeddable":true,"href":"https:\/\/chemneo.com\/pt\/wp-json\/wp\/v2\/media\/22816"}],"wp:attachment":[{"href":"https:\/\/chemneo.com\/pt\/wp-json\/wp\/v2\/media?parent=22817"}],"wp:term":[{"taxonomy":"product_brand","embeddable":true,"href":"https:\/\/chemneo.com\/pt\/wp-json\/wp\/v2\/product_brand?post=22817"},{"taxonomy":"product_cat","embeddable":true,"href":"https:\/\/chemneo.com\/pt\/wp-json\/wp\/v2\/product_cat?post=22817"},{"taxonomy":"product_tag","embeddable":true,"href":"https:\/\/chemneo.com\/pt\/wp-json\/wp\/v2\/product_tag?post=22817"}],"curies":[{"name":"wp","href":"https:\/\/api.w.org\/{rel}","templated":true}]}}