{"id":22837,"date":"2024-12-02T15:12:59","date_gmt":"2024-12-02T07:12:59","guid":{"rendered":"https:\/\/chemneo.com\/product\/22837.html"},"modified":"2024-12-02T15:13:00","modified_gmt":"2024-12-02T07:13:00","slug":"2-chloro-6-methylnicotinic-acid","status":"publish","type":"product","link":"https:\/\/chemneo.com\/pt\/product\/22837.html","title":{"rendered":"\u00c1cido 2-cloro-6-metilnicot\u00ednico"},"content":{"rendered":"<p>Propriedades qu\u00edmicas<\/p>\n<p>                        Melting point<br \/>\n                        162-164 \u00b0C (lit.)<\/p>\n<p>                        Ponto de ebuli\u00e7\u00e3o<br \/>\n                        163 \u00b0C \/ 22mmHg<\/p>\n<p>                        Densidade\u00a0<br \/>\n                        1.3246 (rough estimate)<\/p>\n<p>                        \u00edndice de refra\u00e7\u00e3o\u00a0<br \/>\n                        1.5560 (estimate)<\/p>\n<p>                        storage temp.\u00a0<br \/>\n                        Keep in dark place,Sealed in dry,Room Temperature<\/p>\n<p>                        solubility\u00a0<br \/>\n                        soluble in Methanol<\/p>\n<p>                        forma\u00a0<br \/>\n                        Crystalline Powder<\/p>\n<p>                        pka<br \/>\n                        2.28\u00b10.28(Predicted)<\/p>\n<p>                        color\u00a0<br \/>\n                        White to yellow to beige<\/p>\n<p>                        BRN\u00a0<br \/>\n                        473070<\/p>\n<p>                        InChIKey<br \/>\n                        ACQXHCHKMFYDPM-UHFFFAOYSA-N<\/p>\n<p>                        CAS DataBase Reference<br \/>\n                        30529-70-5(CAS DataBase Reference)<\/p>","protected":false},"excerpt":{"rendered":"<p>Nome do produto: \u00c1cido 2-cloro-6-metilnicot\u00ednico<br \/>CAS\uff1a30529-70-5<br \/>MFC7H6ClNO2<br \/>MW\uff1a171.58<br \/>EINECS\uff1a250-229-7<br \/>Ficheiro MOL\uff1a30529-70-5.mol<\/p>","protected":false},"featured_media":22836,"comment_status":"open","ping_status":"closed","template":"","meta":[],"product_brand":[],"product_cat":[17],"product_tag":[],"class_list":{"0":"post-22837","1":"product","2":"type-product","3":"status-publish","4":"has-post-thumbnail","6":"product_cat-uncategorized","8":"first","9":"instock","10":"shipping-taxable","11":"product-type-simple"},"_links":{"self":[{"href":"https:\/\/chemneo.com\/pt\/wp-json\/wp\/v2\/product\/22837","targetHints":{"allow":["GET"]}}],"collection":[{"href":"https:\/\/chemneo.com\/pt\/wp-json\/wp\/v2\/product"}],"about":[{"href":"https:\/\/chemneo.com\/pt\/wp-json\/wp\/v2\/types\/product"}],"replies":[{"embeddable":true,"href":"https:\/\/chemneo.com\/pt\/wp-json\/wp\/v2\/comments?post=22837"}],"wp:featuredmedia":[{"embeddable":true,"href":"https:\/\/chemneo.com\/pt\/wp-json\/wp\/v2\/media\/22836"}],"wp:attachment":[{"href":"https:\/\/chemneo.com\/pt\/wp-json\/wp\/v2\/media?parent=22837"}],"wp:term":[{"taxonomy":"product_brand","embeddable":true,"href":"https:\/\/chemneo.com\/pt\/wp-json\/wp\/v2\/product_brand?post=22837"},{"taxonomy":"product_cat","embeddable":true,"href":"https:\/\/chemneo.com\/pt\/wp-json\/wp\/v2\/product_cat?post=22837"},{"taxonomy":"product_tag","embeddable":true,"href":"https:\/\/chemneo.com\/pt\/wp-json\/wp\/v2\/product_tag?post=22837"}],"curies":[{"name":"wp","href":"https:\/\/api.w.org\/{rel}","templated":true}]}}