{"id":22855,"date":"2024-12-02T15:13:11","date_gmt":"2024-12-02T07:13:11","guid":{"rendered":"https:\/\/chemneo.com\/product\/22855.html"},"modified":"2024-12-02T15:13:12","modified_gmt":"2024-12-02T07:13:12","slug":"pyridine-n-oxide","status":"publish","type":"product","link":"https:\/\/chemneo.com\/pt\/product\/22855.html","title":{"rendered":"Pyridine-N-oxide"},"content":{"rendered":"<p>Propriedades qu\u00edmicas<\/p>\n<p>                        Melting point<br \/>\n                        62-67\u00a0\u00b0C(lit.)<\/p>\n<p>                        Ponto de ebuli\u00e7\u00e3o<br \/>\n                        270\u00a0\u00b0C(lit.)<\/p>\n<p>                        Densidade\u00a0<br \/>\n                        1.1418 (rough estimate)<\/p>\n<p>                        \u00edndice de refra\u00e7\u00e3o\u00a0<br \/>\n                        1.5939 (estimate)<\/p>\n<p>                        Ponto de inflama\u00e7\u00e3o<br \/>\n                        143 \u00b0C<\/p>\n<p>                        storage temp.\u00a0<br \/>\n                        2-8\u00b0C<\/p>\n<p>                        forma\u00a0<br \/>\n                        Crystalline Solid, Crystals, and\/or Chunks<\/p>\n<p>                        pka<br \/>\n                        0.79(at 24\u2103)<\/p>\n<p>                        color\u00a0<br \/>\n                        White to brownish<\/p>\n<p>                        Water Solubility\u00a0<br \/>\n                        soluble<\/p>\n<p>                        Sensitive\u00a0<br \/>\n                        Hygroscopic<\/p>\n<p>                        Merck\u00a0<br \/>\n                        14,7972<\/p>\n<p>                        BRN\u00a0<br \/>\n                        105257<\/p>\n<p>                        CAS DataBase Reference<br \/>\n                        694-59-7(CAS DataBase Reference)<\/p>\n<p>                        NIST Chemistry Reference<br \/>\n                        Pyridine, 1-oxide(694-59-7)<\/p>\n<p>                        Sistema de Registo de Subst\u00e2ncias da EPA<br \/>\n                        Pyridine, 1-oxide (694-59-7)<\/p>","protected":false},"excerpt":{"rendered":"<p>Product Name\uff1aPyridine-N-oxide<br \/>CAS\uff1a694-59-7<br \/>MFC5H5NO<br \/>MW\uff1a95.1<br \/>EINECS\uff1a211-774-6<br \/>MOL File\uff1a694-59-7.mol<\/p>","protected":false},"featured_media":22854,"comment_status":"open","ping_status":"closed","template":"","meta":[],"product_brand":[],"product_cat":[17],"product_tag":[],"class_list":{"0":"post-22855","1":"product","2":"type-product","3":"status-publish","4":"has-post-thumbnail","6":"product_cat-uncategorized","8":"first","9":"instock","10":"shipping-taxable","11":"product-type-simple"},"_links":{"self":[{"href":"https:\/\/chemneo.com\/pt\/wp-json\/wp\/v2\/product\/22855","targetHints":{"allow":["GET"]}}],"collection":[{"href":"https:\/\/chemneo.com\/pt\/wp-json\/wp\/v2\/product"}],"about":[{"href":"https:\/\/chemneo.com\/pt\/wp-json\/wp\/v2\/types\/product"}],"replies":[{"embeddable":true,"href":"https:\/\/chemneo.com\/pt\/wp-json\/wp\/v2\/comments?post=22855"}],"wp:featuredmedia":[{"embeddable":true,"href":"https:\/\/chemneo.com\/pt\/wp-json\/wp\/v2\/media\/22854"}],"wp:attachment":[{"href":"https:\/\/chemneo.com\/pt\/wp-json\/wp\/v2\/media?parent=22855"}],"wp:term":[{"taxonomy":"product_brand","embeddable":true,"href":"https:\/\/chemneo.com\/pt\/wp-json\/wp\/v2\/product_brand?post=22855"},{"taxonomy":"product_cat","embeddable":true,"href":"https:\/\/chemneo.com\/pt\/wp-json\/wp\/v2\/product_cat?post=22855"},{"taxonomy":"product_tag","embeddable":true,"href":"https:\/\/chemneo.com\/pt\/wp-json\/wp\/v2\/product_tag?post=22855"}],"curies":[{"name":"wp","href":"https:\/\/api.w.org\/{rel}","templated":true}]}}