{"id":229,"date":"2024-08-06T01:57:19","date_gmt":"2024-08-06T01:57:19","guid":{"rendered":"https:\/\/chemneo.com\/?post_type=product&#038;p=229"},"modified":"2024-08-06T01:57:32","modified_gmt":"2024-08-06T01:57:32","slug":"hexyl-d-glucoside-cas54549-24-5","status":"publish","type":"product","link":"https:\/\/chemneo.com\/pt\/product\/229.html","title":{"rendered":"D-gluc\u00f3sido de hexilo CAS#54549-24-5"},"content":{"rendered":"<table border=\"0\" width=\"100%\" cellspacing=\"0\" cellpadding=\"0\" align=\"center\">\n<tbody>\n<tr>\n<td class=\"td6\" bgcolor=\"DEEEF4\" width=\"611\" height=\"23\">hexyl D-glucoside Chemical Properties<\/td>\n<\/tr>\n<\/tbody>\n<\/table>\n<table border=\"0\" width=\"100%\" cellspacing=\"1\" cellpadding=\"2\" bgcolor=\"d5d5d5\">\n<tbody>\n<tr class=\"ProdSupplierGN_ProductA_1\">\n<td class=\"td12\">Ponto de ebuli\u00e7\u00e3o<\/td>\n<td bgcolor=\"#fafafa\"><span style=\"color: #0066cc;\">432.3\u00b145.0 \u00b0C(Predicted)<\/span><\/td>\n<\/tr>\n<tr class=\"ProdSupplierGN_ProductA_2\">\n<td bgcolor=\"#FFFFFF\">densidade<\/td>\n<td bgcolor=\"#FFFFFF\"><span style=\"color: #0066cc;\">1.23\u00b10.1 g\/cm3(Predicted)<\/span><\/td>\n<\/tr>\n<tr class=\"ProdSupplierGN_ProductA_1\">\n<td class=\"td12\">vapor pressure<\/td>\n<td bgcolor=\"#fafafa\"><span style=\"color: #0066cc;\">0.001Pa at 20\u2103<\/span><\/td>\n<\/tr>\n<tr class=\"ProdSupplierGN_ProductA_2\">\n<td bgcolor=\"#FFFFFF\">pka<\/td>\n<td bgcolor=\"#FFFFFF\"><span style=\"color: #0066cc;\">12.96\u00b10.70(Predicted)<\/span><\/td>\n<\/tr>\n<tr class=\"ProdSupplierGN_ProductA_1\">\n<td class=\"td12\">Water Solubility<\/td>\n<td bgcolor=\"#fafafa\"><span style=\"color: #0066cc;\">750g\/L at 20\u2103<\/span><\/td>\n<\/tr>\n<tr class=\"ProdSupplierGN_ProductA_2\">\n<td bgcolor=\"#FFFFFF\">LogP<\/td>\n<td bgcolor=\"#FFFFFF\"><span style=\"color: #0066cc;\">1.72 at 20\u2103<\/span><\/td>\n<\/tr>\n<tr class=\"ProdSupplierGN_ProductA_1\">\n<td class=\"td12\">Sistema de Registo de Subst\u00e2ncias da EPA<\/td>\n<td bgcolor=\"#fafafa\"><span style=\"color: #0066cc;\"><a title=\"D-Glucopyranoside, hexyl (54549-24-5)\" href=\"https:\/\/ofmpub.epa.gov\/sor_internet\/registry\/substreg\/searchandretrieve\/substancesearch\/search.do?details=displayDetails&amp;selectedSubstanceId=80857\" rel=\"nofollow noopener\" target=\"_blank\">D-Glucopyranoside, hexyl (54549-24-5)<\/a><\/span><\/td>\n<\/tr>\n<\/tbody>\n<\/table>","protected":false},"excerpt":{"rendered":"<p>O Hexyl D-glucoside \u00e9 um tensioativo n\u00e3o i\u00f3nico, de base vegetal, derivado de recursos renov\u00e1veis, como o amido de milho ou de batata. \u00c9 reconhecido pela sua excelente compatibilidade com a pele e suavidade, o que o torna uma escolha preferida para formula\u00e7\u00f5es em produtos de cuidados pessoais, especialmente os destinados a peles sens\u00edveis. Com as suas capacidades superiores de solubiliza\u00e7\u00e3o e forma\u00e7\u00e3o de espuma, melhora a experi\u00eancia sensorial do produto sem comprometer a sua suavidade. O seu perfil ecol\u00f3gico e biodegradabilidade tamb\u00e9m se alinham com os princ\u00edpios da qu\u00edmica verde, apelando aos consumidores que procuram op\u00e7\u00f5es de produtos sustent\u00e1veis.<\/p>","protected":false},"featured_media":136,"comment_status":"closed","ping_status":"closed","template":"","meta":[],"product_brand":[],"product_cat":[22],"product_tag":[29],"class_list":{"0":"post-229","1":"product","2":"type-product","3":"status-publish","4":"has-post-thumbnail","6":"product_cat-daily-chemicals","7":"product_tag-hexyl-d-glucoside","9":"first","10":"instock","11":"shipping-taxable","12":"product-type-simple"},"_links":{"self":[{"href":"https:\/\/chemneo.com\/pt\/wp-json\/wp\/v2\/product\/229","targetHints":{"allow":["GET"]}}],"collection":[{"href":"https:\/\/chemneo.com\/pt\/wp-json\/wp\/v2\/product"}],"about":[{"href":"https:\/\/chemneo.com\/pt\/wp-json\/wp\/v2\/types\/product"}],"replies":[{"embeddable":true,"href":"https:\/\/chemneo.com\/pt\/wp-json\/wp\/v2\/comments?post=229"}],"wp:featuredmedia":[{"embeddable":true,"href":"https:\/\/chemneo.com\/pt\/wp-json\/wp\/v2\/media\/136"}],"wp:attachment":[{"href":"https:\/\/chemneo.com\/pt\/wp-json\/wp\/v2\/media?parent=229"}],"wp:term":[{"taxonomy":"product_brand","embeddable":true,"href":"https:\/\/chemneo.com\/pt\/wp-json\/wp\/v2\/product_brand?post=229"},{"taxonomy":"product_cat","embeddable":true,"href":"https:\/\/chemneo.com\/pt\/wp-json\/wp\/v2\/product_cat?post=229"},{"taxonomy":"product_tag","embeddable":true,"href":"https:\/\/chemneo.com\/pt\/wp-json\/wp\/v2\/product_tag?post=229"}],"curies":[{"name":"wp","href":"https:\/\/api.w.org\/{rel}","templated":true}]}}