{"id":231,"date":"2024-08-06T01:57:20","date_gmt":"2024-08-06T01:57:20","guid":{"rendered":"https:\/\/chemneo.com\/?post_type=product&#038;p=231"},"modified":"2024-08-06T01:57:34","modified_gmt":"2024-08-06T01:57:34","slug":"aluminum-chlorohydrate-cas1327-41-9","status":"publish","type":"product","link":"https:\/\/chemneo.com\/pt\/product\/231.html","title":{"rendered":"Cloridrato de alum\u00ednio CAS#1327-41-9"},"content":{"rendered":"<p>Aluminum chlorohydrate<\/p>\n<table border=\"0\" width=\"100%\" cellspacing=\"0\" cellpadding=\"0\" align=\"center\">\n<tbody>\n<tr>\n<td class=\"td6\" bgcolor=\"DEEEF4\" width=\"611\" height=\"23\">Aluminum chlorohydrate Chemical Properties<\/td>\n<\/tr>\n<\/tbody>\n<\/table>\n<table border=\"0\" width=\"100%\" cellspacing=\"1\" cellpadding=\"2\" bgcolor=\"d5d5d5\">\n<tbody>\n<tr class=\"ProdSupplierGN_ProductA_1\">\n<td class=\"td12\">densidade<\/td>\n<td bgcolor=\"#fafafa\"><span style=\"color: #0066cc;\">1.36[at 20\u2103]<\/span><\/td>\n<\/tr>\n<tr class=\"ProdSupplierGN_ProductA_2\">\n<td bgcolor=\"#FFFFFF\">vapor pressure<\/td>\n<td bgcolor=\"#FFFFFF\"><span style=\"color: #0066cc;\">0.001Pa at 20\u2103<\/span><\/td>\n<\/tr>\n<tr class=\"ProdSupplierGN_ProductA_1\">\n<td class=\"td12\">solubility<\/td>\n<td bgcolor=\"#fafafa\"><span style=\"color: #0066cc;\">soluble in H2O<\/span><\/td>\n<\/tr>\n<tr class=\"ProdSupplierGN_ProductA_2\">\n<td bgcolor=\"#FFFFFF\">forma<\/td>\n<td bgcolor=\"#FFFFFF\"><span style=\"color: #0066cc;\">glassy solid<\/span><\/td>\n<\/tr>\n<tr class=\"ProdSupplierGN_ProductA_1\">\n<td class=\"td12\">color<\/td>\n<td bgcolor=\"#fafafa\"><span style=\"color: #0066cc;\">glass, glassy solid<\/span><\/td>\n<\/tr>\n<tr class=\"ProdSupplierGN_ProductA_2\">\n<td bgcolor=\"#FFFFFF\">Water Solubility<\/td>\n<td bgcolor=\"#FFFFFF\"><span style=\"color: #0066cc;\">soluble H2O, forms slightly turbid colloidal solution [MER06]<\/span><\/td>\n<\/tr>\n<tr class=\"ProdSupplierGN_ProductA_1\">\n<td class=\"td12\">Estabilidade:<\/td>\n<td bgcolor=\"#fafafa\"><span style=\"color: #0066cc;\">Stable. Incompatible with many metals.<\/span><\/td>\n<\/tr>\n<tr class=\"ProdSupplierGN_ProductA_2\">\n<td bgcolor=\"#FFFFFF\">InChI<\/td>\n<td bgcolor=\"#FFFFFF\"><span style=\"color: #0066cc;\">InChI=1S\/Al.ClH.H2O.H\/h;1H;1H2;\/q+2;;;\/p-2<\/span><\/td>\n<\/tr>\n<tr class=\"ProdSupplierGN_ProductA_1\">\n<td class=\"td12\">InChIKey<\/td>\n<td bgcolor=\"#fafafa\"><span style=\"color: #0066cc;\">MTSHNTORJWMHCG-UHFFFAOYSA-L<\/span><\/td>\n<\/tr>\n<tr class=\"ProdSupplierGN_ProductA_2\">\n<td bgcolor=\"#FFFFFF\">SMILES<\/td>\n<td bgcolor=\"#FFFFFF\"><span style=\"color: #0066cc;\">[AlH](Cl)O<\/span><\/td>\n<\/tr>\n<tr class=\"ProdSupplierGN_ProductA_1\">\n<td class=\"td12\">LogP<\/td>\n<td bgcolor=\"#fafafa\"><span style=\"color: #0066cc;\">-1.380 (est)<\/span><\/td>\n<\/tr>\n<tr class=\"ProdSupplierGN_ProductA_2\">\n<td bgcolor=\"#FFFFFF\">CAS DataBase Reference<\/td>\n<td bgcolor=\"#FFFFFF\"><span style=\"color: #0066cc;\"><a title=\"1327-41-9(CAS DataBase Reference)\" href=\"https:\/\/www.chemicalbook.com\/CAS_1327-41-9.htm\" target=\"_blank\" rel=\"noopener\">1327-41-9(CAS DataBase Reference)<\/a><\/span><\/td>\n<\/tr>\n<tr class=\"ProdSupplierGN_ProductA_1\">\n<td class=\"td12\">Sistema de Registo de Subst\u00e2ncias da EPA<\/td>\n<td bgcolor=\"#fafafa\"><span style=\"color: #0066cc;\"><a title=\"Aluminum chloride hydroxide (1327-41-9)\" href=\"https:\/\/ofmpub.epa.gov\/sor_internet\/registry\/substreg\/searchandretrieve\/substancesearch\/search.do?details=displayDetails&amp;selectedSubstanceId=43073\" rel=\"nofollow noopener\" target=\"_blank\">Aluminum chloride hydroxide (1327-41-9)<\/a><\/span><\/td>\n<\/tr>\n<\/tbody>\n<\/table>","protected":false},"excerpt":{"rendered":"<p>O cloridrato de alum\u00ednio \u00e9 um composto inorg\u00e2nico frequentemente utilizado como coagulante em processos de tratamento de \u00e1gua. \u00c9 tamb\u00e9m conhecido pelas suas propriedades adstringentes e \u00e9 utilizado em v\u00e1rios produtos de cuidados pessoais, tais como antitranspirantes e desodorizantes, devido \u00e0 sua capacidade de fechar temporariamente as gl\u00e2ndulas sudor\u00edparas. Aumenta a viscosidade e a estabilidade das formula\u00e7\u00f5es, tornando-o um ingrediente valioso em cosm\u00e9ticos e produtos farmac\u00eauticos.<\/p>","protected":false},"featured_media":271,"comment_status":"closed","ping_status":"closed","template":"","meta":[],"product_brand":[],"product_cat":[25],"product_tag":[26],"class_list":{"0":"post-231","1":"product","2":"type-product","3":"status-publish","4":"has-post-thumbnail","6":"product_cat-ploymers","7":"product_tag-ploymers","9":"first","10":"instock","11":"shipping-taxable","12":"product-type-simple"},"_links":{"self":[{"href":"https:\/\/chemneo.com\/pt\/wp-json\/wp\/v2\/product\/231","targetHints":{"allow":["GET"]}}],"collection":[{"href":"https:\/\/chemneo.com\/pt\/wp-json\/wp\/v2\/product"}],"about":[{"href":"https:\/\/chemneo.com\/pt\/wp-json\/wp\/v2\/types\/product"}],"replies":[{"embeddable":true,"href":"https:\/\/chemneo.com\/pt\/wp-json\/wp\/v2\/comments?post=231"}],"wp:featuredmedia":[{"embeddable":true,"href":"https:\/\/chemneo.com\/pt\/wp-json\/wp\/v2\/media\/271"}],"wp:attachment":[{"href":"https:\/\/chemneo.com\/pt\/wp-json\/wp\/v2\/media?parent=231"}],"wp:term":[{"taxonomy":"product_brand","embeddable":true,"href":"https:\/\/chemneo.com\/pt\/wp-json\/wp\/v2\/product_brand?post=231"},{"taxonomy":"product_cat","embeddable":true,"href":"https:\/\/chemneo.com\/pt\/wp-json\/wp\/v2\/product_cat?post=231"},{"taxonomy":"product_tag","embeddable":true,"href":"https:\/\/chemneo.com\/pt\/wp-json\/wp\/v2\/product_tag?post=231"}],"curies":[{"name":"wp","href":"https:\/\/api.w.org\/{rel}","templated":true}]}}