{"id":23739,"date":"2024-12-02T15:24:14","date_gmt":"2024-12-02T07:24:14","guid":{"rendered":"https:\/\/chemneo.com\/product\/23739.html"},"modified":"2024-12-02T15:24:16","modified_gmt":"2024-12-02T07:24:16","slug":"2-amino-47-dihydro-5h-thieno23-cpyridine-36-dicarboxylic-acid-6-tert-butyl-ester-3-ethyl-ester","status":"publish","type":"product","link":"https:\/\/chemneo.com\/pt\/product\/23739.html","title":{"rendered":"\u00c9STER 6-TERC-BUT\u00cdLICO 3-ETIL DO \u00c1CIDO 2-AMINO-4,7-DI-HIDRO-5H-TIENO[2,3-C]PIRIDINA-3,6-DICARBOX\u00cdLICO"},"content":{"rendered":"","protected":false},"excerpt":{"rendered":"","protected":false},"featured_media":23738,"comment_status":"open","ping_status":"closed","template":"","meta":[],"product_brand":[],"product_cat":[17],"product_tag":[],"class_list":{"0":"post-23739","1":"product","2":"type-product","3":"status-publish","4":"has-post-thumbnail","6":"product_cat-uncategorized","8":"first","9":"instock","10":"shipping-taxable","11":"product-type-simple"},"_links":{"self":[{"href":"https:\/\/chemneo.com\/pt\/wp-json\/wp\/v2\/product\/23739","targetHints":{"allow":["GET"]}}],"collection":[{"href":"https:\/\/chemneo.com\/pt\/wp-json\/wp\/v2\/product"}],"about":[{"href":"https:\/\/chemneo.com\/pt\/wp-json\/wp\/v2\/types\/product"}],"replies":[{"embeddable":true,"href":"https:\/\/chemneo.com\/pt\/wp-json\/wp\/v2\/comments?post=23739"}],"wp:featuredmedia":[{"embeddable":true,"href":"https:\/\/chemneo.com\/pt\/wp-json\/wp\/v2\/media\/23738"}],"wp:attachment":[{"href":"https:\/\/chemneo.com\/pt\/wp-json\/wp\/v2\/media?parent=23739"}],"wp:term":[{"taxonomy":"product_brand","embeddable":true,"href":"https:\/\/chemneo.com\/pt\/wp-json\/wp\/v2\/product_brand?post=23739"},{"taxonomy":"product_cat","embeddable":true,"href":"https:\/\/chemneo.com\/pt\/wp-json\/wp\/v2\/product_cat?post=23739"},{"taxonomy":"product_tag","embeddable":true,"href":"https:\/\/chemneo.com\/pt\/wp-json\/wp\/v2\/product_tag?post=23739"}],"curies":[{"name":"wp","href":"https:\/\/api.w.org\/{rel}","templated":true}]}}