{"id":24904,"date":"2024-12-02T15:39:33","date_gmt":"2024-12-02T07:39:33","guid":{"rendered":"https:\/\/chemneo.com\/product\/24904.html"},"modified":"2024-12-02T15:39:34","modified_gmt":"2024-12-02T07:39:34","slug":"22-biquinoline-2","status":"publish","type":"product","link":"https:\/\/chemneo.com\/pt\/product\/24904.html","title":{"rendered":"2,2'-Biquinoline"},"content":{"rendered":"<p>Propriedades qu\u00edmicas<\/p>\n<p>                        Melting point<br \/>\n                        192-195\u00a0\u00b0C(lit.)<\/p>\n<p>                        Ponto de ebuli\u00e7\u00e3o<br \/>\n                        389.54\u00b0C (rough estimate)<\/p>\n<p>                        Densidade\u00a0<br \/>\n                        0.9734 (rough estimate)<\/p>\n<p>                        \u00edndice de refra\u00e7\u00e3o\u00a0<br \/>\n                        1.6300 (estimate)<\/p>\n<p>                        storage temp.\u00a0<br \/>\n                        Keep in dark place,Sealed in dry,Room Temperature<\/p>\n<p>                        solubility\u00a0<br \/>\n                        1.02mg\/l<\/p>\n<p>                        forma\u00a0<br \/>\n                        Shiny Flakes<\/p>\n<p>                        pka<br \/>\n                        2.19\u00b10.61(Predicted)<\/p>\n<p>                        color\u00a0<br \/>\n                        Slightly yellow to light beige<\/p>\n<p>                        Water Solubility\u00a0<br \/>\n                        Sparingly soluble in water (0.001g\/L).<\/p>\n<p>                        BRN\u00a0<br \/>\n                        187259<\/p>\n<p>                        InChIKey<br \/>\n                        WPTCSQBWLUUYDV-UHFFFAOYSA-N<\/p>\n<p>                        CAS DataBase Reference<br \/>\n                        119-91-5(CAS DataBase Reference)<\/p>\n<p>                        NIST Chemistry Reference<br \/>\n                        2,2'-Biquinoline(119-91-5)<\/p>\n<p>                        Sistema de Registo de Subst\u00e2ncias da EPA<br \/>\n                        2,2'-Biquinoline (119-91-5)<\/p>","protected":false},"excerpt":{"rendered":"<p>Nome do produto\uff1a2<br \/>2'-Biquinoline<br \/>CAS\uff1a119-91-5<br \/>MFC18H12N2<br \/>MW\uff1a256.3<br \/>EINECS\uff1a204-357-5<br \/>MOL File\uff1a119-91-5.mol<\/p>","protected":false},"featured_media":20921,"comment_status":"open","ping_status":"closed","template":"","meta":[],"product_brand":[],"product_cat":[17],"product_tag":[],"class_list":{"0":"post-24904","1":"product","2":"type-product","3":"status-publish","4":"has-post-thumbnail","6":"product_cat-uncategorized","8":"first","9":"instock","10":"shipping-taxable","11":"product-type-simple"},"_links":{"self":[{"href":"https:\/\/chemneo.com\/pt\/wp-json\/wp\/v2\/product\/24904","targetHints":{"allow":["GET"]}}],"collection":[{"href":"https:\/\/chemneo.com\/pt\/wp-json\/wp\/v2\/product"}],"about":[{"href":"https:\/\/chemneo.com\/pt\/wp-json\/wp\/v2\/types\/product"}],"replies":[{"embeddable":true,"href":"https:\/\/chemneo.com\/pt\/wp-json\/wp\/v2\/comments?post=24904"}],"wp:featuredmedia":[{"embeddable":true,"href":"https:\/\/chemneo.com\/pt\/wp-json\/wp\/v2\/media\/20921"}],"wp:attachment":[{"href":"https:\/\/chemneo.com\/pt\/wp-json\/wp\/v2\/media?parent=24904"}],"wp:term":[{"taxonomy":"product_brand","embeddable":true,"href":"https:\/\/chemneo.com\/pt\/wp-json\/wp\/v2\/product_brand?post=24904"},{"taxonomy":"product_cat","embeddable":true,"href":"https:\/\/chemneo.com\/pt\/wp-json\/wp\/v2\/product_cat?post=24904"},{"taxonomy":"product_tag","embeddable":true,"href":"https:\/\/chemneo.com\/pt\/wp-json\/wp\/v2\/product_tag?post=24904"}],"curies":[{"name":"wp","href":"https:\/\/api.w.org\/{rel}","templated":true}]}}