{"id":24905,"date":"2024-12-02T15:39:34","date_gmt":"2024-12-02T07:39:34","guid":{"rendered":"https:\/\/chemneo.com\/product\/24905.html"},"modified":"2024-12-02T15:39:35","modified_gmt":"2024-12-02T07:39:35","slug":"2-hydroxy-4-methylquinoline-3","status":"publish","type":"product","link":"https:\/\/chemneo.com\/pt\/product\/24905.html","title":{"rendered":"2-HYDROXY-4-METHYLQUINOLINE"},"content":{"rendered":"<p>Propriedades qu\u00edmicas<\/p>\n<p>                        Melting point<br \/>\n                        221-223 \u00b0C (lit.)<\/p>\n<p>                        Ponto de ebuli\u00e7\u00e3o<br \/>\n                        284.68\u00b0C (rough estimate)<\/p>\n<p>                        Densidade\u00a0<br \/>\n                        1.1202 (rough estimate)<\/p>\n<p>                        \u00edndice de refra\u00e7\u00e3o\u00a0<br \/>\n                        1.6070 (estimate)<\/p>\n<p>                        storage temp.\u00a0<br \/>\n                        2-8\u00b0C<\/p>\n<p>                        forma\u00a0<br \/>\n                        powder to crystal<\/p>\n<p>                        pka<br \/>\n                        11.83\u00b10.70(Predicted)<\/p>\n<p>                        color\u00a0<br \/>\n                        White to Almost white<\/p>\n<p>                        BRN\u00a0<br \/>\n                        118331<\/p>\n<p>                        CAS DataBase Reference<br \/>\n                        607-66-9(CAS DataBase Reference)<\/p>","protected":false},"excerpt":{"rendered":"<p>Product Name\uff1a2-HYDROXY-4-METHYLQUINOLINE<br \/>CAS\uff1a607-66-9<br \/>MFC10H9NO<br \/>MW\uff1a159.18<br \/>EINECS\uff1a210-139-0<br \/>MOL File\uff1a607-66-9.mol<\/p>","protected":false},"featured_media":20925,"comment_status":"open","ping_status":"closed","template":"","meta":[],"product_brand":[],"product_cat":[17],"product_tag":[],"class_list":{"0":"post-24905","1":"product","2":"type-product","3":"status-publish","4":"has-post-thumbnail","6":"product_cat-uncategorized","8":"first","9":"instock","10":"shipping-taxable","11":"product-type-simple"},"_links":{"self":[{"href":"https:\/\/chemneo.com\/pt\/wp-json\/wp\/v2\/product\/24905","targetHints":{"allow":["GET"]}}],"collection":[{"href":"https:\/\/chemneo.com\/pt\/wp-json\/wp\/v2\/product"}],"about":[{"href":"https:\/\/chemneo.com\/pt\/wp-json\/wp\/v2\/types\/product"}],"replies":[{"embeddable":true,"href":"https:\/\/chemneo.com\/pt\/wp-json\/wp\/v2\/comments?post=24905"}],"wp:featuredmedia":[{"embeddable":true,"href":"https:\/\/chemneo.com\/pt\/wp-json\/wp\/v2\/media\/20925"}],"wp:attachment":[{"href":"https:\/\/chemneo.com\/pt\/wp-json\/wp\/v2\/media?parent=24905"}],"wp:term":[{"taxonomy":"product_brand","embeddable":true,"href":"https:\/\/chemneo.com\/pt\/wp-json\/wp\/v2\/product_brand?post=24905"},{"taxonomy":"product_cat","embeddable":true,"href":"https:\/\/chemneo.com\/pt\/wp-json\/wp\/v2\/product_cat?post=24905"},{"taxonomy":"product_tag","embeddable":true,"href":"https:\/\/chemneo.com\/pt\/wp-json\/wp\/v2\/product_tag?post=24905"}],"curies":[{"name":"wp","href":"https:\/\/api.w.org\/{rel}","templated":true}]}}