{"id":24927,"date":"2024-12-02T15:40:04","date_gmt":"2024-12-02T07:40:04","guid":{"rendered":"https:\/\/chemneo.com\/product\/24927.html"},"modified":"2024-12-02T15:40:05","modified_gmt":"2024-12-02T07:40:05","slug":"26-dimethylquinoline-2","status":"publish","type":"product","link":"https:\/\/chemneo.com\/pt\/product\/24927.html","title":{"rendered":"2,6-DIMETHYLQUINOLINE"},"content":{"rendered":"<p>Propriedades qu\u00edmicas<\/p>\n<p>                        Melting point<br \/>\n                        57-59 \u00b0C (lit.)<\/p>\n<p>                        Ponto de ebuli\u00e7\u00e3o<br \/>\n                        266-267 \u00b0C<\/p>\n<p>                        Densidade\u00a0<br \/>\n                        1.0491 (estimate)<\/p>\n<p>                        \u00edndice de refra\u00e7\u00e3o\u00a0<br \/>\n                        1.6103 (estimate)<\/p>\n<p>                        Ponto de inflama\u00e7\u00e3o<br \/>\n                        266-267\u00b0C<\/p>\n<p>                        storage temp.\u00a0<br \/>\n                        Inert atmosphere,Room Temperature<\/p>\n<p>                        pka<br \/>\n                        pK1:5.46(+1) (25\u00b0C)<\/p>\n<p>                        forma\u00a0<br \/>\n                        Crystalline<\/p>\n<p>                        color\u00a0<br \/>\n                        White to Almost white<\/p>\n<p>                        CAS DataBase Reference<br \/>\n                        877-43-0(CAS DataBase Reference)<\/p>\n<p>                        Sistema de Registo de Subst\u00e2ncias da EPA<br \/>\n                        Quinoline, 2,6-dimethyl- (877-43-0)<\/p>","protected":false},"excerpt":{"rendered":"<p>Nome do produto\uff1a2<br \/>6-DIMETHYLQUINOLINE<br \/>CAS\uff1a877-43-0<br \/>MFC11H11N<br \/>MW\uff1a157.21<br \/>EINECS\uff1a212-891-5<br \/>MOL File\uff1a877-43-0.mol<\/p>","protected":false},"featured_media":21060,"comment_status":"open","ping_status":"closed","template":"","meta":[],"product_brand":[],"product_cat":[17],"product_tag":[],"class_list":{"0":"post-24927","1":"product","2":"type-product","3":"status-publish","4":"has-post-thumbnail","6":"product_cat-uncategorized","8":"first","9":"instock","10":"shipping-taxable","11":"product-type-simple"},"_links":{"self":[{"href":"https:\/\/chemneo.com\/pt\/wp-json\/wp\/v2\/product\/24927","targetHints":{"allow":["GET"]}}],"collection":[{"href":"https:\/\/chemneo.com\/pt\/wp-json\/wp\/v2\/product"}],"about":[{"href":"https:\/\/chemneo.com\/pt\/wp-json\/wp\/v2\/types\/product"}],"replies":[{"embeddable":true,"href":"https:\/\/chemneo.com\/pt\/wp-json\/wp\/v2\/comments?post=24927"}],"wp:featuredmedia":[{"embeddable":true,"href":"https:\/\/chemneo.com\/pt\/wp-json\/wp\/v2\/media\/21060"}],"wp:attachment":[{"href":"https:\/\/chemneo.com\/pt\/wp-json\/wp\/v2\/media?parent=24927"}],"wp:term":[{"taxonomy":"product_brand","embeddable":true,"href":"https:\/\/chemneo.com\/pt\/wp-json\/wp\/v2\/product_brand?post=24927"},{"taxonomy":"product_cat","embeddable":true,"href":"https:\/\/chemneo.com\/pt\/wp-json\/wp\/v2\/product_cat?post=24927"},{"taxonomy":"product_tag","embeddable":true,"href":"https:\/\/chemneo.com\/pt\/wp-json\/wp\/v2\/product_tag?post=24927"}],"curies":[{"name":"wp","href":"https:\/\/api.w.org\/{rel}","templated":true}]}}