{"id":24930,"date":"2024-12-02T15:40:09","date_gmt":"2024-12-02T07:40:09","guid":{"rendered":"https:\/\/chemneo.com\/product\/24930.html"},"modified":"2024-12-02T15:40:10","modified_gmt":"2024-12-02T07:40:10","slug":"35-pyridinedicarboxylic-acid-2","status":"publish","type":"product","link":"https:\/\/chemneo.com\/pt\/product\/24930.html","title":{"rendered":"3,5-Pyridinedicarboxylic acid"},"content":{"rendered":"<p>Propriedades qu\u00edmicas<\/p>\n<p>                        Melting point<br \/>\n                        >300 \u00b0C (lit.)<\/p>\n<p>                        Ponto de ebuli\u00e7\u00e3o<br \/>\n                        295.67\u00b0C (rough estimate)<\/p>\n<p>                        Densidade\u00a0<br \/>\n                        1.5216 (rough estimate)<\/p>\n<p>                        \u00edndice de refra\u00e7\u00e3o\u00a0<br \/>\n                        1.6280 (estimate)<\/p>\n<p>                        storage temp.\u00a0<br \/>\n                        Sealed in dry,Room Temperature<\/p>\n<p>                        solubility\u00a0<br \/>\n                        1.0g\/l<\/p>\n<p>                        forma\u00a0<br \/>\n                        P\u00f3<\/p>\n<p>                        pka<br \/>\n                        2.8(at 25\u2103)<\/p>\n<p>                        color\u00a0<br \/>\n                        White to almost white<\/p>\n<p>                        Water Solubility\u00a0<br \/>\n                        insoluble<\/p>\n<p>                        BRN\u00a0<br \/>\n                        131640<\/p>\n<p>                        InChI<br \/>\n                        InChI=1S\/C7H5NO4\/c9-6(10)4-1-5(7(11)12)3-8-2-4\/h1-3H,(H,9,10)(H,11,12)<\/p>\n<p>                        InChIKey<br \/>\n                        MPFLRYZEEAQMLQ-UHFFFAOYSA-N<\/p>\n<p>                        SMILES<br \/>\n                        C1=NC=C(C(O)=O)C=C1C(O)=O<\/p>\n<p>                        CAS DataBase Reference<br \/>\n                        499-81-0(CAS DataBase Reference)<\/p>","protected":false},"excerpt":{"rendered":"<p>Nome do produto\uff1a3<br \/>5-Pyridinedicarboxylic acid<br \/>CAS\uff1a499-81-0<br \/>MFC7H5NO4<br \/>MW\uff1a167.12<br \/>EINECS\uff1a207-893-8<br \/>MOL File\uff1a499-81-0.mol<\/p>","protected":false},"featured_media":21076,"comment_status":"open","ping_status":"closed","template":"","meta":[],"product_brand":[],"product_cat":[17],"product_tag":[],"class_list":{"0":"post-24930","1":"product","2":"type-product","3":"status-publish","4":"has-post-thumbnail","6":"product_cat-uncategorized","8":"first","9":"instock","10":"shipping-taxable","11":"product-type-simple"},"_links":{"self":[{"href":"https:\/\/chemneo.com\/pt\/wp-json\/wp\/v2\/product\/24930","targetHints":{"allow":["GET"]}}],"collection":[{"href":"https:\/\/chemneo.com\/pt\/wp-json\/wp\/v2\/product"}],"about":[{"href":"https:\/\/chemneo.com\/pt\/wp-json\/wp\/v2\/types\/product"}],"replies":[{"embeddable":true,"href":"https:\/\/chemneo.com\/pt\/wp-json\/wp\/v2\/comments?post=24930"}],"wp:featuredmedia":[{"embeddable":true,"href":"https:\/\/chemneo.com\/pt\/wp-json\/wp\/v2\/media\/21076"}],"wp:attachment":[{"href":"https:\/\/chemneo.com\/pt\/wp-json\/wp\/v2\/media?parent=24930"}],"wp:term":[{"taxonomy":"product_brand","embeddable":true,"href":"https:\/\/chemneo.com\/pt\/wp-json\/wp\/v2\/product_brand?post=24930"},{"taxonomy":"product_cat","embeddable":true,"href":"https:\/\/chemneo.com\/pt\/wp-json\/wp\/v2\/product_cat?post=24930"},{"taxonomy":"product_tag","embeddable":true,"href":"https:\/\/chemneo.com\/pt\/wp-json\/wp\/v2\/product_tag?post=24930"}],"curies":[{"name":"wp","href":"https:\/\/api.w.org\/{rel}","templated":true}]}}