{"id":24932,"date":"2024-12-02T15:40:12","date_gmt":"2024-12-02T07:40:12","guid":{"rendered":"https:\/\/chemneo.com\/product\/24932.html"},"modified":"2024-12-02T15:40:13","modified_gmt":"2024-12-02T07:40:13","slug":"5r-cis-toluene-4-sulfonic-acid-5-24-difluorophenyl-5-1h-124-triazol-1-ylmethyltetrahydrofuran-3-ylmethyl-ester-2","status":"publish","type":"product","link":"https:\/\/chemneo.com\/pt\/product\/24932.html","title":{"rendered":"\u00c9ster 5-(2,4-difluorofenil)-5-(1H-1,2,4-triazol-1-il)metiltetrahidrofurano-3-ilmet\u00edlico do \u00e1cido (5R-cis)-Tolueno-4-sulf\u00f3nico"},"content":{"rendered":"<p>Propriedades qu\u00edmicas<\/p>\n<p>                        Melting point<br \/>\n                        100-102\u00b0C<\/p>\n<p>                        Ponto de ebuli\u00e7\u00e3o<br \/>\n                        608.1\u00b165.0 \u00b0C(Predicted)<\/p>\n<p>                        Densidade\u00a0<br \/>\n                        1.40<\/p>\n<p>                        storage temp.\u00a0<br \/>\n                        -20\u00b0C Freezer, Under Inert Atmosphere<\/p>\n<p>                        solubility\u00a0<br \/>\n                        slightly sol. in Chloroform<\/p>\n<p>                        forma\u00a0<br \/>\n                        powder to crystal<\/p>\n<p>                        pka<br \/>\n                        2.75\u00b10.10(Predicted)<\/p>\n<p>                        color\u00a0<br \/>\n                        White to Orange to Green<\/p>\n<p>                        InChIKey<br \/>\n                        DFWVLCJRFGIRAK-HRAATJIYSA-N<\/p>\n<p>                        CAS DataBase Reference<br \/>\n                        149809-43-8(CAS DataBase Reference)<\/p>","protected":false},"excerpt":{"rendered":"<p>Nome do produto: (5R-cis) - \u00c1cido tolueno-4-sulf\u00f3nico 5-(2<br \/>4-difluorophenyl)-5-(1H-1<br \/>2<br \/>4-triazol-1-il)metiltetrahidrofurano-3-il\u00e9ster met\u00edlico<br \/>CAS\uff1a149809-43-8<br \/>MFC21H21F2N3O4S<br \/>MW\uff1a449.47<br \/>EINECS\uff1a1308068-626-2<br \/>Ficheiro MOL\uff1a149809-43-8.mol<\/p>","protected":false},"featured_media":21080,"comment_status":"open","ping_status":"closed","template":"","meta":[],"product_brand":[],"product_cat":[17],"product_tag":[],"class_list":{"0":"post-24932","1":"product","2":"type-product","3":"status-publish","4":"has-post-thumbnail","6":"product_cat-uncategorized","8":"first","9":"instock","10":"shipping-taxable","11":"product-type-simple"},"_links":{"self":[{"href":"https:\/\/chemneo.com\/pt\/wp-json\/wp\/v2\/product\/24932","targetHints":{"allow":["GET"]}}],"collection":[{"href":"https:\/\/chemneo.com\/pt\/wp-json\/wp\/v2\/product"}],"about":[{"href":"https:\/\/chemneo.com\/pt\/wp-json\/wp\/v2\/types\/product"}],"replies":[{"embeddable":true,"href":"https:\/\/chemneo.com\/pt\/wp-json\/wp\/v2\/comments?post=24932"}],"wp:featuredmedia":[{"embeddable":true,"href":"https:\/\/chemneo.com\/pt\/wp-json\/wp\/v2\/media\/21080"}],"wp:attachment":[{"href":"https:\/\/chemneo.com\/pt\/wp-json\/wp\/v2\/media?parent=24932"}],"wp:term":[{"taxonomy":"product_brand","embeddable":true,"href":"https:\/\/chemneo.com\/pt\/wp-json\/wp\/v2\/product_brand?post=24932"},{"taxonomy":"product_cat","embeddable":true,"href":"https:\/\/chemneo.com\/pt\/wp-json\/wp\/v2\/product_cat?post=24932"},{"taxonomy":"product_tag","embeddable":true,"href":"https:\/\/chemneo.com\/pt\/wp-json\/wp\/v2\/product_tag?post=24932"}],"curies":[{"name":"wp","href":"https:\/\/api.w.org\/{rel}","templated":true}]}}