{"id":24934,"date":"2024-12-02T15:40:15","date_gmt":"2024-12-02T07:40:15","guid":{"rendered":"https:\/\/chemneo.com\/product\/24934.html"},"modified":"2024-12-02T15:40:16","modified_gmt":"2024-12-02T07:40:16","slug":"6-fluoronicotinic-acid-2","status":"publish","type":"product","link":"https:\/\/chemneo.com\/pt\/product\/24934.html","title":{"rendered":"\u00c1cido 6-fluoronicot\u00ednico"},"content":{"rendered":"<p>Propriedades qu\u00edmicas<\/p>\n<p>                        Melting point<br \/>\n                        144-148\u00a0\u00b0C(lit.)<\/p>\n<p>                        Ponto de ebuli\u00e7\u00e3o<br \/>\n                        309.4\u00b122.0 \u00b0C(Predicted)<\/p>\n<p>                        Densidade\u00a0<br \/>\n                        1.419\u00b10.06 g\/cm3(Predicted)<\/p>\n<p>                        storage temp.\u00a0<br \/>\n                        Keep in dark place,Sealed in dry,Room Temperature<\/p>\n<p>                        pka<br \/>\n                        3.41\u00b10.10(Predicted)<\/p>\n<p>                        forma\u00a0<br \/>\n                        powder to crystal<\/p>\n<p>                        color\u00a0<br \/>\n                        White to Orange to Green<\/p>\n<p>                        CAS DataBase Reference<br \/>\n                        403-45-2(CAS DataBase Reference)<\/p>","protected":false},"excerpt":{"rendered":"<p>Product Name\uff1a6-Fluoronicotinic acid<br \/>CAS\uff1a403-45-2<br \/>MFC6H4FNO2<br \/>MW\uff1a141.1<br \/>EINECS\uff1a251-228-4<br \/>MOL File\uff1a403-45-2.mol<\/p>","protected":false},"featured_media":21098,"comment_status":"open","ping_status":"closed","template":"","meta":[],"product_brand":[],"product_cat":[17],"product_tag":[],"class_list":{"0":"post-24934","1":"product","2":"type-product","3":"status-publish","4":"has-post-thumbnail","6":"product_cat-uncategorized","8":"first","9":"instock","10":"shipping-taxable","11":"product-type-simple"},"_links":{"self":[{"href":"https:\/\/chemneo.com\/pt\/wp-json\/wp\/v2\/product\/24934","targetHints":{"allow":["GET"]}}],"collection":[{"href":"https:\/\/chemneo.com\/pt\/wp-json\/wp\/v2\/product"}],"about":[{"href":"https:\/\/chemneo.com\/pt\/wp-json\/wp\/v2\/types\/product"}],"replies":[{"embeddable":true,"href":"https:\/\/chemneo.com\/pt\/wp-json\/wp\/v2\/comments?post=24934"}],"wp:featuredmedia":[{"embeddable":true,"href":"https:\/\/chemneo.com\/pt\/wp-json\/wp\/v2\/media\/21098"}],"wp:attachment":[{"href":"https:\/\/chemneo.com\/pt\/wp-json\/wp\/v2\/media?parent=24934"}],"wp:term":[{"taxonomy":"product_brand","embeddable":true,"href":"https:\/\/chemneo.com\/pt\/wp-json\/wp\/v2\/product_brand?post=24934"},{"taxonomy":"product_cat","embeddable":true,"href":"https:\/\/chemneo.com\/pt\/wp-json\/wp\/v2\/product_cat?post=24934"},{"taxonomy":"product_tag","embeddable":true,"href":"https:\/\/chemneo.com\/pt\/wp-json\/wp\/v2\/product_tag?post=24934"}],"curies":[{"name":"wp","href":"https:\/\/api.w.org\/{rel}","templated":true}]}}