{"id":24935,"date":"2024-12-02T15:40:16","date_gmt":"2024-12-02T07:40:16","guid":{"rendered":"https:\/\/chemneo.com\/product\/24935.html"},"modified":"2024-12-02T15:40:17","modified_gmt":"2024-12-02T07:40:17","slug":"7-bromoquinoline-2","status":"publish","type":"product","link":"https:\/\/chemneo.com\/pt\/product\/24935.html","title":{"rendered":"7-Bromoquinolina"},"content":{"rendered":"<p>Propriedades qu\u00edmicas<\/p>\n<p>                        Melting point<br \/>\n                        32-36\u2103<\/p>\n<p>                        Ponto de ebuli\u00e7\u00e3o<br \/>\n                        290\u00b0C (rough estimate)<\/p>\n<p>                        Densidade\u00a0<br \/>\n                        1.5617 (rough estimate)<\/p>\n<p>                        \u00edndice de refra\u00e7\u00e3o\u00a0<br \/>\n                        1.6641 (estimate)<\/p>\n<p>                        storage temp.\u00a0<br \/>\n                        Sealed in dry,2-8\u00b0C<\/p>\n<p>                        solubility\u00a0<br \/>\n                        soluble in Toluene<\/p>\n<p>                        pka<br \/>\n                        3.36\u00b10.14(Predicted)<\/p>\n<p>                        forma\u00a0<br \/>\n                        Solid<\/p>\n<p>                        color\u00a0<br \/>\n                        White to Orange to Green<\/p>\n<p>                        \u03bbmax<br \/>\n                        320nm(EtOH aq.)(lit.)<\/p>\n<p>                        InChIKey<br \/>\n                        XYBSZCUHOLWQQU-UHFFFAOYSA-N<\/p>\n<p>                        CAS DataBase Reference<br \/>\n                        4965-36-0(CAS DataBase Reference)<\/p>\n<p>                        NIST Chemistry Reference<br \/>\n                        7-bromoquinoline(4965-36-0)<\/p>","protected":false},"excerpt":{"rendered":"<p>Nome do produto: 7-Bromoquinolina<br \/>CAS\uff1a4965-36-0<br \/>MFC9H6BrN<br \/>MW\uff1a208.05<br \/>EINECS\uff1a689-306-9<br \/>Ficheiro MOL\uff1a4965-36-0.mol<\/p>","protected":false},"featured_media":21100,"comment_status":"open","ping_status":"closed","template":"","meta":[],"product_brand":[],"product_cat":[17],"product_tag":[],"class_list":{"0":"post-24935","1":"product","2":"type-product","3":"status-publish","4":"has-post-thumbnail","6":"product_cat-uncategorized","8":"first","9":"instock","10":"shipping-taxable","11":"product-type-simple"},"_links":{"self":[{"href":"https:\/\/chemneo.com\/pt\/wp-json\/wp\/v2\/product\/24935","targetHints":{"allow":["GET"]}}],"collection":[{"href":"https:\/\/chemneo.com\/pt\/wp-json\/wp\/v2\/product"}],"about":[{"href":"https:\/\/chemneo.com\/pt\/wp-json\/wp\/v2\/types\/product"}],"replies":[{"embeddable":true,"href":"https:\/\/chemneo.com\/pt\/wp-json\/wp\/v2\/comments?post=24935"}],"wp:featuredmedia":[{"embeddable":true,"href":"https:\/\/chemneo.com\/pt\/wp-json\/wp\/v2\/media\/21100"}],"wp:attachment":[{"href":"https:\/\/chemneo.com\/pt\/wp-json\/wp\/v2\/media?parent=24935"}],"wp:term":[{"taxonomy":"product_brand","embeddable":true,"href":"https:\/\/chemneo.com\/pt\/wp-json\/wp\/v2\/product_brand?post=24935"},{"taxonomy":"product_cat","embeddable":true,"href":"https:\/\/chemneo.com\/pt\/wp-json\/wp\/v2\/product_cat?post=24935"},{"taxonomy":"product_tag","embeddable":true,"href":"https:\/\/chemneo.com\/pt\/wp-json\/wp\/v2\/product_tag?post=24935"}],"curies":[{"name":"wp","href":"https:\/\/api.w.org\/{rel}","templated":true}]}}