{"id":24937,"date":"2024-12-02T15:40:19","date_gmt":"2024-12-02T07:40:19","guid":{"rendered":"https:\/\/chemneo.com\/product\/24937.html"},"modified":"2024-12-02T15:40:20","modified_gmt":"2024-12-02T07:40:20","slug":"decahydroquinoline-2","status":"publish","type":"product","link":"https:\/\/chemneo.com\/pt\/product\/24937.html","title":{"rendered":"Decahidroquinolina"},"content":{"rendered":"<p>Propriedades qu\u00edmicas<\/p>\n<p>                        Melting point<br \/>\n                        37.5-45 \u00b0C<\/p>\n<p>                        Ponto de ebuli\u00e7\u00e3o<br \/>\n                        245.24\u00b0C (rough estimate)<\/p>\n<p>                        Densidade\u00a0<br \/>\n                        0.933\u00a0g\/mL\u00a0at 25\u00a0\u00b0C(lit.)<\/p>\n<p>                        \u00edndice de refra\u00e7\u00e3o\u00a0<br \/>\n                        n20\/D 1.4916(lit.)<\/p>\n<p>                        Ponto de inflama\u00e7\u00e3o<br \/>\n                        155\u00a0\u00b0F<\/p>\n<p>                        pka<br \/>\n                        10.85\u00b10.10(Predicted)<\/p>\n<p>                        forma\u00a0<br \/>\n                        Melting Solid<\/p>\n<p>                        color\u00a0<br \/>\n                        Clear colorless to light yellow<\/p>\n<p>                        Gravidade espec\u00edfica<br \/>\n                        0.933<\/p>\n<p>                        CAS DataBase Reference<br \/>\n                        2051-28-7(CAS DataBase Reference)<\/p>\n<p>                        NIST Chemistry Reference<br \/>\n                        Quinoline, decahydro-(2051-28-7)<\/p>\n<p>                        Sistema de Registo de Subst\u00e2ncias da EPA<br \/>\n                        Quinoline, decahydro- (2051-28-7)<\/p>","protected":false},"excerpt":{"rendered":"<p>Product Name\uff1aDecahydroquinoline<br \/>CAS\uff1a2051-28-7<br \/>MFC9H17N<br \/>MW\uff1a139.24<br \/>EINECS\uff1a218-116-7<br \/>MOL File\uff1a2051-28-7.mol<\/p>","protected":false},"featured_media":21112,"comment_status":"open","ping_status":"closed","template":"","meta":[],"product_brand":[],"product_cat":[17],"product_tag":[],"class_list":{"0":"post-24937","1":"product","2":"type-product","3":"status-publish","4":"has-post-thumbnail","6":"product_cat-uncategorized","8":"first","9":"instock","10":"shipping-taxable","11":"product-type-simple"},"_links":{"self":[{"href":"https:\/\/chemneo.com\/pt\/wp-json\/wp\/v2\/product\/24937","targetHints":{"allow":["GET"]}}],"collection":[{"href":"https:\/\/chemneo.com\/pt\/wp-json\/wp\/v2\/product"}],"about":[{"href":"https:\/\/chemneo.com\/pt\/wp-json\/wp\/v2\/types\/product"}],"replies":[{"embeddable":true,"href":"https:\/\/chemneo.com\/pt\/wp-json\/wp\/v2\/comments?post=24937"}],"wp:featuredmedia":[{"embeddable":true,"href":"https:\/\/chemneo.com\/pt\/wp-json\/wp\/v2\/media\/21112"}],"wp:attachment":[{"href":"https:\/\/chemneo.com\/pt\/wp-json\/wp\/v2\/media?parent=24937"}],"wp:term":[{"taxonomy":"product_brand","embeddable":true,"href":"https:\/\/chemneo.com\/pt\/wp-json\/wp\/v2\/product_brand?post=24937"},{"taxonomy":"product_cat","embeddable":true,"href":"https:\/\/chemneo.com\/pt\/wp-json\/wp\/v2\/product_cat?post=24937"},{"taxonomy":"product_tag","embeddable":true,"href":"https:\/\/chemneo.com\/pt\/wp-json\/wp\/v2\/product_tag?post=24937"}],"curies":[{"name":"wp","href":"https:\/\/api.w.org\/{rel}","templated":true}]}}