{"id":24949,"date":"2024-12-02T15:40:36","date_gmt":"2024-12-02T07:40:36","guid":{"rendered":"https:\/\/chemneo.com\/product\/24949.html"},"modified":"2024-12-02T15:40:37","modified_gmt":"2024-12-02T07:40:37","slug":"44-dimethyl-22-bipyridyl-2","status":"publish","type":"product","link":"https:\/\/chemneo.com\/pt\/product\/24949.html","title":{"rendered":"4,4'-Dimethyl-2,2'-bipyridyl"},"content":{"rendered":"<p>Propriedades qu\u00edmicas<\/p>\n<p>                        Melting point<br \/>\n                        169-174\u00a0\u00b0C(lit.)<\/p>\n<p>                        Ponto de ebuli\u00e7\u00e3o<br \/>\n                        308.2\u00b0C (rough estimate)<\/p>\n<p>                        Densidade\u00a0<br \/>\n                        1.1160 (rough estimate)<\/p>\n<p>                        \u00edndice de refra\u00e7\u00e3o\u00a0<br \/>\n                        1.6266 (estimate)<\/p>\n<p>                        storage temp.\u00a0<br \/>\n                        Inert atmosphere,Room Temperature<\/p>\n<p>                        solubility\u00a0<br \/>\n                        Chlorofrom (Slightly), DMSO (Slightly)<\/p>\n<p>                        pka<br \/>\n                        5.10\u00b10.30(Predicted)<\/p>\n<p>                        forma\u00a0<br \/>\n                        Crystalline Powder<\/p>\n<p>                        color\u00a0<br \/>\n                        Beige<\/p>\n<p>                        Water Solubility\u00a0<br \/>\n                        Soluble in ethanol, acetic acid, benzene, toluene. Highly soluble in water at pH < 2.\n                    \n                    \n                        BRN\u00a0\n                        128995\n                    \n                    \n                        InChIKey\n                        NBPGPQJFYXNFKN-UHFFFAOYSA-N\n                    \n                    \n                        CAS DataBase Reference\n                        1134-35-6(CAS DataBase Reference)\n                    \n                    \n                        NIST Chemistry Reference\n                        2,2'-Bipyridine, 4,4'-dimethyl-(1134-35-6)\n                    \n                    \n                        EPA Substance Registry System\n                        4,4'-Dimethyl-2,2'-bipyridine (1134-35-6)\n<\/p>","protected":false},"excerpt":{"rendered":"<p>Nome do produto\uff1a4<br \/>4'-Dimethyl-2<br \/>2'-bipyridyl<br \/>CAS\uff1a1134-35-6<br \/>MFC12H12N2<br \/>MW\uff1a184.24<br \/>EINECS\uff1a214-483-2<br \/>MOL File\uff1a1134-35-6.mol<\/p>","protected":false},"featured_media":21202,"comment_status":"open","ping_status":"closed","template":"","meta":[],"product_brand":[],"product_cat":[17],"product_tag":[],"class_list":{"0":"post-24949","1":"product","2":"type-product","3":"status-publish","4":"has-post-thumbnail","6":"product_cat-uncategorized","8":"first","9":"instock","10":"shipping-taxable","11":"product-type-simple"},"_links":{"self":[{"href":"https:\/\/chemneo.com\/pt\/wp-json\/wp\/v2\/product\/24949","targetHints":{"allow":["GET"]}}],"collection":[{"href":"https:\/\/chemneo.com\/pt\/wp-json\/wp\/v2\/product"}],"about":[{"href":"https:\/\/chemneo.com\/pt\/wp-json\/wp\/v2\/types\/product"}],"replies":[{"embeddable":true,"href":"https:\/\/chemneo.com\/pt\/wp-json\/wp\/v2\/comments?post=24949"}],"wp:featuredmedia":[{"embeddable":true,"href":"https:\/\/chemneo.com\/pt\/wp-json\/wp\/v2\/media\/21202"}],"wp:attachment":[{"href":"https:\/\/chemneo.com\/pt\/wp-json\/wp\/v2\/media?parent=24949"}],"wp:term":[{"taxonomy":"product_brand","embeddable":true,"href":"https:\/\/chemneo.com\/pt\/wp-json\/wp\/v2\/product_brand?post=24949"},{"taxonomy":"product_cat","embeddable":true,"href":"https:\/\/chemneo.com\/pt\/wp-json\/wp\/v2\/product_cat?post=24949"},{"taxonomy":"product_tag","embeddable":true,"href":"https:\/\/chemneo.com\/pt\/wp-json\/wp\/v2\/product_tag?post=24949"}],"curies":[{"name":"wp","href":"https:\/\/api.w.org\/{rel}","templated":true}]}}