{"id":24951,"date":"2024-12-02T15:40:39","date_gmt":"2024-12-02T07:40:39","guid":{"rendered":"https:\/\/chemneo.com\/product\/24951.html"},"modified":"2024-12-02T15:40:40","modified_gmt":"2024-12-02T07:40:40","slug":"3-bromoquinoline-2","status":"publish","type":"product","link":"https:\/\/chemneo.com\/pt\/product\/24951.html","title":{"rendered":"3-Bromoquinolina"},"content":{"rendered":"<p>Propriedades qu\u00edmicas<\/p>\n<p>                        Melting point<br \/>\n                        13-15 \u00b0C (lit.)<\/p>\n<p>                        Ponto de ebuli\u00e7\u00e3o<br \/>\n                        274-276 \u00b0C (lit.)<\/p>\n<p>                        Densidade\u00a0<br \/>\n                        1.533 g\/mL at 25 \u00b0C (lit.)<\/p>\n<p>                        vapor pressure\u00a0<br \/>\n                        0.196Pa at 25\u2103<\/p>\n<p>                        \u00edndice de refra\u00e7\u00e3o\u00a0<br \/>\n                        n20\/D 1.664(lit.)<\/p>\n<p>                        Ponto de inflama\u00e7\u00e3o<br \/>\n                        >230\u00a0\u00b0F<\/p>\n<p>                        storage temp.\u00a0<br \/>\n                        Keep in dark place,Inert atmosphere,Room temperature<\/p>\n<p>                        forma\u00a0<br \/>\n                        L\u00edquido<\/p>\n<p>                        pka<br \/>\n                        2.69(at 25\u2103)<\/p>\n<p>                        color\u00a0<br \/>\n                        Clear colorless to yellow<\/p>\n<p>                        Water Solubility\u00a0<br \/>\n                        103mg\/L at 25\u2103<\/p>\n<p>                        BRN\u00a0<br \/>\n                        112939<\/p>\n<p>                        InChIKey<br \/>\n                        ZGIKWINFUGEQEO-UHFFFAOYSA-N<\/p>\n<p>                        LogP<br \/>\n                        3.03<\/p>\n<p>                        CAS DataBase Reference<br \/>\n                        5332-24-1(CAS DataBase Reference)<\/p>\n<p>                        NIST Chemistry Reference<br \/>\n                        Quinoline, 3-bromo-(5332-24-1)<\/p>\n<p>                        Sistema de Registo de Subst\u00e2ncias da EPA<br \/>\n                        Quinoline, 3-bromo- (5332-24-1)<\/p>","protected":false},"excerpt":{"rendered":"<p>Nome do produto: 3-Bromoquinolina<br \/>CAS\uff1a5332-24-1<br \/>MFC9H6BrN<br \/>MW\uff1a208.05<br \/>EINECS\uff1a226-237-1<br \/>Ficheiro MOL\uff1a5332-24-1.mol<\/p>","protected":false},"featured_media":21234,"comment_status":"open","ping_status":"closed","template":"","meta":[],"product_brand":[],"product_cat":[17],"product_tag":[],"class_list":{"0":"post-24951","1":"product","2":"type-product","3":"status-publish","4":"has-post-thumbnail","6":"product_cat-uncategorized","8":"first","9":"instock","10":"shipping-taxable","11":"product-type-simple"},"_links":{"self":[{"href":"https:\/\/chemneo.com\/pt\/wp-json\/wp\/v2\/product\/24951","targetHints":{"allow":["GET"]}}],"collection":[{"href":"https:\/\/chemneo.com\/pt\/wp-json\/wp\/v2\/product"}],"about":[{"href":"https:\/\/chemneo.com\/pt\/wp-json\/wp\/v2\/types\/product"}],"replies":[{"embeddable":true,"href":"https:\/\/chemneo.com\/pt\/wp-json\/wp\/v2\/comments?post=24951"}],"wp:featuredmedia":[{"embeddable":true,"href":"https:\/\/chemneo.com\/pt\/wp-json\/wp\/v2\/media\/21234"}],"wp:attachment":[{"href":"https:\/\/chemneo.com\/pt\/wp-json\/wp\/v2\/media?parent=24951"}],"wp:term":[{"taxonomy":"product_brand","embeddable":true,"href":"https:\/\/chemneo.com\/pt\/wp-json\/wp\/v2\/product_brand?post=24951"},{"taxonomy":"product_cat","embeddable":true,"href":"https:\/\/chemneo.com\/pt\/wp-json\/wp\/v2\/product_cat?post=24951"},{"taxonomy":"product_tag","embeddable":true,"href":"https:\/\/chemneo.com\/pt\/wp-json\/wp\/v2\/product_tag?post=24951"}],"curies":[{"name":"wp","href":"https:\/\/api.w.org\/{rel}","templated":true}]}}