{"id":24958,"date":"2024-12-02T15:40:48","date_gmt":"2024-12-02T07:40:48","guid":{"rendered":"https:\/\/chemneo.com\/product\/24958.html"},"modified":"2024-12-02T15:40:49","modified_gmt":"2024-12-02T07:40:49","slug":"8-quinolinecarboxylic-acid-2","status":"publish","type":"product","link":"https:\/\/chemneo.com\/pt\/product\/24958.html","title":{"rendered":"8-Quinolinecarboxylic acid"},"content":{"rendered":"<p>Propriedades qu\u00edmicas<\/p>\n<p>                        Melting point<br \/>\n                        183-185 \u00b0C (lit.)<\/p>\n<p>                        Ponto de ebuli\u00e7\u00e3o<br \/>\n                        303.81\u00b0C (rough estimate)<\/p>\n<p>                        Densidade\u00a0<br \/>\n                        1.2427 (rough estimate)<\/p>\n<p>                        \u00edndice de refra\u00e7\u00e3o\u00a0<br \/>\n                        1.5200 (estimate)<\/p>\n<p>                        storage temp.\u00a0<br \/>\n                        Sealed in dry,Room Temperature<\/p>\n<p>                        forma\u00a0<br \/>\n                        Crystalline Powder<\/p>\n<p>                        pka<br \/>\n                        1.82(at 25\u2103)<\/p>\n<p>                        color\u00a0<br \/>\n                        Light brown<\/p>\n<p>                        Water Solubility\u00a0<br \/>\n                        Insol\u00favel<\/p>\n<p>                        Merck\u00a0<br \/>\n                        14,8070<\/p>\n<p>                        BRN\u00a0<br \/>\n                        19176<\/p>\n<p>                        InChIKey<br \/>\n                        QRDZFPUVLYEQTA-UHFFFAOYSA-N<\/p>\n<p>                        CAS DataBase Reference<br \/>\n                        86-59-9(CAS DataBase Reference)<\/p>","protected":false},"excerpt":{"rendered":"<p>Product Name\uff1a8-Quinolinecarboxylic acid<br \/>CAS\uff1a86-59-9<br \/>MFC10H7NO2<br \/>MW\uff1a173.17<br \/>EINECS\uff1a632-930-3<br \/>MOL File\uff1a86-59-9.mol<\/p>","protected":false},"featured_media":21286,"comment_status":"open","ping_status":"closed","template":"","meta":[],"product_brand":[],"product_cat":[17],"product_tag":[],"class_list":{"0":"post-24958","1":"product","2":"type-product","3":"status-publish","4":"has-post-thumbnail","6":"product_cat-uncategorized","8":"first","9":"instock","10":"shipping-taxable","11":"product-type-simple"},"_links":{"self":[{"href":"https:\/\/chemneo.com\/pt\/wp-json\/wp\/v2\/product\/24958","targetHints":{"allow":["GET"]}}],"collection":[{"href":"https:\/\/chemneo.com\/pt\/wp-json\/wp\/v2\/product"}],"about":[{"href":"https:\/\/chemneo.com\/pt\/wp-json\/wp\/v2\/types\/product"}],"replies":[{"embeddable":true,"href":"https:\/\/chemneo.com\/pt\/wp-json\/wp\/v2\/comments?post=24958"}],"wp:featuredmedia":[{"embeddable":true,"href":"https:\/\/chemneo.com\/pt\/wp-json\/wp\/v2\/media\/21286"}],"wp:attachment":[{"href":"https:\/\/chemneo.com\/pt\/wp-json\/wp\/v2\/media?parent=24958"}],"wp:term":[{"taxonomy":"product_brand","embeddable":true,"href":"https:\/\/chemneo.com\/pt\/wp-json\/wp\/v2\/product_brand?post=24958"},{"taxonomy":"product_cat","embeddable":true,"href":"https:\/\/chemneo.com\/pt\/wp-json\/wp\/v2\/product_cat?post=24958"},{"taxonomy":"product_tag","embeddable":true,"href":"https:\/\/chemneo.com\/pt\/wp-json\/wp\/v2\/product_tag?post=24958"}],"curies":[{"name":"wp","href":"https:\/\/api.w.org\/{rel}","templated":true}]}}