{"id":24960,"date":"2024-12-02T15:40:51","date_gmt":"2024-12-02T07:40:51","guid":{"rendered":"https:\/\/chemneo.com\/product\/24960.html"},"modified":"2024-12-02T15:40:53","modified_gmt":"2024-12-02T07:40:53","slug":"4-quinolinecarboxaldehyde-2","status":"publish","type":"product","link":"https:\/\/chemneo.com\/pt\/product\/24960.html","title":{"rendered":"4-Quinolinecarboxaldehyde"},"content":{"rendered":"<p>Propriedades qu\u00edmicas<\/p>\n<p>                        Melting point<br \/>\n                        45-52 \u00b0C (lit.)<\/p>\n<p>                        Ponto de ebuli\u00e7\u00e3o<br \/>\n                        131-133\u00b0C 5mm<\/p>\n<p>                        Densidade\u00a0<br \/>\n                        1.1599 (rough estimate)<\/p>\n<p>                        \u00edndice de refra\u00e7\u00e3o\u00a0<br \/>\n                        1.5000 (estimate)<\/p>\n<p>                        Ponto de inflama\u00e7\u00e3o<br \/>\n                        >230\u00a0\u00b0F<\/p>\n<p>                        storage temp.\u00a0<br \/>\n                        Keep in dark place,Sealed in dry,Room Temperature<\/p>\n<p>                        forma\u00a0<br \/>\n                        Crystalline Powder, Chunks, or Solid<\/p>\n<p>                        pka<br \/>\n                        2.95\u00b10.13(Predicted)<\/p>\n<p>                        color\u00a0<br \/>\n                        Off-white to yellow-brown<\/p>\n<p>                        Water Solubility\u00a0<br \/>\n                        Slightly soluble in water.<\/p>\n<p>                        Sensitive\u00a0<br \/>\n                        Air Sensitive<\/p>\n<p>                        BRN\u00a0<br \/>\n                        113072<\/p>\n<p>                        InChI<br \/>\n                        InChI=1S\/C10H7NO\/c12-7-8-5-6-11-10-4-2-1-3-9(8)10\/h1-7H<\/p>\n<p>                        InChIKey<br \/>\n                        MGCGJBXTNWUHQE-UHFFFAOYSA-N<\/p>\n<p>                        SMILES<br \/>\n                        N1C2C(=CC=CC=2)C(C=O)=CC=1<\/p>\n<p>                        CAS DataBase Reference<br \/>\n                        4363-93-3(CAS DataBase Reference)<\/p>","protected":false},"excerpt":{"rendered":"<p>Product Name\uff1a4-Quinolinecarboxaldehyde<br \/>CAS\uff1a4363-93-3<br \/>MFC10H7NO<br \/>MW\uff1a157.17<br \/>EINECS\uff1a224-453-0<br \/>MOL File\uff1a4363-93-3.mol<\/p>","protected":false},"featured_media":21302,"comment_status":"open","ping_status":"closed","template":"","meta":[],"product_brand":[],"product_cat":[17],"product_tag":[],"class_list":{"0":"post-24960","1":"product","2":"type-product","3":"status-publish","4":"has-post-thumbnail","6":"product_cat-uncategorized","8":"first","9":"instock","10":"shipping-taxable","11":"product-type-simple"},"_links":{"self":[{"href":"https:\/\/chemneo.com\/pt\/wp-json\/wp\/v2\/product\/24960","targetHints":{"allow":["GET"]}}],"collection":[{"href":"https:\/\/chemneo.com\/pt\/wp-json\/wp\/v2\/product"}],"about":[{"href":"https:\/\/chemneo.com\/pt\/wp-json\/wp\/v2\/types\/product"}],"replies":[{"embeddable":true,"href":"https:\/\/chemneo.com\/pt\/wp-json\/wp\/v2\/comments?post=24960"}],"wp:featuredmedia":[{"embeddable":true,"href":"https:\/\/chemneo.com\/pt\/wp-json\/wp\/v2\/media\/21302"}],"wp:attachment":[{"href":"https:\/\/chemneo.com\/pt\/wp-json\/wp\/v2\/media?parent=24960"}],"wp:term":[{"taxonomy":"product_brand","embeddable":true,"href":"https:\/\/chemneo.com\/pt\/wp-json\/wp\/v2\/product_brand?post=24960"},{"taxonomy":"product_cat","embeddable":true,"href":"https:\/\/chemneo.com\/pt\/wp-json\/wp\/v2\/product_cat?post=24960"},{"taxonomy":"product_tag","embeddable":true,"href":"https:\/\/chemneo.com\/pt\/wp-json\/wp\/v2\/product_tag?post=24960"}],"curies":[{"name":"wp","href":"https:\/\/api.w.org\/{rel}","templated":true}]}}