{"id":24970,"date":"2024-12-02T15:41:05","date_gmt":"2024-12-02T07:41:05","guid":{"rendered":"https:\/\/chemneo.com\/product\/24970.html"},"modified":"2024-12-02T15:41:06","modified_gmt":"2024-12-02T07:41:06","slug":"2-chloro-6-methoxypyridine-2","status":"publish","type":"product","link":"https:\/\/chemneo.com\/pt\/product\/24970.html","title":{"rendered":"2-Cloro-6-metoxipiridina"},"content":{"rendered":"<p>Propriedades qu\u00edmicas<\/p>\n<p>                        Ponto de ebuli\u00e7\u00e3o<br \/>\n                        185-186 \u00b0C (lit.)<\/p>\n<p>                        Densidade\u00a0<br \/>\n                        1.207 g\/mL at 25 \u00b0C (lit.)<\/p>\n<p>                        \u00edndice de refra\u00e7\u00e3o\u00a0<br \/>\n                        n20\/D 1.528(lit.)<\/p>\n<p>                        Ponto de inflama\u00e7\u00e3o<br \/>\n                        169\u00a0\u00b0F<\/p>\n<p>                        storage temp.\u00a0<br \/>\n                        Inert atmosphere,Room Temperature<\/p>\n<p>                        pka<br \/>\n                        0.40\u00b10.10(Predicted)<\/p>\n<p>                        forma\u00a0<br \/>\n                        clear liquid<\/p>\n<p>                        color\u00a0<br \/>\n                        Colorless to Almost colorless<\/p>\n<p>                        BRN\u00a0<br \/>\n                        1364500<\/p>\n<p>                        InChIKey<br \/>\n                        VAVGOGHLNAJECD-UHFFFAOYSA-N<\/p>\n<p>                        CAS DataBase Reference<br \/>\n                        17228-64-7(CAS DataBase Reference)<\/p>\n<p>                        NIST Chemistry Reference<br \/>\n                        Pyridine, 2-chloro-6-methoxy-(17228-64-7)<\/p>","protected":false},"excerpt":{"rendered":"<p>Nome do produto\uff1a2-Cloro-6-metoxipiridina<br \/>CAS\uff1a17228-64-7<br \/>MFC6H6ClNO<br \/>MW\uff1a143.57<br \/>EINECS\uff1a241-264-9<br \/>Ficheiro MOL\uff1a17228-64-7.mol<\/p>","protected":false},"featured_media":21368,"comment_status":"open","ping_status":"closed","template":"","meta":[],"product_brand":[],"product_cat":[17],"product_tag":[],"class_list":{"0":"post-24970","1":"product","2":"type-product","3":"status-publish","4":"has-post-thumbnail","6":"product_cat-uncategorized","8":"first","9":"instock","10":"shipping-taxable","11":"product-type-simple"},"_links":{"self":[{"href":"https:\/\/chemneo.com\/pt\/wp-json\/wp\/v2\/product\/24970","targetHints":{"allow":["GET"]}}],"collection":[{"href":"https:\/\/chemneo.com\/pt\/wp-json\/wp\/v2\/product"}],"about":[{"href":"https:\/\/chemneo.com\/pt\/wp-json\/wp\/v2\/types\/product"}],"replies":[{"embeddable":true,"href":"https:\/\/chemneo.com\/pt\/wp-json\/wp\/v2\/comments?post=24970"}],"wp:featuredmedia":[{"embeddable":true,"href":"https:\/\/chemneo.com\/pt\/wp-json\/wp\/v2\/media\/21368"}],"wp:attachment":[{"href":"https:\/\/chemneo.com\/pt\/wp-json\/wp\/v2\/media?parent=24970"}],"wp:term":[{"taxonomy":"product_brand","embeddable":true,"href":"https:\/\/chemneo.com\/pt\/wp-json\/wp\/v2\/product_brand?post=24970"},{"taxonomy":"product_cat","embeddable":true,"href":"https:\/\/chemneo.com\/pt\/wp-json\/wp\/v2\/product_cat?post=24970"},{"taxonomy":"product_tag","embeddable":true,"href":"https:\/\/chemneo.com\/pt\/wp-json\/wp\/v2\/product_tag?post=24970"}],"curies":[{"name":"wp","href":"https:\/\/api.w.org\/{rel}","templated":true}]}}