{"id":24971,"date":"2024-12-02T15:41:06","date_gmt":"2024-12-02T07:41:06","guid":{"rendered":"https:\/\/chemneo.com\/product\/24971.html"},"modified":"2024-12-02T15:41:07","modified_gmt":"2024-12-02T07:41:07","slug":"26-pyridinedimethanol-2","status":"publish","type":"product","link":"https:\/\/chemneo.com\/pt\/product\/24971.html","title":{"rendered":"2,6-Piridinadimetanol"},"content":{"rendered":"<p>Propriedades qu\u00edmicas<\/p>\n<p>                        Melting point<br \/>\n                        112-114 \u00b0C (lit.)<\/p>\n<p>                        Ponto de ebuli\u00e7\u00e3o<br \/>\n                        185\u00b0C 15mm<\/p>\n<p>                        Densidade\u00a0<br \/>\n                        1.1997 (rough estimate)<\/p>\n<p>                        \u00edndice de refra\u00e7\u00e3o\u00a0<br \/>\n                        1.4800 (estimate)<\/p>\n<p>                        Ponto de inflama\u00e7\u00e3o<br \/>\n                        185\u00b0C\/15mm<\/p>\n<p>                        storage temp.\u00a0<br \/>\n                        Inert atmosphere,Room Temperature<\/p>\n<p>                        forma\u00a0<br \/>\n                        Crystalline Powder<\/p>\n<p>                        pka<br \/>\n                        13.03\u00b10.10(Predicted)<\/p>\n<p>                        color\u00a0<br \/>\n                        Light yellow to beige<\/p>\n<p>                        Water Solubility\u00a0<br \/>\n                        Soluble in water.<\/p>\n<p>                        BRN\u00a0<br \/>\n                        116016<\/p>\n<p>                        InChIKey<br \/>\n                        WWFMINHWJYHXHF-UHFFFAOYSA-N<\/p>\n<p>                        CAS DataBase Reference<br \/>\n                        1195-59-1(CAS DataBase Reference)<\/p>\n<p>                        NIST Chemistry Reference<br \/>\n                        Pyridine, 2,6-dicarbinol(1195-59-1)<\/p>","protected":false},"excerpt":{"rendered":"<p>Nome do produto\uff1a2<br \/>6-Piridinadimetanol<br \/>CAS\uff1a1195-59-1<br \/>MFC7H9NO2<br \/>MW\uff1a139.15<br \/>EINECS\uff1a214-803-0<br \/>Ficheiro MOL\uff1a1195-59-1.mol<\/p>","protected":false},"featured_media":21402,"comment_status":"open","ping_status":"closed","template":"","meta":[],"product_brand":[],"product_cat":[17],"product_tag":[],"class_list":{"0":"post-24971","1":"product","2":"type-product","3":"status-publish","4":"has-post-thumbnail","6":"product_cat-uncategorized","8":"first","9":"instock","10":"shipping-taxable","11":"product-type-simple"},"_links":{"self":[{"href":"https:\/\/chemneo.com\/pt\/wp-json\/wp\/v2\/product\/24971","targetHints":{"allow":["GET"]}}],"collection":[{"href":"https:\/\/chemneo.com\/pt\/wp-json\/wp\/v2\/product"}],"about":[{"href":"https:\/\/chemneo.com\/pt\/wp-json\/wp\/v2\/types\/product"}],"replies":[{"embeddable":true,"href":"https:\/\/chemneo.com\/pt\/wp-json\/wp\/v2\/comments?post=24971"}],"wp:featuredmedia":[{"embeddable":true,"href":"https:\/\/chemneo.com\/pt\/wp-json\/wp\/v2\/media\/21402"}],"wp:attachment":[{"href":"https:\/\/chemneo.com\/pt\/wp-json\/wp\/v2\/media?parent=24971"}],"wp:term":[{"taxonomy":"product_brand","embeddable":true,"href":"https:\/\/chemneo.com\/pt\/wp-json\/wp\/v2\/product_brand?post=24971"},{"taxonomy":"product_cat","embeddable":true,"href":"https:\/\/chemneo.com\/pt\/wp-json\/wp\/v2\/product_cat?post=24971"},{"taxonomy":"product_tag","embeddable":true,"href":"https:\/\/chemneo.com\/pt\/wp-json\/wp\/v2\/product_tag?post=24971"}],"curies":[{"name":"wp","href":"https:\/\/api.w.org\/{rel}","templated":true}]}}