{"id":25022,"date":"2024-12-02T15:42:17","date_gmt":"2024-12-02T07:42:17","guid":{"rendered":"https:\/\/chemneo.com\/product\/25022.html"},"modified":"2024-12-02T15:42:18","modified_gmt":"2024-12-02T07:42:18","slug":"4-2-aminoethylpyridine-2","status":"publish","type":"product","link":"https:\/\/chemneo.com\/pt\/product\/25022.html","title":{"rendered":"4-(2-Aminoetil)piridina"},"content":{"rendered":"<p>Propriedades qu\u00edmicas<\/p>\n<p>                        Melting point<br \/>\n                        115-116 \u00b0C<\/p>\n<p>                        Ponto de ebuli\u00e7\u00e3o<br \/>\n                        104 \u00b0C\/9 mmHg (lit.)<\/p>\n<p>                        Densidade\u00a0<br \/>\n                        1.0238 g\/mL at 25 \u00b0C (lit.)<\/p>\n<p>                        \u00edndice de refra\u00e7\u00e3o\u00a0<br \/>\n                        n20\/D 1.5380(lit.)<\/p>\n<p>                        Ponto de inflama\u00e7\u00e3o<br \/>\n                        >230\u00a0\u00b0F<\/p>\n<p>                        storage temp.\u00a0<br \/>\n                        Keep in dark place,Inert atmosphere,Room temperature<\/p>\n<p>                        forma\u00a0<br \/>\n                        clear liquid<\/p>\n<p>                        pka<br \/>\n                        9.07\u00b10.10(Predicted)<\/p>\n<p>                        color\u00a0<br \/>\n                        Colorless to Light yellow to Light orange<\/p>\n<p>                        Gravidade espec\u00edfica<br \/>\n                        1.03<\/p>\n<p>                        Sensitive\u00a0<br \/>\n                        Air Sensitive<\/p>\n<p>                        CAS DataBase Reference<br \/>\n                        13258-63-4(CAS DataBase Reference)<\/p>\n<p>                        NIST Chemistry Reference<br \/>\n                        4-(2-Aminoethyl)pyridine(13258-63-4)<\/p>\n<p>                        Sistema de Registo de Subst\u00e2ncias da EPA<br \/>\n                        4-Pyridineethanamine (13258-63-4)<\/p>","protected":false},"excerpt":{"rendered":"<p>Nome do produto: 4-(2-Aminoetil)piridina<br \/>CAS\uff1a13258-63-4<br \/>MFC7H10N2<br \/>MW\uff1a122.17<br \/>EINECS\uff1a<br \/>Ficheiro MOL\uff1a13258-63-4.mol<\/p>","protected":false},"featured_media":21782,"comment_status":"open","ping_status":"closed","template":"","meta":[],"product_brand":[],"product_cat":[17],"product_tag":[],"class_list":{"0":"post-25022","1":"product","2":"type-product","3":"status-publish","4":"has-post-thumbnail","6":"product_cat-uncategorized","8":"first","9":"instock","10":"shipping-taxable","11":"product-type-simple"},"_links":{"self":[{"href":"https:\/\/chemneo.com\/pt\/wp-json\/wp\/v2\/product\/25022","targetHints":{"allow":["GET"]}}],"collection":[{"href":"https:\/\/chemneo.com\/pt\/wp-json\/wp\/v2\/product"}],"about":[{"href":"https:\/\/chemneo.com\/pt\/wp-json\/wp\/v2\/types\/product"}],"replies":[{"embeddable":true,"href":"https:\/\/chemneo.com\/pt\/wp-json\/wp\/v2\/comments?post=25022"}],"wp:featuredmedia":[{"embeddable":true,"href":"https:\/\/chemneo.com\/pt\/wp-json\/wp\/v2\/media\/21782"}],"wp:attachment":[{"href":"https:\/\/chemneo.com\/pt\/wp-json\/wp\/v2\/media?parent=25022"}],"wp:term":[{"taxonomy":"product_brand","embeddable":true,"href":"https:\/\/chemneo.com\/pt\/wp-json\/wp\/v2\/product_brand?post=25022"},{"taxonomy":"product_cat","embeddable":true,"href":"https:\/\/chemneo.com\/pt\/wp-json\/wp\/v2\/product_cat?post=25022"},{"taxonomy":"product_tag","embeddable":true,"href":"https:\/\/chemneo.com\/pt\/wp-json\/wp\/v2\/product_tag?post=25022"}],"curies":[{"name":"wp","href":"https:\/\/api.w.org\/{rel}","templated":true}]}}