{"id":25034,"date":"2024-12-02T15:42:35","date_gmt":"2024-12-02T07:42:35","guid":{"rendered":"https:\/\/chemneo.com\/product\/25034.html"},"modified":"2024-12-02T15:42:37","modified_gmt":"2024-12-02T07:42:37","slug":"4-phenylpiperidine-2","status":"publish","type":"product","link":"https:\/\/chemneo.com\/pt\/product\/25034.html","title":{"rendered":"4-fenilpiperidina"},"content":{"rendered":"<p>Propriedades qu\u00edmicas<\/p>\n<p>                        Melting point<br \/>\n                        61-65 \u00b0C (lit.)<\/p>\n<p>                        Ponto de ebuli\u00e7\u00e3o<br \/>\n                        286\u00a0\u00b0C(lit.)<\/p>\n<p>                        Densidade\u00a0<br \/>\n                        1.062\u00a0g\/mL\u00a0at 25\u00a0\u00b0C(lit.)<\/p>\n<p>                        \u00edndice de refra\u00e7\u00e3o\u00a0<br \/>\n                        n20\/D 1.588(lit.)<\/p>\n<p>                        Ponto de inflama\u00e7\u00e3o<br \/>\n                        >230\u00a0\u00b0F<\/p>\n<p>                        storage temp.\u00a0<br \/>\n                        Keep in dark place,Inert atmosphere,Room temperature<\/p>\n<p>                        pka<br \/>\n                        10.20\u00b10.10(Predicted)<\/p>\n<p>                        forma\u00a0<br \/>\n                        P\u00f3<\/p>\n<p>                        color\u00a0<br \/>\n                        Yellow to brown<\/p>\n<p>                        Water Solubility\u00a0<br \/>\n                        Soluble in water.<\/p>\n<p>                        BRN\u00a0<br \/>\n                        124508<\/p>\n<p>                        CAS DataBase Reference<br \/>\n                        771-99-3(CAS DataBase Reference)<\/p>\n<p>                        NIST Chemistry Reference<br \/>\n                        4-Phenylpiperidine(771-99-3)<\/p>","protected":false},"excerpt":{"rendered":"<p>Product Name\uff1a4-Phenylpiperidine<br \/>CAS\uff1a771-99-3<br \/>MFC11H15N<br \/>MW\uff1a161.24<br \/>EINECS\uff1a212-243-1<br \/>MOL File\uff1a771-99-3.mol<\/p>","protected":false},"featured_media":21904,"comment_status":"open","ping_status":"closed","template":"","meta":[],"product_brand":[],"product_cat":[17],"product_tag":[],"class_list":{"0":"post-25034","1":"product","2":"type-product","3":"status-publish","4":"has-post-thumbnail","6":"product_cat-uncategorized","8":"first","9":"instock","10":"shipping-taxable","11":"product-type-simple"},"_links":{"self":[{"href":"https:\/\/chemneo.com\/pt\/wp-json\/wp\/v2\/product\/25034","targetHints":{"allow":["GET"]}}],"collection":[{"href":"https:\/\/chemneo.com\/pt\/wp-json\/wp\/v2\/product"}],"about":[{"href":"https:\/\/chemneo.com\/pt\/wp-json\/wp\/v2\/types\/product"}],"replies":[{"embeddable":true,"href":"https:\/\/chemneo.com\/pt\/wp-json\/wp\/v2\/comments?post=25034"}],"wp:featuredmedia":[{"embeddable":true,"href":"https:\/\/chemneo.com\/pt\/wp-json\/wp\/v2\/media\/21904"}],"wp:attachment":[{"href":"https:\/\/chemneo.com\/pt\/wp-json\/wp\/v2\/media?parent=25034"}],"wp:term":[{"taxonomy":"product_brand","embeddable":true,"href":"https:\/\/chemneo.com\/pt\/wp-json\/wp\/v2\/product_brand?post=25034"},{"taxonomy":"product_cat","embeddable":true,"href":"https:\/\/chemneo.com\/pt\/wp-json\/wp\/v2\/product_cat?post=25034"},{"taxonomy":"product_tag","embeddable":true,"href":"https:\/\/chemneo.com\/pt\/wp-json\/wp\/v2\/product_tag?post=25034"}],"curies":[{"name":"wp","href":"https:\/\/api.w.org\/{rel}","templated":true}]}}