{"id":25045,"date":"2024-12-02T15:42:50","date_gmt":"2024-12-02T07:42:50","guid":{"rendered":"https:\/\/chemneo.com\/product\/25045.html"},"modified":"2024-12-02T15:42:51","modified_gmt":"2024-12-02T07:42:51","slug":"4-chloro-2-methylthiopyrimidine-2","status":"publish","type":"product","link":"https:\/\/chemneo.com\/pt\/product\/25045.html","title":{"rendered":"4-Chloro-2-methylthiopyrimidine"},"content":{"rendered":"<p>Propriedades qu\u00edmicas<\/p>\n<p>                        Melting point<br \/>\n                        \u22122\u00a0\u00b0C(lit.)<\/p>\n<p>                        Ponto de ebuli\u00e7\u00e3o<br \/>\n                        139-140\u00a0\u00b0C36\u00a0mm Hg(lit.)<\/p>\n<p>                        Densidade\u00a0<br \/>\n                        1.381\u00a0g\/mL\u00a0at 25\u00a0\u00b0C(lit.)<\/p>\n<p>                        \u00edndice de refra\u00e7\u00e3o\u00a0<br \/>\n                        n20\/D 1.6(lit.)<\/p>\n<p>                        Ponto de inflama\u00e7\u00e3o<br \/>\n                        >230\u00a0\u00b0F<\/p>\n<p>                        storage temp.\u00a0<br \/>\n                        under inert gas (nitrogen or Argon) at 2\u20138 \u00b0C<\/p>\n<p>                        pka<br \/>\n                        -0.56\u00b10.20(Predicted)<\/p>\n<p>                        forma\u00a0<br \/>\n                        liquid<\/p>\n<p>                        color\u00a0<br \/>\n                        Colorless to Red to Green<\/p>\n<p>                        Water Solubility\u00a0<br \/>\n                        Not miscible or difficult to mix in water.<\/p>\n<p>                        Sensitive\u00a0<br \/>\n                        Hygroscopic<\/p>\n<p>                        BRN\u00a0<br \/>\n                        118042<\/p>\n<p>                        InChIKey<br \/>\n                        DFOHHQRGDOQMKG-UHFFFAOYSA-N<\/p>\n<p>                        CAS DataBase Reference<br \/>\n                        49844-90-8(CAS DataBase Reference)<\/p>","protected":false},"excerpt":{"rendered":"<p>Product Name\uff1a4-Chloro-2-methylthiopyrimidine<br \/>CAS\uff1a49844-90-8<br \/>MFC5H5ClN2S<br \/>MW\uff1a160.62<br \/>EINECS\uff1a256-500-6<br \/>MOL File\uff1a49844-90-8.mol<\/p>","protected":false},"featured_media":22008,"comment_status":"open","ping_status":"closed","template":"","meta":[],"product_brand":[],"product_cat":[17],"product_tag":[],"class_list":{"0":"post-25045","1":"product","2":"type-product","3":"status-publish","4":"has-post-thumbnail","6":"product_cat-uncategorized","8":"first","9":"instock","10":"shipping-taxable","11":"product-type-simple"},"_links":{"self":[{"href":"https:\/\/chemneo.com\/pt\/wp-json\/wp\/v2\/product\/25045","targetHints":{"allow":["GET"]}}],"collection":[{"href":"https:\/\/chemneo.com\/pt\/wp-json\/wp\/v2\/product"}],"about":[{"href":"https:\/\/chemneo.com\/pt\/wp-json\/wp\/v2\/types\/product"}],"replies":[{"embeddable":true,"href":"https:\/\/chemneo.com\/pt\/wp-json\/wp\/v2\/comments?post=25045"}],"wp:featuredmedia":[{"embeddable":true,"href":"https:\/\/chemneo.com\/pt\/wp-json\/wp\/v2\/media\/22008"}],"wp:attachment":[{"href":"https:\/\/chemneo.com\/pt\/wp-json\/wp\/v2\/media?parent=25045"}],"wp:term":[{"taxonomy":"product_brand","embeddable":true,"href":"https:\/\/chemneo.com\/pt\/wp-json\/wp\/v2\/product_brand?post=25045"},{"taxonomy":"product_cat","embeddable":true,"href":"https:\/\/chemneo.com\/pt\/wp-json\/wp\/v2\/product_cat?post=25045"},{"taxonomy":"product_tag","embeddable":true,"href":"https:\/\/chemneo.com\/pt\/wp-json\/wp\/v2\/product_tag?post=25045"}],"curies":[{"name":"wp","href":"https:\/\/api.w.org\/{rel}","templated":true}]}}