{"id":25053,"date":"2024-12-02T15:43:01","date_gmt":"2024-12-02T07:43:01","guid":{"rendered":"https:\/\/chemneo.com\/product\/25053.html"},"modified":"2024-12-02T15:43:02","modified_gmt":"2024-12-02T07:43:02","slug":"5-chloro-23-difluoropyridine-2","status":"publish","type":"product","link":"https:\/\/chemneo.com\/pt\/product\/25053.html","title":{"rendered":"5-Cloro-2,3-difluoropiridina"},"content":{"rendered":"<p>Propriedades qu\u00edmicas<\/p>\n<p>                        Melting point<br \/>\n                        47-49 C<\/p>\n<p>                        Ponto de ebuli\u00e7\u00e3o<br \/>\n                        135\u00b0C<\/p>\n<p>                        Densidade\u00a0<br \/>\n                        1.442 g\/mL at 25 \u00b0C<\/p>\n<p>                        \u00edndice de refra\u00e7\u00e3o\u00a0<br \/>\n                        1.4738<\/p>\n<p>                        Ponto de inflama\u00e7\u00e3o<br \/>\n                        135\u00b0C<\/p>\n<p>                        storage temp.\u00a0<br \/>\n                        2-8\u00b0C<\/p>\n<p>                        solubility\u00a0<br \/>\n                        Chloroform (Slightly), DMSO (Slightly), Methanol (Slightly)<\/p>\n<p>                        pka<br \/>\n                        -5.14\u00b10.20(Predicted)<\/p>\n<p>                        forma\u00a0<br \/>\n                        Oil<\/p>\n<p>                        color\u00a0<br \/>\n                        Clear Colourless<\/p>\n<p>                        BRN\u00a0<br \/>\n                        4177319<\/p>\n<p>                        InChI<br \/>\n                        InChI=1S\/C5H2ClF2N\/c6-3-1-4(7)5(8)9-2-3\/h1-2H<\/p>\n<p>                        InChIKey<br \/>\n                        PERMDYZFNQIKBL-UHFFFAOYSA-N<\/p>\n<p>                        SMILES<br \/>\n                        C1(F)=NC=C(Cl)C=C1F<\/p>\n<p>                        CAS DataBase Reference<br \/>\n                        89402-43-7(CAS DataBase Reference)<\/p>","protected":false},"excerpt":{"rendered":"<p>Nome do produto\uff1a5-Cloro-2<br \/>3-difluoropiridina<br \/>CAS\uff1a89402-43-7<br \/>MFC5H2ClF2N<br \/>MW\uff1a149.53<br \/>EINECS\uff1a410-090-7<br \/>Ficheiro MOL\uff1a89402-43-7.mol<\/p>","protected":false},"featured_media":22104,"comment_status":"open","ping_status":"closed","template":"","meta":[],"product_brand":[],"product_cat":[17],"product_tag":[],"class_list":{"0":"post-25053","1":"product","2":"type-product","3":"status-publish","4":"has-post-thumbnail","6":"product_cat-uncategorized","8":"first","9":"instock","10":"shipping-taxable","11":"product-type-simple"},"_links":{"self":[{"href":"https:\/\/chemneo.com\/pt\/wp-json\/wp\/v2\/product\/25053","targetHints":{"allow":["GET"]}}],"collection":[{"href":"https:\/\/chemneo.com\/pt\/wp-json\/wp\/v2\/product"}],"about":[{"href":"https:\/\/chemneo.com\/pt\/wp-json\/wp\/v2\/types\/product"}],"replies":[{"embeddable":true,"href":"https:\/\/chemneo.com\/pt\/wp-json\/wp\/v2\/comments?post=25053"}],"wp:featuredmedia":[{"embeddable":true,"href":"https:\/\/chemneo.com\/pt\/wp-json\/wp\/v2\/media\/22104"}],"wp:attachment":[{"href":"https:\/\/chemneo.com\/pt\/wp-json\/wp\/v2\/media?parent=25053"}],"wp:term":[{"taxonomy":"product_brand","embeddable":true,"href":"https:\/\/chemneo.com\/pt\/wp-json\/wp\/v2\/product_brand?post=25053"},{"taxonomy":"product_cat","embeddable":true,"href":"https:\/\/chemneo.com\/pt\/wp-json\/wp\/v2\/product_cat?post=25053"},{"taxonomy":"product_tag","embeddable":true,"href":"https:\/\/chemneo.com\/pt\/wp-json\/wp\/v2\/product_tag?post=25053"}],"curies":[{"name":"wp","href":"https:\/\/api.w.org\/{rel}","templated":true}]}}