{"id":25069,"date":"2024-12-02T15:43:23","date_gmt":"2024-12-02T07:43:23","guid":{"rendered":"https:\/\/chemneo.com\/product\/25069.html"},"modified":"2024-12-02T15:43:24","modified_gmt":"2024-12-02T07:43:24","slug":"25-dimethylpyridine-2","status":"publish","type":"product","link":"https:\/\/chemneo.com\/pt\/product\/25069.html","title":{"rendered":"2,5-Dimetilpiridina"},"content":{"rendered":"<p>Propriedades qu\u00edmicas<\/p>\n<p>                        Melting point<br \/>\n                        \u221215\u00a0\u00b0C(lit.)<\/p>\n<p>                        Ponto de ebuli\u00e7\u00e3o<br \/>\n                        157\u00a0\u00b0C(lit.)<\/p>\n<p>                        Densidade\u00a0<br \/>\n                        0.926\u00a0g\/mL\u00a0at 25\u00a0\u00b0C(lit.)<\/p>\n<p>                        vapor pressure\u00a0<br \/>\n                        2.4 mm Hg ( 20 \u00b0C)<\/p>\n<p>                        \u00edndice de refra\u00e7\u00e3o\u00a0<br \/>\n                        n20\/D 1.499(lit.)<\/p>\n<p>                        Ponto de inflama\u00e7\u00e3o<br \/>\n                        118\u00a0\u00b0F<\/p>\n<p>                        forma\u00a0<br \/>\n                        clear liquid<\/p>\n<p>                        pka<br \/>\n                        6.4(at 25\u2103)<\/p>\n<p>                        color\u00a0<br \/>\n                        Colorless to Light orange to Yellow<\/p>\n<p>                        Water Solubility\u00a0<br \/>\n                        77g\/L(23 \u00baC)<\/p>\n<p>                        Sensitive\u00a0<br \/>\n                        Hygroscopic<\/p>\n<p>                        LogP<br \/>\n                        1.708 (est)<\/p>\n<p>                        CAS DataBase Reference<br \/>\n                        589-93-5(CAS DataBase Reference)<\/p>\n<p>                        NIST Chemistry Reference<br \/>\n                        Pyridine, 2,5-dimethyl-(589-93-5)<\/p>\n<p>                        Sistema de Registo de Subst\u00e2ncias da EPA<br \/>\n                        2,5-Dimethylpyridine (589-93-5)<\/p>","protected":false},"excerpt":{"rendered":"<p>Nome do produto\uff1a2<br \/>5-Dimetilpiridina<br \/>CAS\uff1a589-93-5<br \/>MFC7H9N<br \/>MW\uff1a107.15<br \/>EINECS\uff1a209-666-9<br \/>Ficheiro MOL\uff1a589-93-5.mol<\/p>","protected":false},"featured_media":22220,"comment_status":"open","ping_status":"closed","template":"","meta":[],"product_brand":[],"product_cat":[17],"product_tag":[],"class_list":{"0":"post-25069","1":"product","2":"type-product","3":"status-publish","4":"has-post-thumbnail","6":"product_cat-uncategorized","8":"first","9":"instock","10":"shipping-taxable","11":"product-type-simple"},"_links":{"self":[{"href":"https:\/\/chemneo.com\/pt\/wp-json\/wp\/v2\/product\/25069","targetHints":{"allow":["GET"]}}],"collection":[{"href":"https:\/\/chemneo.com\/pt\/wp-json\/wp\/v2\/product"}],"about":[{"href":"https:\/\/chemneo.com\/pt\/wp-json\/wp\/v2\/types\/product"}],"replies":[{"embeddable":true,"href":"https:\/\/chemneo.com\/pt\/wp-json\/wp\/v2\/comments?post=25069"}],"wp:featuredmedia":[{"embeddable":true,"href":"https:\/\/chemneo.com\/pt\/wp-json\/wp\/v2\/media\/22220"}],"wp:attachment":[{"href":"https:\/\/chemneo.com\/pt\/wp-json\/wp\/v2\/media?parent=25069"}],"wp:term":[{"taxonomy":"product_brand","embeddable":true,"href":"https:\/\/chemneo.com\/pt\/wp-json\/wp\/v2\/product_brand?post=25069"},{"taxonomy":"product_cat","embeddable":true,"href":"https:\/\/chemneo.com\/pt\/wp-json\/wp\/v2\/product_cat?post=25069"},{"taxonomy":"product_tag","embeddable":true,"href":"https:\/\/chemneo.com\/pt\/wp-json\/wp\/v2\/product_tag?post=25069"}],"curies":[{"name":"wp","href":"https:\/\/api.w.org\/{rel}","templated":true}]}}