{"id":25081,"date":"2024-12-02T15:43:40","date_gmt":"2024-12-02T07:43:40","guid":{"rendered":"https:\/\/chemneo.com\/product\/25081.html"},"modified":"2024-12-02T15:43:41","modified_gmt":"2024-12-02T07:43:41","slug":"picloram-2","status":"publish","type":"product","link":"https:\/\/chemneo.com\/pt\/product\/25081.html","title":{"rendered":"Picloram"},"content":{"rendered":"<p>Propriedades qu\u00edmicas<\/p>\n<p>                        Melting point<br \/>\n                        200\u00a0\u00b0C (dec.)(lit.)<\/p>\n<p>                        Ponto de ebuli\u00e7\u00e3o<br \/>\n                        421\u2103<\/p>\n<p>                        Densidade\u00a0<br \/>\n                        1.9163 (rough estimate)<\/p>\n<p>                        \u00edndice de refra\u00e7\u00e3o\u00a0<br \/>\n                        1.6770 (estimate)<\/p>\n<p>                        Ponto de inflama\u00e7\u00e3o<br \/>\n                        >110\u00b0(230\u00b0F)<\/p>\n<p>                        storage temp.\u00a0<br \/>\n                        0-6\u00b0C<\/p>\n<p>                        solubility\u00a0<br \/>\n                        Soluble in acetone<\/p>\n<p>                        forma\u00a0<br \/>\n                        Granules<\/p>\n<p>                        pka<br \/>\n                        4.1(at 25\u2103)<\/p>\n<p>                        color\u00a0<br \/>\n                        White, tan<\/p>\n<p>                        Water Solubility\u00a0<br \/>\n                        420 mg\/L<\/p>\n<p>                        \u03bbmax<br \/>\n                        252nm(Phosphate buffer sol.)(lit.)<\/p>\n<p>                        Merck\u00a0<br \/>\n                        14,7397<\/p>\n<p>                        BRN\u00a0<br \/>\n                        479075<\/p>\n<p>                        Exposure limits<br \/>\n                        OSHA PEL: 15 mg\/m3 (total), 5 mg\/m3 (respirable fraction); ACGIH<br \/>\nTLV: TWA 10 mg\/m3, STEL 20 mg\/m3.<\/p>\n<p>                        InChIKey<br \/>\n                        NQQVFXUMIDALNH-UHFFFAOYSA-N<\/p>\n<p>                        LogP<br \/>\n                        0.300<\/p>\n<p>                        CAS DataBase Reference<br \/>\n                        1918-02-1(CAS DataBase Reference)<\/p>\n<p>                        IARC<br \/>\n                        3 (Vol. 53) 1991<\/p>\n<p>                        NIST Chemistry Reference<br \/>\n                        2-Pyridinecarboxylic acid, 4-amino-3,5,6-trichloro-(1918-02-1)<\/p>\n<p>                        Sistema de Registo de Subst\u00e2ncias da EPA<br \/>\n                        Picloram (1918-02-1)<\/p>\n<p>                show less<br \/>\n                show more<\/p>","protected":false},"excerpt":{"rendered":"<p>Product Name\uff1aPicloram<br \/>CAS\uff1a1918-02-1<br \/>MFC6H3Cl3N2O2<br \/>MW\uff1a241.46<br \/>EINECS\uff1a217-636-1<br \/>MOL File\uff1a1918-02-1.mol<\/p>","protected":false},"featured_media":22314,"comment_status":"open","ping_status":"closed","template":"","meta":[],"product_brand":[],"product_cat":[17],"product_tag":[],"class_list":{"0":"post-25081","1":"product","2":"type-product","3":"status-publish","4":"has-post-thumbnail","6":"product_cat-uncategorized","8":"first","9":"instock","10":"shipping-taxable","11":"product-type-simple"},"_links":{"self":[{"href":"https:\/\/chemneo.com\/pt\/wp-json\/wp\/v2\/product\/25081","targetHints":{"allow":["GET"]}}],"collection":[{"href":"https:\/\/chemneo.com\/pt\/wp-json\/wp\/v2\/product"}],"about":[{"href":"https:\/\/chemneo.com\/pt\/wp-json\/wp\/v2\/types\/product"}],"replies":[{"embeddable":true,"href":"https:\/\/chemneo.com\/pt\/wp-json\/wp\/v2\/comments?post=25081"}],"wp:featuredmedia":[{"embeddable":true,"href":"https:\/\/chemneo.com\/pt\/wp-json\/wp\/v2\/media\/22314"}],"wp:attachment":[{"href":"https:\/\/chemneo.com\/pt\/wp-json\/wp\/v2\/media?parent=25081"}],"wp:term":[{"taxonomy":"product_brand","embeddable":true,"href":"https:\/\/chemneo.com\/pt\/wp-json\/wp\/v2\/product_brand?post=25081"},{"taxonomy":"product_cat","embeddable":true,"href":"https:\/\/chemneo.com\/pt\/wp-json\/wp\/v2\/product_cat?post=25081"},{"taxonomy":"product_tag","embeddable":true,"href":"https:\/\/chemneo.com\/pt\/wp-json\/wp\/v2\/product_tag?post=25081"}],"curies":[{"name":"wp","href":"https:\/\/api.w.org\/{rel}","templated":true}]}}