{"id":25085,"date":"2024-12-02T15:43:46","date_gmt":"2024-12-02T07:43:46","guid":{"rendered":"https:\/\/chemneo.com\/product\/25085.html"},"modified":"2024-12-02T15:43:47","modified_gmt":"2024-12-02T07:43:47","slug":"3-bromo-2-chloro-6-picoline-2","status":"publish","type":"product","link":"https:\/\/chemneo.com\/pt\/product\/25085.html","title":{"rendered":"3-BROMO-2-CHLORO-6-PICOLINE"},"content":{"rendered":"<p>Propriedades qu\u00edmicas<\/p>\n<p>                        Melting point<br \/>\n                        30-35\u00b0C<\/p>\n<p>                        Ponto de ebuli\u00e7\u00e3o<br \/>\n                        234.2\u00b135.0 \u00b0C(Predicted)<\/p>\n<p>                        Densidade\u00a0<br \/>\n                        1.6567 (rough estimate)<\/p>\n<p>                        \u00edndice de refra\u00e7\u00e3o\u00a0<br \/>\n                        1.5400 (estimate)<\/p>\n<p>                        storage temp.\u00a0<br \/>\n                        under inert gas (nitrogen or Argon) at 2\u20138 \u00b0C<\/p>\n<p>                        pka<br \/>\n                        0.33\u00b10.10(Predicted)<\/p>\n<p>                        forma\u00a0<br \/>\n                        Solid<\/p>\n<p>                        color\u00a0<br \/>\n                        Yellow<\/p>\n<p>                        InChIKey<br \/>\n                        JVDQYSIJBRTRMS-UHFFFAOYSA-N<\/p>\n<p>                        CAS DataBase Reference<br \/>\n                        185017-72-5(CAS DataBase Reference)<\/p>","protected":false},"excerpt":{"rendered":"<p>Product Name\uff1a3-BROMO-2-CHLORO-6-PICOLINE<br \/>CAS\uff1a185017-72-5<br \/>MFC6H5BrClN<br \/>MW\uff1a206.47<br \/>EINECS\uff1a<br \/>MOL File\uff1a185017-72-5.mol<\/p>","protected":false},"featured_media":22354,"comment_status":"open","ping_status":"closed","template":"","meta":[],"product_brand":[],"product_cat":[17],"product_tag":[],"class_list":{"0":"post-25085","1":"product","2":"type-product","3":"status-publish","4":"has-post-thumbnail","6":"product_cat-uncategorized","8":"first","9":"instock","10":"shipping-taxable","11":"product-type-simple"},"_links":{"self":[{"href":"https:\/\/chemneo.com\/pt\/wp-json\/wp\/v2\/product\/25085","targetHints":{"allow":["GET"]}}],"collection":[{"href":"https:\/\/chemneo.com\/pt\/wp-json\/wp\/v2\/product"}],"about":[{"href":"https:\/\/chemneo.com\/pt\/wp-json\/wp\/v2\/types\/product"}],"replies":[{"embeddable":true,"href":"https:\/\/chemneo.com\/pt\/wp-json\/wp\/v2\/comments?post=25085"}],"wp:featuredmedia":[{"embeddable":true,"href":"https:\/\/chemneo.com\/pt\/wp-json\/wp\/v2\/media\/22354"}],"wp:attachment":[{"href":"https:\/\/chemneo.com\/pt\/wp-json\/wp\/v2\/media?parent=25085"}],"wp:term":[{"taxonomy":"product_brand","embeddable":true,"href":"https:\/\/chemneo.com\/pt\/wp-json\/wp\/v2\/product_brand?post=25085"},{"taxonomy":"product_cat","embeddable":true,"href":"https:\/\/chemneo.com\/pt\/wp-json\/wp\/v2\/product_cat?post=25085"},{"taxonomy":"product_tag","embeddable":true,"href":"https:\/\/chemneo.com\/pt\/wp-json\/wp\/v2\/product_tag?post=25085"}],"curies":[{"name":"wp","href":"https:\/\/api.w.org\/{rel}","templated":true}]}}