{"id":25091,"date":"2024-12-02T15:43:53","date_gmt":"2024-12-02T07:43:53","guid":{"rendered":"https:\/\/chemneo.com\/product\/25091.html"},"modified":"2024-12-02T15:43:55","modified_gmt":"2024-12-02T07:43:55","slug":"2-picoline-n-oxide-2","status":"publish","type":"product","link":"https:\/\/chemneo.com\/pt\/product\/25091.html","title":{"rendered":"N-\u00f3xido de 2-picolina"},"content":{"rendered":"<p>Propriedades qu\u00edmicas<\/p>\n<p>                        Melting point<br \/>\n                        41-45\u00a0\u00b0C(lit.)<\/p>\n<p>                        Ponto de ebuli\u00e7\u00e3o<br \/>\n                        259-261 \u00b0C<\/p>\n<p>                        Densidade\u00a0<br \/>\n                        1.1143 (rough estimate)<\/p>\n<p>                        \u00edndice de refra\u00e7\u00e3o\u00a0<br \/>\n                        1.5444 (estimate)<\/p>\n<p>                        Ponto de inflama\u00e7\u00e3o<br \/>\n                        >230\u00a0\u00b0F<\/p>\n<p>                        forma\u00a0<br \/>\n                        powder to lump to clear liquid<\/p>\n<p>                        pka<br \/>\n                        pK1:1.029(+1) (25\u00b0C)<\/p>\n<p>                        color\u00a0<br \/>\n                        White or Colorless to Light yellow<\/p>\n<p>                        Water Solubility\u00a0<br \/>\n                        soluble<\/p>\n<p>                        Sensitive\u00a0<br \/>\n                        Hygroscopic<\/p>\n<p>                        BRN\u00a0<br \/>\n                        106916<\/p>\n<p>                        CAS DataBase Reference<br \/>\n                        931-19-1(CAS DataBase Reference)<\/p>\n<p>                        NIST Chemistry Reference<br \/>\n                        Pyridine, 2-methyl-, 1-oxide(931-19-1)<\/p>\n<p>                        Sistema de Registo de Subst\u00e2ncias da EPA<br \/>\n                        2-Methylpyridine-1-oxide (931-19-1)<\/p>","protected":false},"excerpt":{"rendered":"<p>Nome do produto\uff1aN-\u00f3xido de 2-picolina<br \/>CAS\uff1a931-19-1<br \/>MFC6H7NO<br \/>MW\uff1a109.13<br \/>EINECS\uff1a213-230-3<br \/>Ficheiro MOL\uff1a931-19-1.mol<\/p>","protected":false},"featured_media":22402,"comment_status":"open","ping_status":"closed","template":"","meta":[],"product_brand":[],"product_cat":[17],"product_tag":[],"class_list":{"0":"post-25091","1":"product","2":"type-product","3":"status-publish","4":"has-post-thumbnail","6":"product_cat-uncategorized","8":"first","9":"instock","10":"shipping-taxable","11":"product-type-simple"},"_links":{"self":[{"href":"https:\/\/chemneo.com\/pt\/wp-json\/wp\/v2\/product\/25091","targetHints":{"allow":["GET"]}}],"collection":[{"href":"https:\/\/chemneo.com\/pt\/wp-json\/wp\/v2\/product"}],"about":[{"href":"https:\/\/chemneo.com\/pt\/wp-json\/wp\/v2\/types\/product"}],"replies":[{"embeddable":true,"href":"https:\/\/chemneo.com\/pt\/wp-json\/wp\/v2\/comments?post=25091"}],"wp:featuredmedia":[{"embeddable":true,"href":"https:\/\/chemneo.com\/pt\/wp-json\/wp\/v2\/media\/22402"}],"wp:attachment":[{"href":"https:\/\/chemneo.com\/pt\/wp-json\/wp\/v2\/media?parent=25091"}],"wp:term":[{"taxonomy":"product_brand","embeddable":true,"href":"https:\/\/chemneo.com\/pt\/wp-json\/wp\/v2\/product_brand?post=25091"},{"taxonomy":"product_cat","embeddable":true,"href":"https:\/\/chemneo.com\/pt\/wp-json\/wp\/v2\/product_cat?post=25091"},{"taxonomy":"product_tag","embeddable":true,"href":"https:\/\/chemneo.com\/pt\/wp-json\/wp\/v2\/product_tag?post=25091"}],"curies":[{"name":"wp","href":"https:\/\/api.w.org\/{rel}","templated":true}]}}