{"id":25097,"date":"2024-12-02T15:44:02","date_gmt":"2024-12-02T07:44:02","guid":{"rendered":"https:\/\/chemneo.com\/product\/25097.html"},"modified":"2024-12-02T15:44:03","modified_gmt":"2024-12-02T07:44:03","slug":"2-bromopyrimidine-2","status":"publish","type":"product","link":"https:\/\/chemneo.com\/pt\/product\/25097.html","title":{"rendered":"2-Bromopirimidina"},"content":{"rendered":"<p>Propriedades qu\u00edmicas<\/p>\n<p>                        Melting point<br \/>\n                        55-57 \u00b0C (lit.)<\/p>\n<p>                        Ponto de ebuli\u00e7\u00e3o<br \/>\n                        62-64\u00b0C (1.5 mmHg)<\/p>\n<p>                        Densidade\u00a0<br \/>\n                        1.6448 (rough estimate)<\/p>\n<p>                        \u00edndice de refra\u00e7\u00e3o\u00a0<br \/>\n                        1.5260 (estimate)<\/p>\n<p>                        Ponto de inflama\u00e7\u00e3o<br \/>\n                        62-64\u00b0C\/1.5mm<\/p>\n<p>                        storage temp.\u00a0<br \/>\n                        -20\u00b0C<\/p>\n<p>                        solubility\u00a0<br \/>\n                        DMSO (Sparingly), Methanol (Slightly)<\/p>\n<p>                        pka<br \/>\n                        -1.59\u00b10.13(Predicted)<\/p>\n<p>                        forma\u00a0<br \/>\n                        Crystalline Powder<\/p>\n<p>                        color\u00a0<br \/>\n                        Off-white<\/p>\n<p>                        Water Solubility\u00a0<br \/>\n                        Miscible with water.<\/p>\n<p>                        BRN\u00a0<br \/>\n                        605945<\/p>\n<p>                        CAS DataBase Reference<br \/>\n                        4595-60-2(CAS DataBase Reference)<\/p>\n<p>                        NIST Chemistry Reference<br \/>\n                        Pyrimidine, 2-bromo-(4595-60-2)<\/p>\n<p>                        Sistema de Registo de Subst\u00e2ncias da EPA<br \/>\n                        Pyrimidine, 2-bromo- (4595-60-2)<\/p>","protected":false},"excerpt":{"rendered":"<p>Product Name\uff1a2-Bromopyrimidine<br \/>CAS\uff1a4595-60-2<br \/>MFC4H3BrN2<br \/>MW\uff1a158.98<br \/>EINECS\uff1a224-993-7<br \/>MOL File\uff1a4595-60-2.mol<\/p>","protected":false},"featured_media":22458,"comment_status":"open","ping_status":"closed","template":"","meta":[],"product_brand":[],"product_cat":[17],"product_tag":[],"class_list":{"0":"post-25097","1":"product","2":"type-product","3":"status-publish","4":"has-post-thumbnail","6":"product_cat-uncategorized","8":"first","9":"instock","10":"shipping-taxable","11":"product-type-simple"},"_links":{"self":[{"href":"https:\/\/chemneo.com\/pt\/wp-json\/wp\/v2\/product\/25097","targetHints":{"allow":["GET"]}}],"collection":[{"href":"https:\/\/chemneo.com\/pt\/wp-json\/wp\/v2\/product"}],"about":[{"href":"https:\/\/chemneo.com\/pt\/wp-json\/wp\/v2\/types\/product"}],"replies":[{"embeddable":true,"href":"https:\/\/chemneo.com\/pt\/wp-json\/wp\/v2\/comments?post=25097"}],"wp:featuredmedia":[{"embeddable":true,"href":"https:\/\/chemneo.com\/pt\/wp-json\/wp\/v2\/media\/22458"}],"wp:attachment":[{"href":"https:\/\/chemneo.com\/pt\/wp-json\/wp\/v2\/media?parent=25097"}],"wp:term":[{"taxonomy":"product_brand","embeddable":true,"href":"https:\/\/chemneo.com\/pt\/wp-json\/wp\/v2\/product_brand?post=25097"},{"taxonomy":"product_cat","embeddable":true,"href":"https:\/\/chemneo.com\/pt\/wp-json\/wp\/v2\/product_cat?post=25097"},{"taxonomy":"product_tag","embeddable":true,"href":"https:\/\/chemneo.com\/pt\/wp-json\/wp\/v2\/product_tag?post=25097"}],"curies":[{"name":"wp","href":"https:\/\/api.w.org\/{rel}","templated":true}]}}