{"id":25100,"date":"2024-12-02T15:44:06","date_gmt":"2024-12-02T07:44:06","guid":{"rendered":"https:\/\/chemneo.com\/product\/25100.html"},"modified":"2024-12-02T15:44:07","modified_gmt":"2024-12-02T07:44:07","slug":"3-methyl-2-pyridone-2","status":"publish","type":"product","link":"https:\/\/chemneo.com\/pt\/product\/25100.html","title":{"rendered":"3-Metil-2-piridona"},"content":{"rendered":"<p>Propriedades qu\u00edmicas<\/p>\n<p>                        Melting point<br \/>\n                        139-141 \u00b0C<\/p>\n<p>                        Ponto de ebuli\u00e7\u00e3o<br \/>\n                        204.59\u00b0C (rough estimate)<\/p>\n<p>                        Densidade\u00a0<br \/>\n                        1.1143 (rough estimate)<\/p>\n<p>                        \u00edndice de refra\u00e7\u00e3o\u00a0<br \/>\n                        1.5444 (estimate)<\/p>\n<p>                        storage temp.\u00a0<br \/>\n                        Sealed in dry,Room Temperature<\/p>\n<p>                        solubility\u00a0<br \/>\n                        Soluble in methanol.<\/p>\n<p>                        forma\u00a0<br \/>\n                        powder to crystal<\/p>\n<p>                        pka<br \/>\n                        12.61\u00b10.10(Predicted)<\/p>\n<p>                        color\u00a0<br \/>\n                        White to Orange to Green<\/p>\n<p>                        BRN\u00a0<br \/>\n                        1422044<\/p>\n<p>                        InChI<br \/>\n                        InChI=1S\/C6H7NO\/c1-5-3-2-4-7-6(5)8\/h2-4H,1H3,(H,7,8)<\/p>\n<p>                        InChIKey<br \/>\n                        MVKDNXIKAWKCCS-UHFFFAOYSA-N<\/p>\n<p>                        SMILES<br \/>\n                        C1(=O)NC=CC=C1C<\/p>\n<p>                        CAS DataBase Reference<br \/>\n                        1003-56-1(CAS DataBase Reference)<\/p>\n<p>                        NIST Chemistry Reference<br \/>\n                        2(1H)-pyridinone, 3-methyl-(1003-56-1)<\/p>","protected":false},"excerpt":{"rendered":"<p>Nome do produto\uff1a3-Metil-2-piridona<br \/>CAS\uff1a1003-56-1<br \/>MFC6H7NO<br \/>MW\uff1a109.13<br \/>EINECS\uff1a213-710-2<br \/>Ficheiro MOL\uff1a1003-56-1.mol<\/p>","protected":false},"featured_media":22476,"comment_status":"open","ping_status":"closed","template":"","meta":[],"product_brand":[],"product_cat":[17],"product_tag":[],"class_list":{"0":"post-25100","1":"product","2":"type-product","3":"status-publish","4":"has-post-thumbnail","6":"product_cat-uncategorized","8":"first","9":"instock","10":"shipping-taxable","11":"product-type-simple"},"_links":{"self":[{"href":"https:\/\/chemneo.com\/pt\/wp-json\/wp\/v2\/product\/25100","targetHints":{"allow":["GET"]}}],"collection":[{"href":"https:\/\/chemneo.com\/pt\/wp-json\/wp\/v2\/product"}],"about":[{"href":"https:\/\/chemneo.com\/pt\/wp-json\/wp\/v2\/types\/product"}],"replies":[{"embeddable":true,"href":"https:\/\/chemneo.com\/pt\/wp-json\/wp\/v2\/comments?post=25100"}],"wp:featuredmedia":[{"embeddable":true,"href":"https:\/\/chemneo.com\/pt\/wp-json\/wp\/v2\/media\/22476"}],"wp:attachment":[{"href":"https:\/\/chemneo.com\/pt\/wp-json\/wp\/v2\/media?parent=25100"}],"wp:term":[{"taxonomy":"product_brand","embeddable":true,"href":"https:\/\/chemneo.com\/pt\/wp-json\/wp\/v2\/product_brand?post=25100"},{"taxonomy":"product_cat","embeddable":true,"href":"https:\/\/chemneo.com\/pt\/wp-json\/wp\/v2\/product_cat?post=25100"},{"taxonomy":"product_tag","embeddable":true,"href":"https:\/\/chemneo.com\/pt\/wp-json\/wp\/v2\/product_tag?post=25100"}],"curies":[{"name":"wp","href":"https:\/\/api.w.org\/{rel}","templated":true}]}}