{"id":25109,"date":"2024-12-02T15:44:18","date_gmt":"2024-12-02T07:44:18","guid":{"rendered":"https:\/\/chemneo.com\/product\/25109.html"},"modified":"2024-12-02T15:44:19","modified_gmt":"2024-12-02T07:44:19","slug":"25-dibromopyridine-2","status":"publish","type":"product","link":"https:\/\/chemneo.com\/pt\/product\/25109.html","title":{"rendered":"2,5-Dibromopiridina"},"content":{"rendered":"<p>Propriedades qu\u00edmicas<\/p>\n<p>                        Melting point<br \/>\n                        92-95 \u00b0C (lit.)<\/p>\n<p>                        Ponto de ebuli\u00e7\u00e3o<br \/>\n                        235 \u00b0C \/ 772mmHg<\/p>\n<p>                        Densidade\u00a0<br \/>\n                        2.0383 (rough estimate)<\/p>\n<p>                        \u00edndice de refra\u00e7\u00e3o\u00a0<br \/>\n                        1.5800 (estimate)<\/p>\n<p>                        Ponto de inflama\u00e7\u00e3o<br \/>\n                        62\u2103<\/p>\n<p>                        storage temp.\u00a0<br \/>\n                        Inert atmosphere,Room Temperature<\/p>\n<p>                        solubility\u00a0<br \/>\n                        Chloroform (Slightly), Methanol (Slightly)<\/p>\n<p>                        forma\u00a0<br \/>\n                        Crystalline Powder<\/p>\n<p>                        pka<br \/>\n                        -1.57\u00b10.10(Predicted)<\/p>\n<p>                        color\u00a0<br \/>\n                        Almost white or light beige to brown<\/p>\n<p>                        Water Solubility\u00a0<br \/>\n                        insoluble<\/p>\n<p>                        BRN\u00a0<br \/>\n                        109099<\/p>\n<p>                        InChI<br \/>\n                        InChI=1S\/C5H3Br2N\/c6-4-1-2-5(7)8-3-4\/h1-3H<\/p>\n<p>                        InChIKey<br \/>\n                        ZHXUWDPHUQHFOV-UHFFFAOYSA-N<\/p>\n<p>                        SMILES<br \/>\n                        C1(Br)=NC=C(Br)C=C1<\/p>\n<p>                        CAS DataBase Reference<br \/>\n                        624-28-2(CAS DataBase Reference)<\/p>","protected":false},"excerpt":{"rendered":"<p>Nome do produto\uff1a2<br \/>5-Dibromopyridine<br \/>CAS\uff1a624-28-2<br \/>MFC5H3Br2N<br \/>MW\uff1a236.89<br \/>EINECS\uff1a210-839-6<br \/>MOL File\uff1a624-28-2.mol<\/p>","protected":false},"featured_media":22518,"comment_status":"open","ping_status":"closed","template":"","meta":[],"product_brand":[],"product_cat":[17],"product_tag":[],"class_list":{"0":"post-25109","1":"product","2":"type-product","3":"status-publish","4":"has-post-thumbnail","6":"product_cat-uncategorized","8":"first","9":"instock","10":"shipping-taxable","11":"product-type-simple"},"_links":{"self":[{"href":"https:\/\/chemneo.com\/pt\/wp-json\/wp\/v2\/product\/25109","targetHints":{"allow":["GET"]}}],"collection":[{"href":"https:\/\/chemneo.com\/pt\/wp-json\/wp\/v2\/product"}],"about":[{"href":"https:\/\/chemneo.com\/pt\/wp-json\/wp\/v2\/types\/product"}],"replies":[{"embeddable":true,"href":"https:\/\/chemneo.com\/pt\/wp-json\/wp\/v2\/comments?post=25109"}],"wp:featuredmedia":[{"embeddable":true,"href":"https:\/\/chemneo.com\/pt\/wp-json\/wp\/v2\/media\/22518"}],"wp:attachment":[{"href":"https:\/\/chemneo.com\/pt\/wp-json\/wp\/v2\/media?parent=25109"}],"wp:term":[{"taxonomy":"product_brand","embeddable":true,"href":"https:\/\/chemneo.com\/pt\/wp-json\/wp\/v2\/product_brand?post=25109"},{"taxonomy":"product_cat","embeddable":true,"href":"https:\/\/chemneo.com\/pt\/wp-json\/wp\/v2\/product_cat?post=25109"},{"taxonomy":"product_tag","embeddable":true,"href":"https:\/\/chemneo.com\/pt\/wp-json\/wp\/v2\/product_tag?post=25109"}],"curies":[{"name":"wp","href":"https:\/\/api.w.org\/{rel}","templated":true}]}}