{"id":25118,"date":"2024-12-02T15:44:31","date_gmt":"2024-12-02T07:44:31","guid":{"rendered":"https:\/\/chemneo.com\/product\/25118.html"},"modified":"2024-12-02T15:44:32","modified_gmt":"2024-12-02T07:44:32","slug":"46-dimethoxypyrimidine-2","status":"publish","type":"product","link":"https:\/\/chemneo.com\/pt\/product\/25118.html","title":{"rendered":"4,6-Dimetoxipirimidina"},"content":{"rendered":"<p>Propriedades qu\u00edmicas<\/p>\n<p>                        Melting point<br \/>\n                        33 \u00b0C<\/p>\n<p>                        Ponto de ebuli\u00e7\u00e3o<br \/>\n                        186 \u00b0C<\/p>\n<p>                        Densidade\u00a0<br \/>\n                        1.131\u00b10.06 g\/cm3(Predicted)<\/p>\n<p>                        \u00edndice de refra\u00e7\u00e3o\u00a0<br \/>\n                        1.49<\/p>\n<p>                        storage temp.\u00a0<br \/>\n                        Sealed in dry,Room Temperature<\/p>\n<p>                        solubility\u00a0<br \/>\n                        soluble in Methanol<\/p>\n<p>                        forma\u00a0<br \/>\n                        powder to lump to clear liquid<\/p>\n<p>                        pka<br \/>\n                        1.48\u00b10.17(Predicted)<\/p>\n<p>                        color\u00a0<br \/>\n                        White or Colorless to Almost white or Almost colorless<\/p>\n<p>                        InChI<br \/>\n                        InChI=1S\/C6H8N2O2\/c1-9-5-3-6(10-2)8-4-7-5\/h3-4H,1-2H3<\/p>\n<p>                        InChIKey<br \/>\n                        FPSPPRZKBUVEJQ-UHFFFAOYSA-N<\/p>\n<p>                        SMILES<br \/>\n                        C1=NC(OC)=CC(OC)=N1<\/p>\n<p>                        CAS DataBase Reference<br \/>\n                        5270-94-0(CAS DataBase Reference)<\/p>","protected":false},"excerpt":{"rendered":"<p>Nome do produto\uff1a4<br \/>6-Dimetoxipirimidina<br \/>CAS\uff1a5270-94-0<br \/>MFC6H8N2O2<br \/>MW\uff1a140.14<br \/>EINECS\uff1a<br \/>Ficheiro MOL\uff1a5270-94-0.mol<\/p>","protected":false},"featured_media":22560,"comment_status":"open","ping_status":"closed","template":"","meta":[],"product_brand":[],"product_cat":[17],"product_tag":[],"class_list":{"0":"post-25118","1":"product","2":"type-product","3":"status-publish","4":"has-post-thumbnail","6":"product_cat-uncategorized","8":"first","9":"instock","10":"shipping-taxable","11":"product-type-simple"},"_links":{"self":[{"href":"https:\/\/chemneo.com\/pt\/wp-json\/wp\/v2\/product\/25118","targetHints":{"allow":["GET"]}}],"collection":[{"href":"https:\/\/chemneo.com\/pt\/wp-json\/wp\/v2\/product"}],"about":[{"href":"https:\/\/chemneo.com\/pt\/wp-json\/wp\/v2\/types\/product"}],"replies":[{"embeddable":true,"href":"https:\/\/chemneo.com\/pt\/wp-json\/wp\/v2\/comments?post=25118"}],"wp:featuredmedia":[{"embeddable":true,"href":"https:\/\/chemneo.com\/pt\/wp-json\/wp\/v2\/media\/22560"}],"wp:attachment":[{"href":"https:\/\/chemneo.com\/pt\/wp-json\/wp\/v2\/media?parent=25118"}],"wp:term":[{"taxonomy":"product_brand","embeddable":true,"href":"https:\/\/chemneo.com\/pt\/wp-json\/wp\/v2\/product_brand?post=25118"},{"taxonomy":"product_cat","embeddable":true,"href":"https:\/\/chemneo.com\/pt\/wp-json\/wp\/v2\/product_cat?post=25118"},{"taxonomy":"product_tag","embeddable":true,"href":"https:\/\/chemneo.com\/pt\/wp-json\/wp\/v2\/product_tag?post=25118"}],"curies":[{"name":"wp","href":"https:\/\/api.w.org\/{rel}","templated":true}]}}