{"id":25131,"date":"2024-12-02T15:44:49","date_gmt":"2024-12-02T07:44:49","guid":{"rendered":"https:\/\/chemneo.com\/product\/25131.html"},"modified":"2024-12-02T15:44:51","modified_gmt":"2024-12-02T07:44:51","slug":"4-nitro-23-lutidine-n-oxide-2","status":"publish","type":"product","link":"https:\/\/chemneo.com\/pt\/product\/25131.html","title":{"rendered":"N-\u00f3xido de 4-nitro-2,3-lutidina"},"content":{"rendered":"<p>Propriedades qu\u00edmicas<\/p>\n<p>                        Melting point<br \/>\n                        94-98 \u00b0C (lit.)<\/p>\n<p>                        Ponto de ebuli\u00e7\u00e3o<br \/>\n                        297.07\u00b0C (rough estimate)<\/p>\n<p>                        Densidade\u00a0<br \/>\n                        1.3722 (rough estimate)<\/p>\n<p>                        \u00edndice de refra\u00e7\u00e3o\u00a0<br \/>\n                        1.5200 (estimate)<\/p>\n<p>                        storage temp.\u00a0<br \/>\n                        Sealed in dry,Room Temperature<\/p>\n<p>                        solubility\u00a0<br \/>\n                        Chloroform (Slightly), Methanol (Slightly)<\/p>\n<p>                        pka<br \/>\n                        -1.03\u00b10.10(Predicted)<\/p>\n<p>                        forma\u00a0<br \/>\n                        Powder or Crystalline Powder<\/p>\n<p>                        color\u00a0<br \/>\n                        Pale yellow to yellow<\/p>\n<p>                        BRN\u00a0<br \/>\n                        1569438<\/p>\n<p>                        InChIKey<br \/>\n                        CFMTVTYBZMKULI-UHFFFAOYSA-N<\/p>\n<p>                        CAS DataBase Reference<br \/>\n                        37699-43-7(CAS DataBase Reference)<\/p>","protected":false},"excerpt":{"rendered":"<p>Nome do produto: 4-Nitro-2<br \/>N-\u00f3xido de 3-lutidina<br \/>CAS\uff1a37699-43-7<br \/>MFC7H8N2O3<br \/>MW\uff1a168.15<br \/>EINECS\uff1a609-469-1<br \/>Ficheiro MOL\uff1a37699-43-7.mol<\/p>","protected":false},"featured_media":22632,"comment_status":"open","ping_status":"closed","template":"","meta":[],"product_brand":[],"product_cat":[17],"product_tag":[],"class_list":{"0":"post-25131","1":"product","2":"type-product","3":"status-publish","4":"has-post-thumbnail","6":"product_cat-uncategorized","8":"first","9":"instock","10":"shipping-taxable","11":"product-type-simple"},"_links":{"self":[{"href":"https:\/\/chemneo.com\/pt\/wp-json\/wp\/v2\/product\/25131","targetHints":{"allow":["GET"]}}],"collection":[{"href":"https:\/\/chemneo.com\/pt\/wp-json\/wp\/v2\/product"}],"about":[{"href":"https:\/\/chemneo.com\/pt\/wp-json\/wp\/v2\/types\/product"}],"replies":[{"embeddable":true,"href":"https:\/\/chemneo.com\/pt\/wp-json\/wp\/v2\/comments?post=25131"}],"wp:featuredmedia":[{"embeddable":true,"href":"https:\/\/chemneo.com\/pt\/wp-json\/wp\/v2\/media\/22632"}],"wp:attachment":[{"href":"https:\/\/chemneo.com\/pt\/wp-json\/wp\/v2\/media?parent=25131"}],"wp:term":[{"taxonomy":"product_brand","embeddable":true,"href":"https:\/\/chemneo.com\/pt\/wp-json\/wp\/v2\/product_brand?post=25131"},{"taxonomy":"product_cat","embeddable":true,"href":"https:\/\/chemneo.com\/pt\/wp-json\/wp\/v2\/product_cat?post=25131"},{"taxonomy":"product_tag","embeddable":true,"href":"https:\/\/chemneo.com\/pt\/wp-json\/wp\/v2\/product_tag?post=25131"}],"curies":[{"name":"wp","href":"https:\/\/api.w.org\/{rel}","templated":true}]}}