{"id":25135,"date":"2024-12-02T15:44:55","date_gmt":"2024-12-02T07:44:55","guid":{"rendered":"https:\/\/chemneo.com\/product\/25135.html"},"modified":"2024-12-02T15:44:56","modified_gmt":"2024-12-02T07:44:56","slug":"235-trifluoropyridine-2","status":"publish","type":"product","link":"https:\/\/chemneo.com\/pt\/product\/25135.html","title":{"rendered":"2,3,5-Trifluoropiridina"},"content":{"rendered":"<p>Propriedades qu\u00edmicas<\/p>\n<p>                        Ponto de ebuli\u00e7\u00e3o<br \/>\n                        102\u00b0C<\/p>\n<p>                        Densidade\u00a0<br \/>\n                        1,499 g\/cm3<\/p>\n<p>                        \u00edndice de refra\u00e7\u00e3o\u00a0<br \/>\n                        1.422<\/p>\n<p>                        Ponto de inflama\u00e7\u00e3o<br \/>\n                        30\u00b0C<\/p>\n<p>                        storage temp.\u00a0<br \/>\n                        under inert gas (nitrogen or Argon) at 2-8\u00b0C<\/p>\n<p>                        forma\u00a0<br \/>\n                        clear liquid<\/p>\n<p>                        pka<br \/>\n                        -5.28\u00b10.20(Predicted)<\/p>\n<p>                        color\u00a0<br \/>\n                        Colorless to Light yellow<\/p>\n<p>                        Gravidade espec\u00edfica<br \/>\n                        1.499<\/p>\n<p>                        Water Solubility\u00a0<br \/>\n                        Difficult to mix in water.<\/p>\n<p>                        BRN\u00a0<br \/>\n                        6385503<\/p>\n<p>                        CAS DataBase Reference<br \/>\n                        76469-41-5(CAS DataBase Reference)<\/p>","protected":false},"excerpt":{"rendered":"<p>Nome do produto\uff1a2<br \/>3<br \/>5-Trifluoropiridina<br \/>CAS\uff1a76469-41-5<br \/>MFC5H2F3N<br \/>MW\uff1a133.07<br \/>EINECS\uff1a680-886-9<br \/>Ficheiro MOL\uff1a76469-41-5.mol<\/p>","protected":false},"featured_media":22690,"comment_status":"open","ping_status":"closed","template":"","meta":[],"product_brand":[],"product_cat":[17],"product_tag":[],"class_list":{"0":"post-25135","1":"product","2":"type-product","3":"status-publish","4":"has-post-thumbnail","6":"product_cat-uncategorized","8":"first","9":"instock","10":"shipping-taxable","11":"product-type-simple"},"_links":{"self":[{"href":"https:\/\/chemneo.com\/pt\/wp-json\/wp\/v2\/product\/25135","targetHints":{"allow":["GET"]}}],"collection":[{"href":"https:\/\/chemneo.com\/pt\/wp-json\/wp\/v2\/product"}],"about":[{"href":"https:\/\/chemneo.com\/pt\/wp-json\/wp\/v2\/types\/product"}],"replies":[{"embeddable":true,"href":"https:\/\/chemneo.com\/pt\/wp-json\/wp\/v2\/comments?post=25135"}],"wp:featuredmedia":[{"embeddable":true,"href":"https:\/\/chemneo.com\/pt\/wp-json\/wp\/v2\/media\/22690"}],"wp:attachment":[{"href":"https:\/\/chemneo.com\/pt\/wp-json\/wp\/v2\/media?parent=25135"}],"wp:term":[{"taxonomy":"product_brand","embeddable":true,"href":"https:\/\/chemneo.com\/pt\/wp-json\/wp\/v2\/product_brand?post=25135"},{"taxonomy":"product_cat","embeddable":true,"href":"https:\/\/chemneo.com\/pt\/wp-json\/wp\/v2\/product_cat?post=25135"},{"taxonomy":"product_tag","embeddable":true,"href":"https:\/\/chemneo.com\/pt\/wp-json\/wp\/v2\/product_tag?post=25135"}],"curies":[{"name":"wp","href":"https:\/\/api.w.org\/{rel}","templated":true}]}}