{"id":25137,"date":"2024-12-02T15:44:58","date_gmt":"2024-12-02T07:44:58","guid":{"rendered":"https:\/\/chemneo.com\/product\/25137.html"},"modified":"2024-12-02T15:44:59","modified_gmt":"2024-12-02T07:44:59","slug":"2-amino-3-bromo-5-nitropyridine-2","status":"publish","type":"product","link":"https:\/\/chemneo.com\/pt\/product\/25137.html","title":{"rendered":"2-Amino-3-bromo-5-nitropiridina"},"content":{"rendered":"<p>Propriedades qu\u00edmicas<\/p>\n<p>                        Melting point<br \/>\n                        215-219 \u00b0C<\/p>\n<p>                        Ponto de ebuli\u00e7\u00e3o<br \/>\n                        347.3\u00b137.0 \u00b0C(Predicted)<\/p>\n<p>                        Densidade\u00a0<br \/>\n                        1.9128 (rough estimate)<\/p>\n<p>                        \u00edndice de refra\u00e7\u00e3o\u00a0<br \/>\n                        1.6200 (estimate)<\/p>\n<p>                        storage temp.\u00a0<br \/>\n                        Keep in dark place,Inert atmosphere,Room temperature<\/p>\n<p>                        forma\u00a0<br \/>\n                        P\u00f3<\/p>\n<p>                        pka<br \/>\n                        0.06\u00b10.49(Predicted)<\/p>\n<p>                        color\u00a0<br \/>\n                        Beige to orange-brown<\/p>\n<p>                        CAS DataBase Reference<br \/>\n                        15862-31-4(CAS DataBase Reference)<\/p>","protected":false},"excerpt":{"rendered":"<p>Nome do produto: 2-Amino-3-bromo-5-nitropiridina<br \/>CAS\uff1a15862-31-4<br \/>MFC5H4BrN3O2<br \/>MW\uff1a218.01<br \/>EINECS\uff1a689-323-1<br \/>Ficheiro MOL\uff1a15862-31-4.mol<\/p>","protected":false},"featured_media":22702,"comment_status":"open","ping_status":"closed","template":"","meta":[],"product_brand":[],"product_cat":[17],"product_tag":[],"class_list":{"0":"post-25137","1":"product","2":"type-product","3":"status-publish","4":"has-post-thumbnail","6":"product_cat-uncategorized","8":"first","9":"instock","10":"shipping-taxable","11":"product-type-simple"},"_links":{"self":[{"href":"https:\/\/chemneo.com\/pt\/wp-json\/wp\/v2\/product\/25137","targetHints":{"allow":["GET"]}}],"collection":[{"href":"https:\/\/chemneo.com\/pt\/wp-json\/wp\/v2\/product"}],"about":[{"href":"https:\/\/chemneo.com\/pt\/wp-json\/wp\/v2\/types\/product"}],"replies":[{"embeddable":true,"href":"https:\/\/chemneo.com\/pt\/wp-json\/wp\/v2\/comments?post=25137"}],"wp:featuredmedia":[{"embeddable":true,"href":"https:\/\/chemneo.com\/pt\/wp-json\/wp\/v2\/media\/22702"}],"wp:attachment":[{"href":"https:\/\/chemneo.com\/pt\/wp-json\/wp\/v2\/media?parent=25137"}],"wp:term":[{"taxonomy":"product_brand","embeddable":true,"href":"https:\/\/chemneo.com\/pt\/wp-json\/wp\/v2\/product_brand?post=25137"},{"taxonomy":"product_cat","embeddable":true,"href":"https:\/\/chemneo.com\/pt\/wp-json\/wp\/v2\/product_cat?post=25137"},{"taxonomy":"product_tag","embeddable":true,"href":"https:\/\/chemneo.com\/pt\/wp-json\/wp\/v2\/product_tag?post=25137"}],"curies":[{"name":"wp","href":"https:\/\/api.w.org\/{rel}","templated":true}]}}