{"id":25140,"date":"2024-12-02T15:45:02","date_gmt":"2024-12-02T07:45:02","guid":{"rendered":"https:\/\/chemneo.com\/product\/25140.html"},"modified":"2024-12-02T15:45:03","modified_gmt":"2024-12-02T07:45:03","slug":"4-nitropyridine-n-oxide-2","status":"publish","type":"product","link":"https:\/\/chemneo.com\/pt\/product\/25140.html","title":{"rendered":"N-\u00f3xido de 4-nitropiridina"},"content":{"rendered":"<p>Propriedades qu\u00edmicas<\/p>\n<p>                        Melting point<br \/>\n                        159-162 \u00b0C (lit.)<\/p>\n<p>                        Ponto de ebuli\u00e7\u00e3o<br \/>\n                        256.56\u00b0C (rough estimate)<\/p>\n<p>                        Densidade\u00a0<br \/>\n                        1.5657 (rough estimate)<\/p>\n<p>                        \u00edndice de refra\u00e7\u00e3o\u00a0<br \/>\n                        1.4800 (estimate)<\/p>\n<p>                        storage temp.\u00a0<br \/>\n                        Inert atmosphere,Room Temperature<\/p>\n<p>                        solubility\u00a0<br \/>\n                        soluble in DMSO<\/p>\n<p>                        forma\u00a0<br \/>\n                        Crystals or Powder<\/p>\n<p>                        pka<br \/>\n                        -1.37\u00b10.10(Predicted)<\/p>\n<p>                        color\u00a0<br \/>\n                        Yellow to brown<\/p>\n<p>                        Water Solubility\u00a0<br \/>\n                        insoluble<\/p>\n<p>                        BRN\u00a0<br \/>\n                        124331<\/p>\n<p>                        CAS DataBase Reference<br \/>\n                        1124-33-0(CAS DataBase Reference)<\/p>\n<p>                        NIST Chemistry Reference<br \/>\n                        Pyridine-1-oxide, 4-nitro-(1124-33-0)<\/p>\n<p>                        Sistema de Registo de Subst\u00e2ncias da EPA<br \/>\n                        4-Nitropyridine-1-oxide (1124-33-0)<\/p>","protected":false},"excerpt":{"rendered":"<p>Nome do produto: N-\u00f3xido de 4-nitropiridina<br \/>CAS\uff1a1124-33-0<br \/>MFC5H4N2O3<br \/>MW\uff1a140.1<br \/>EINECS\uff1a214-395-4<br \/>Ficheiro MOL\uff1a1124-33-0.mol<\/p>","protected":false},"featured_media":22718,"comment_status":"open","ping_status":"closed","template":"","meta":[],"product_brand":[],"product_cat":[17],"product_tag":[],"class_list":{"0":"post-25140","1":"product","2":"type-product","3":"status-publish","4":"has-post-thumbnail","6":"product_cat-uncategorized","8":"first","9":"instock","10":"shipping-taxable","11":"product-type-simple"},"_links":{"self":[{"href":"https:\/\/chemneo.com\/pt\/wp-json\/wp\/v2\/product\/25140","targetHints":{"allow":["GET"]}}],"collection":[{"href":"https:\/\/chemneo.com\/pt\/wp-json\/wp\/v2\/product"}],"about":[{"href":"https:\/\/chemneo.com\/pt\/wp-json\/wp\/v2\/types\/product"}],"replies":[{"embeddable":true,"href":"https:\/\/chemneo.com\/pt\/wp-json\/wp\/v2\/comments?post=25140"}],"wp:featuredmedia":[{"embeddable":true,"href":"https:\/\/chemneo.com\/pt\/wp-json\/wp\/v2\/media\/22718"}],"wp:attachment":[{"href":"https:\/\/chemneo.com\/pt\/wp-json\/wp\/v2\/media?parent=25140"}],"wp:term":[{"taxonomy":"product_brand","embeddable":true,"href":"https:\/\/chemneo.com\/pt\/wp-json\/wp\/v2\/product_brand?post=25140"},{"taxonomy":"product_cat","embeddable":true,"href":"https:\/\/chemneo.com\/pt\/wp-json\/wp\/v2\/product_cat?post=25140"},{"taxonomy":"product_tag","embeddable":true,"href":"https:\/\/chemneo.com\/pt\/wp-json\/wp\/v2\/product_tag?post=25140"}],"curies":[{"name":"wp","href":"https:\/\/api.w.org\/{rel}","templated":true}]}}