{"id":25241,"date":"2024-12-02T15:47:22","date_gmt":"2024-12-02T07:47:22","guid":{"rendered":"https:\/\/chemneo.com\/product\/25241.html"},"modified":"2024-12-02T15:47:24","modified_gmt":"2024-12-02T07:47:24","slug":"2-amino-4-methoxy-6-methylpyrimidine-2","status":"publish","type":"product","link":"https:\/\/chemneo.com\/pt\/product\/25241.html","title":{"rendered":"2-Amino-4-metoxi-6-metilpirimidina"},"content":{"rendered":"<p>Propriedades qu\u00edmicas<\/p>\n<p>                        Melting point<br \/>\n                        156-158 \u00b0C (lit.)<\/p>\n<p>                        Ponto de ebuli\u00e7\u00e3o<br \/>\n                        255.11\u00b0C (rough estimate)<\/p>\n<p>                        Densidade\u00a0<br \/>\n                        1.2081 (rough estimate)<\/p>\n<p>                        \u00edndice de refra\u00e7\u00e3o\u00a0<br \/>\n                        1.6500 (estimate)<\/p>\n<p>                        solubility\u00a0<br \/>\n                        methanol: soluble1%, clear to very slightly hazy, colorless to yellow<\/p>\n<p>                        forma\u00a0<br \/>\n                        powder to crystal<\/p>\n<p>                        pka<br \/>\n                        6.38\u00b10.10(Predicted)<\/p>\n<p>                        color\u00a0<br \/>\n                        White to Almost white<\/p>\n<p>                        BRN\u00a0<br \/>\n                        121733<\/p>\n<p>                        CAS DataBase Reference<br \/>\n                        7749-47-5(CAS DataBase Reference)<\/p>","protected":false},"excerpt":{"rendered":"<p>Nome do produto\uff1a2-Amino-4-metoxi-6-metilpirimidina<br \/>CAS\uff1a7749-47-5<br \/>MFC6H9N3O<br \/>MW\uff1a139.16<br \/>EINECS\uff1a<br \/>Ficheiro MOL\uff1a7749-47-5.mol<\/p>","protected":false},"featured_media":24610,"comment_status":"open","ping_status":"closed","template":"","meta":[],"product_brand":[],"product_cat":[17],"product_tag":[],"class_list":{"0":"post-25241","1":"product","2":"type-product","3":"status-publish","4":"has-post-thumbnail","6":"product_cat-uncategorized","8":"first","9":"instock","10":"shipping-taxable","11":"product-type-simple"},"_links":{"self":[{"href":"https:\/\/chemneo.com\/pt\/wp-json\/wp\/v2\/product\/25241","targetHints":{"allow":["GET"]}}],"collection":[{"href":"https:\/\/chemneo.com\/pt\/wp-json\/wp\/v2\/product"}],"about":[{"href":"https:\/\/chemneo.com\/pt\/wp-json\/wp\/v2\/types\/product"}],"replies":[{"embeddable":true,"href":"https:\/\/chemneo.com\/pt\/wp-json\/wp\/v2\/comments?post=25241"}],"wp:featuredmedia":[{"embeddable":true,"href":"https:\/\/chemneo.com\/pt\/wp-json\/wp\/v2\/media\/24610"}],"wp:attachment":[{"href":"https:\/\/chemneo.com\/pt\/wp-json\/wp\/v2\/media?parent=25241"}],"wp:term":[{"taxonomy":"product_brand","embeddable":true,"href":"https:\/\/chemneo.com\/pt\/wp-json\/wp\/v2\/product_brand?post=25241"},{"taxonomy":"product_cat","embeddable":true,"href":"https:\/\/chemneo.com\/pt\/wp-json\/wp\/v2\/product_cat?post=25241"},{"taxonomy":"product_tag","embeddable":true,"href":"https:\/\/chemneo.com\/pt\/wp-json\/wp\/v2\/product_tag?post=25241"}],"curies":[{"name":"wp","href":"https:\/\/api.w.org\/{rel}","templated":true}]}}