{"id":25259,"date":"2024-12-02T15:47:47","date_gmt":"2024-12-02T07:47:47","guid":{"rendered":"https:\/\/chemneo.com\/product\/25259.html"},"modified":"2024-12-02T15:47:48","modified_gmt":"2024-12-02T07:47:48","slug":"2-bromo-4-methylpyridine-2","status":"publish","type":"product","link":"https:\/\/chemneo.com\/pt\/product\/25259.html","title":{"rendered":"2-Bromo-4-metilpiridina"},"content":{"rendered":"<p>Propriedades qu\u00edmicas<\/p>\n<p>                        Ponto de ebuli\u00e7\u00e3o<br \/>\n                        87 \u00b0C\/10 mmHg (lit.)<\/p>\n<p>                        Densidade\u00a0<br \/>\n                        1.545 g\/mL at 25 \u00b0C (lit.)<\/p>\n<p>                        \u00edndice de refra\u00e7\u00e3o\u00a0<br \/>\n                        n20\/D 1.561(lit.)<\/p>\n<p>                        Ponto de inflama\u00e7\u00e3o<br \/>\n                        >230\u00a0\u00b0F<\/p>\n<p>                        storage temp.\u00a0<br \/>\n                        Keep in dark place,Sealed in dry,Room Temperature<\/p>\n<p>                        solubility\u00a0<br \/>\n                        Chloroform, Methanol (Slightly)<\/p>\n<p>                        pka<br \/>\n                        1.46\u00b10.10(Predicted)<\/p>\n<p>                        forma\u00a0<br \/>\n                        L\u00edquido<\/p>\n<p>                        color\u00a0<br \/>\n                        Clear yellow<\/p>\n<p>                        Gravidade espec\u00edfica<br \/>\n                        1.545<\/p>\n<p>                        BRN\u00a0<br \/>\n                        107331<\/p>\n<p>                        InChI<br \/>\n                        InChI=1S\/C6H6BrN\/c1-5-2-3-8-6(7)4-5\/h2-4H,1H3<\/p>\n<p>                        InChIKey<br \/>\n                        LSZMVESSGLHDJE-UHFFFAOYSA-N<\/p>\n<p>                        SMILES<br \/>\n                        C1(Br)=NC=CC(C)=C1<\/p>\n<p>                        CAS DataBase Reference<br \/>\n                        4926-28-7(CAS DataBase Reference)<\/p>","protected":false},"excerpt":{"rendered":"<p>Product Name\uff1a2-Bromo-4-methylpyridine<br \/>CAS\uff1a4926-28-7<br \/>MFC6H6BrN<br \/>MW\uff1a172.02<br \/>EINECS\uff1a625-590-2<br \/>MOL File\uff1a4926-28-7.mol<\/p>","protected":false},"featured_media":24646,"comment_status":"open","ping_status":"closed","template":"","meta":[],"product_brand":[],"product_cat":[17],"product_tag":[],"class_list":{"0":"post-25259","1":"product","2":"type-product","3":"status-publish","4":"has-post-thumbnail","6":"product_cat-uncategorized","8":"first","9":"instock","10":"shipping-taxable","11":"product-type-simple"},"_links":{"self":[{"href":"https:\/\/chemneo.com\/pt\/wp-json\/wp\/v2\/product\/25259","targetHints":{"allow":["GET"]}}],"collection":[{"href":"https:\/\/chemneo.com\/pt\/wp-json\/wp\/v2\/product"}],"about":[{"href":"https:\/\/chemneo.com\/pt\/wp-json\/wp\/v2\/types\/product"}],"replies":[{"embeddable":true,"href":"https:\/\/chemneo.com\/pt\/wp-json\/wp\/v2\/comments?post=25259"}],"wp:featuredmedia":[{"embeddable":true,"href":"https:\/\/chemneo.com\/pt\/wp-json\/wp\/v2\/media\/24646"}],"wp:attachment":[{"href":"https:\/\/chemneo.com\/pt\/wp-json\/wp\/v2\/media?parent=25259"}],"wp:term":[{"taxonomy":"product_brand","embeddable":true,"href":"https:\/\/chemneo.com\/pt\/wp-json\/wp\/v2\/product_brand?post=25259"},{"taxonomy":"product_cat","embeddable":true,"href":"https:\/\/chemneo.com\/pt\/wp-json\/wp\/v2\/product_cat?post=25259"},{"taxonomy":"product_tag","embeddable":true,"href":"https:\/\/chemneo.com\/pt\/wp-json\/wp\/v2\/product_tag?post=25259"}],"curies":[{"name":"wp","href":"https:\/\/api.w.org\/{rel}","templated":true}]}}