{"id":25262,"date":"2024-12-02T15:47:52","date_gmt":"2024-12-02T07:47:52","guid":{"rendered":"https:\/\/chemneo.com\/product\/25262.html"},"modified":"2024-12-02T15:47:53","modified_gmt":"2024-12-02T07:47:53","slug":"2-pyridylacetic-acid-hydrochloride-2","status":"publish","type":"product","link":"https:\/\/chemneo.com\/pt\/product\/25262.html","title":{"rendered":"Cloridrato de \u00e1cido 2-piridilac\u00e9tico"},"content":{"rendered":"<p>Propriedades qu\u00edmicas<\/p>\n<p>                        Melting point<br \/>\n                        135\u00a0\u00b0C (dec.)(lit.)<\/p>\n<p>                        storage temp.\u00a0<br \/>\n                        Keep in dark place,Sealed in dry,Room Temperature<\/p>\n<p>                        solubility\u00a0<br \/>\n                        DMSO (Slightly), Ethanol (Slightly), Methanol (Slightly)<\/p>\n<p>                        forma\u00a0<br \/>\n                        Crystalline Powder or Crystals<\/p>\n<p>                        color\u00a0<br \/>\n                        White to beige<\/p>\n<p>                        Water Solubility\u00a0<br \/>\n                        It is soluble in water.<\/p>\n<p>                        Sensitive\u00a0<br \/>\n                        Hygroscopic<\/p>\n<p>                        BRN\u00a0<br \/>\n                        3696607<\/p>\n<p>                        Estabilidade<br \/>\n                        Hygroscopic<\/p>\n<p>                        InChIKey<br \/>\n                        MQVISALTZUNQSK-UHFFFAOYSA-N<\/p>\n<p>                        CAS DataBase Reference<br \/>\n                        16179-97-8(CAS DataBase Reference)<\/p>\n<p>                        Sistema de Registo de Subst\u00e2ncias da EPA<br \/>\n                        2-Pyridineacetic acid hydrochloride (16179-97-8)<\/p>","protected":false},"excerpt":{"rendered":"<p>Product Name\uff1a2-Pyridylacetic acid hydrochloride<br \/>CAS\uff1a16179-97-8<br \/>MFC7H8ClNO2<br \/>MW\uff1a173.6<br \/>EINECS\uff1a240-316-8<br \/>MOL File\uff1a16179-97-8.mol<\/p>","protected":false},"featured_media":24652,"comment_status":"open","ping_status":"closed","template":"","meta":[],"product_brand":[],"product_cat":[17],"product_tag":[],"class_list":{"0":"post-25262","1":"product","2":"type-product","3":"status-publish","4":"has-post-thumbnail","6":"product_cat-uncategorized","8":"first","9":"instock","10":"shipping-taxable","11":"product-type-simple"},"_links":{"self":[{"href":"https:\/\/chemneo.com\/pt\/wp-json\/wp\/v2\/product\/25262","targetHints":{"allow":["GET"]}}],"collection":[{"href":"https:\/\/chemneo.com\/pt\/wp-json\/wp\/v2\/product"}],"about":[{"href":"https:\/\/chemneo.com\/pt\/wp-json\/wp\/v2\/types\/product"}],"replies":[{"embeddable":true,"href":"https:\/\/chemneo.com\/pt\/wp-json\/wp\/v2\/comments?post=25262"}],"wp:featuredmedia":[{"embeddable":true,"href":"https:\/\/chemneo.com\/pt\/wp-json\/wp\/v2\/media\/24652"}],"wp:attachment":[{"href":"https:\/\/chemneo.com\/pt\/wp-json\/wp\/v2\/media?parent=25262"}],"wp:term":[{"taxonomy":"product_brand","embeddable":true,"href":"https:\/\/chemneo.com\/pt\/wp-json\/wp\/v2\/product_brand?post=25262"},{"taxonomy":"product_cat","embeddable":true,"href":"https:\/\/chemneo.com\/pt\/wp-json\/wp\/v2\/product_cat?post=25262"},{"taxonomy":"product_tag","embeddable":true,"href":"https:\/\/chemneo.com\/pt\/wp-json\/wp\/v2\/product_tag?post=25262"}],"curies":[{"name":"wp","href":"https:\/\/api.w.org\/{rel}","templated":true}]}}