{"id":25271,"date":"2024-12-02T15:48:05","date_gmt":"2024-12-02T07:48:05","guid":{"rendered":"https:\/\/chemneo.com\/product\/25271.html"},"modified":"2024-12-02T15:48:06","modified_gmt":"2024-12-02T07:48:06","slug":"deferiprone-2","status":"publish","type":"product","link":"https:\/\/chemneo.com\/pt\/product\/25271.html","title":{"rendered":"Deferiprona"},"content":{"rendered":"<p>Propriedades qu\u00edmicas<\/p>\n<p>                        Melting point<br \/>\n                        272-275 \u00b0C (lit.)<\/p>\n<p>                        Ponto de ebuli\u00e7\u00e3o<br \/>\n                        255.1\u00b0C (rough estimate)<\/p>\n<p>                        Densidade\u00a0<br \/>\n                        1.1997 (rough estimate)<\/p>\n<p>                        \u00edndice de refra\u00e7\u00e3o\u00a0<br \/>\n                        1.4800 (estimate)<\/p>\n<p>                        storage temp.\u00a0<br \/>\n                        2-8\u00b0C<\/p>\n<p>                        solubility\u00a0<br \/>\n                        Soluble in Water (up to 5 mg\/ml with warming).<\/p>\n<p>                        forma\u00a0<br \/>\n                        Crystalline Powder or Needles<\/p>\n<p>                        pka<br \/>\n                        pKa1 3.3, pKa2 9.7(at 25\u2103)<\/p>\n<p>                        color\u00a0<br \/>\n                        White to off-white<\/p>\n<p>                        Water Solubility\u00a0<br \/>\n                        Soluble in hot water<\/p>\n<p>                        Merck\u00a0<br \/>\n                        14,2859<\/p>\n<p>                        Estabilidade<br \/>\n                        Stable for 1 year from date of purchase as supplied. Solutions are not stable and must be prepared fresh daily.<\/p>\n<p>                        InChI<br \/>\n                        InChI=1S\/C7H9NO2\/c1-5-7(10)6(9)3-4-8(5)2\/h3-4,10H,1-2H3<\/p>\n<p>                        InChIKey<br \/>\n                        TZXKOCQBRNJULO-UHFFFAOYSA-N<\/p>\n<p>                        SMILES<br \/>\n                        C1(C)N(C)C=CC(=O)C=1O<\/p>\n<p>                        CAS DataBase Reference<br \/>\n                        30652-11-0(CAS DataBase Reference)<\/p>","protected":false},"excerpt":{"rendered":"<p>Nome do produto\uff1aDeferiprona<br \/>CAS\uff1a30652-11-0<br \/>MFC7H9NO2<br \/>MW\uff1a139.15<br \/>EINECS\uff1a212-783-8<br \/>Ficheiro MOL\uff1a30652-11-0.mol<\/p>","protected":false},"featured_media":24670,"comment_status":"open","ping_status":"closed","template":"","meta":[],"product_brand":[],"product_cat":[17],"product_tag":[],"class_list":{"0":"post-25271","1":"product","2":"type-product","3":"status-publish","4":"has-post-thumbnail","6":"product_cat-uncategorized","8":"first","9":"instock","10":"shipping-taxable","11":"product-type-simple"},"_links":{"self":[{"href":"https:\/\/chemneo.com\/pt\/wp-json\/wp\/v2\/product\/25271","targetHints":{"allow":["GET"]}}],"collection":[{"href":"https:\/\/chemneo.com\/pt\/wp-json\/wp\/v2\/product"}],"about":[{"href":"https:\/\/chemneo.com\/pt\/wp-json\/wp\/v2\/types\/product"}],"replies":[{"embeddable":true,"href":"https:\/\/chemneo.com\/pt\/wp-json\/wp\/v2\/comments?post=25271"}],"wp:featuredmedia":[{"embeddable":true,"href":"https:\/\/chemneo.com\/pt\/wp-json\/wp\/v2\/media\/24670"}],"wp:attachment":[{"href":"https:\/\/chemneo.com\/pt\/wp-json\/wp\/v2\/media?parent=25271"}],"wp:term":[{"taxonomy":"product_brand","embeddable":true,"href":"https:\/\/chemneo.com\/pt\/wp-json\/wp\/v2\/product_brand?post=25271"},{"taxonomy":"product_cat","embeddable":true,"href":"https:\/\/chemneo.com\/pt\/wp-json\/wp\/v2\/product_cat?post=25271"},{"taxonomy":"product_tag","embeddable":true,"href":"https:\/\/chemneo.com\/pt\/wp-json\/wp\/v2\/product_tag?post=25271"}],"curies":[{"name":"wp","href":"https:\/\/api.w.org\/{rel}","templated":true}]}}