{"id":25284,"date":"2024-12-02T15:48:24","date_gmt":"2024-12-02T07:48:24","guid":{"rendered":"https:\/\/chemneo.com\/product\/25284.html"},"modified":"2024-12-02T15:48:25","modified_gmt":"2024-12-02T07:48:25","slug":"4-pyridyl-acetone-2","status":"publish","type":"product","link":"https:\/\/chemneo.com\/pt\/product\/25284.html","title":{"rendered":"4-Piridilacetona"},"content":{"rendered":"<p>Propriedades qu\u00edmicas<\/p>\n<p>                        Melting point<br \/>\n                        13\u00b0C<\/p>\n<p>                        Ponto de ebuli\u00e7\u00e3o<br \/>\n                        143\u00b0C 20mm<\/p>\n<p>                        Densidade\u00a0<br \/>\n                        1.046\u00b10.06 g\/cm3(Predicted)<\/p>\n<p>                        \u00edndice de refra\u00e7\u00e3o\u00a0<br \/>\n                        1.5225<\/p>\n<p>                        Ponto de inflama\u00e7\u00e3o<br \/>\n                        143\u00b0C\/20mm<\/p>\n<p>                        storage temp.\u00a0<br \/>\n                        Inert atmosphere,Room Temperature<\/p>\n<p>                        solubility\u00a0<br \/>\n                        Chloroform (Slightly), Ethyl Acetate (Slightly), Methanol (Slightly)<\/p>\n<p>                        pka<br \/>\n                        4.90\u00b10.10(Predicted)<\/p>\n<p>                        forma\u00a0<br \/>\n                        Oil<\/p>\n<p>                        color\u00a0<br \/>\n                        Light Brown to Brown<\/p>\n<p>                        Water Solubility\u00a0<br \/>\n                        Slightly soluble in water.<\/p>\n<p>                        BRN\u00a0<br \/>\n                        110960<\/p>\n<p>                        InChI<br \/>\n                        InChI=1S\/C8H9NO\/c1-7(10)6-8-2-4-9-5-3-8\/h2-5H,6H2,1H3<\/p>\n<p>                        InChIKey<br \/>\n                        ILRVKOYYFFNXDB-UHFFFAOYSA-N<\/p>\n<p>                        SMILES<br \/>\n                        C(C1C=CN=CC=1)C(=O)C<\/p>\n<p>                        CAS DataBase Reference<br \/>\n                        6304-16-1(CAS DataBase Reference)<\/p>","protected":false},"excerpt":{"rendered":"<p>Nome do produto\uff1a4-piridil acetona<br \/>CAS\uff1a6304-16-1<br \/>MFC8H9NO<br \/>MW\uff1a135.16<br \/>EINECS\uff1a228-605-7<br \/>Ficheiro MOL\uff1a6304-16-1.mol<\/p>","protected":false},"featured_media":24696,"comment_status":"open","ping_status":"closed","template":"","meta":[],"product_brand":[],"product_cat":[17],"product_tag":[],"class_list":{"0":"post-25284","1":"product","2":"type-product","3":"status-publish","4":"has-post-thumbnail","6":"product_cat-uncategorized","8":"first","9":"instock","10":"shipping-taxable","11":"product-type-simple"},"_links":{"self":[{"href":"https:\/\/chemneo.com\/pt\/wp-json\/wp\/v2\/product\/25284","targetHints":{"allow":["GET"]}}],"collection":[{"href":"https:\/\/chemneo.com\/pt\/wp-json\/wp\/v2\/product"}],"about":[{"href":"https:\/\/chemneo.com\/pt\/wp-json\/wp\/v2\/types\/product"}],"replies":[{"embeddable":true,"href":"https:\/\/chemneo.com\/pt\/wp-json\/wp\/v2\/comments?post=25284"}],"wp:featuredmedia":[{"embeddable":true,"href":"https:\/\/chemneo.com\/pt\/wp-json\/wp\/v2\/media\/24696"}],"wp:attachment":[{"href":"https:\/\/chemneo.com\/pt\/wp-json\/wp\/v2\/media?parent=25284"}],"wp:term":[{"taxonomy":"product_brand","embeddable":true,"href":"https:\/\/chemneo.com\/pt\/wp-json\/wp\/v2\/product_brand?post=25284"},{"taxonomy":"product_cat","embeddable":true,"href":"https:\/\/chemneo.com\/pt\/wp-json\/wp\/v2\/product_cat?post=25284"},{"taxonomy":"product_tag","embeddable":true,"href":"https:\/\/chemneo.com\/pt\/wp-json\/wp\/v2\/product_tag?post=25284"}],"curies":[{"name":"wp","href":"https:\/\/api.w.org\/{rel}","templated":true}]}}