{"id":25285,"date":"2024-12-02T15:48:25","date_gmt":"2024-12-02T07:48:25","guid":{"rendered":"https:\/\/chemneo.com\/product\/25285.html"},"modified":"2024-12-02T15:48:27","modified_gmt":"2024-12-02T07:48:27","slug":"2-chloropyridine-n-oxide-2","status":"publish","type":"product","link":"https:\/\/chemneo.com\/pt\/product\/25285.html","title":{"rendered":"N-\u00f3xido de 2-cloropiridina"},"content":{"rendered":"<p>Propriedades qu\u00edmicas<\/p>\n<p>                        Melting point<br \/>\n                        67-70\u00b0C<\/p>\n<p>                        Ponto de ebuli\u00e7\u00e3o<br \/>\n                        168-170C<\/p>\n<p>                        Densidade\u00a0<br \/>\n                        1,209g\/cm<\/p>\n<p>                        \u00edndice de refra\u00e7\u00e3o\u00a0<br \/>\n                        1,531-1,533<\/p>\n<p>                        pka<br \/>\n                        -0.76\u00b10.10(Predicted)<\/p>\n<p>                        Water Solubility\u00a0<br \/>\n                        Insoluble in water.<\/p>\n<p>                        Sensitive\u00a0<br \/>\n                        Moisture Sensitive<\/p>\n<p>                        BRN\u00a0<br \/>\n                        108585<\/p>\n<p>                        CAS DataBase Reference<br \/>\n                        2402-95-1(CAS DataBase Reference)<\/p>","protected":false},"excerpt":{"rendered":"<p>Nome do produto\uff1aN-\u00f3xido de 2-cloropiridina<br \/>CAS\uff1a2402-95-1<br \/>MFC5H4ClNO<br \/>MW\uff1a129.54<br \/>EINECS\uff1a219-284-4<br \/>Ficheiro MOL\uff1a2402-95-1.mol<\/p>","protected":false},"featured_media":24698,"comment_status":"open","ping_status":"closed","template":"","meta":[],"product_brand":[],"product_cat":[17],"product_tag":[],"class_list":{"0":"post-25285","1":"product","2":"type-product","3":"status-publish","4":"has-post-thumbnail","6":"product_cat-uncategorized","8":"first","9":"instock","10":"shipping-taxable","11":"product-type-simple"},"_links":{"self":[{"href":"https:\/\/chemneo.com\/pt\/wp-json\/wp\/v2\/product\/25285","targetHints":{"allow":["GET"]}}],"collection":[{"href":"https:\/\/chemneo.com\/pt\/wp-json\/wp\/v2\/product"}],"about":[{"href":"https:\/\/chemneo.com\/pt\/wp-json\/wp\/v2\/types\/product"}],"replies":[{"embeddable":true,"href":"https:\/\/chemneo.com\/pt\/wp-json\/wp\/v2\/comments?post=25285"}],"wp:featuredmedia":[{"embeddable":true,"href":"https:\/\/chemneo.com\/pt\/wp-json\/wp\/v2\/media\/24698"}],"wp:attachment":[{"href":"https:\/\/chemneo.com\/pt\/wp-json\/wp\/v2\/media?parent=25285"}],"wp:term":[{"taxonomy":"product_brand","embeddable":true,"href":"https:\/\/chemneo.com\/pt\/wp-json\/wp\/v2\/product_brand?post=25285"},{"taxonomy":"product_cat","embeddable":true,"href":"https:\/\/chemneo.com\/pt\/wp-json\/wp\/v2\/product_cat?post=25285"},{"taxonomy":"product_tag","embeddable":true,"href":"https:\/\/chemneo.com\/pt\/wp-json\/wp\/v2\/product_tag?post=25285"}],"curies":[{"name":"wp","href":"https:\/\/api.w.org\/{rel}","templated":true}]}}